{"id":15164,"date":"2025-02-24T22:48:18","date_gmt":"2025-02-24T21:48:18","guid":{"rendered":"https:\/\/staviori.com.pl\/product\/bizuteria-inwestycyjna-pierscionek-pbd5300\/"},"modified":"2026-02-11T00:09:08","modified_gmt":"2026-02-10T23:09:08","slug":"bizuteria-inwestycyjna-pierscionek-pbd5300","status":"publish","type":"product","link":"https:\/\/staviori.com.pl\/cs\/product\/bizuteria-inwestycyjna-pierscionek-pbd5300\/","title":{"rendered":"Exkluzivn\u00ed | kr\u00e1sn\u00fd diamantov\u00fd z\u00e1snubn\u00ed prsten s centr\u00e1ln\u00edm hru\u0161kov\u00fdm diamantem"},"content":{"rendered":"<p>Model: PBD5300<br \/>\nWaga ok. 2,23g<\/p>\n<p>Prsten.<br \/>\nB\u00edl\u00e9 zlato 0,585.<br \/>\n1 Diament, szlif gruszka, o masie 0,23ct., barwa E, czysto\u015b\u0107 VS1.<br \/>\n33 Diamenty, szlif brylantowy, o masie 0,33ct, barwa F-J, czysto\u015b\u0107 VS1-SI2.<br \/>\n14 Diament\u00f3w, szlif brylantowy, o masie 0,07ct, barwa F-G, czysto\u015b\u0107 SI1-SI2.<\/p>\n<p>Dost\u0119pny tylko rozmiar 18<\/p>\n<p>Przepi\u0119kny pier\u015bcionek z diamentem centralnym o szlifie gruszkowym ( PEAR ) oraz 47 brylantami. Niezwyk\u0142y i cudownie b\u0142yszcz\u0105cy, sprawdzi si\u0119 nie tylko jako wspania\u0142y prezent ale r\u00f3wnie\u017c na idealne zar\u0119czyny.<\/p>","protected":false},"excerpt":{"rendered":"<p>Zjawiskowy pier\u015bcionek z bia\u0142ego z\u0142ota pr\u00f3by 0,585, kt\u00f3rego serce stanowi diament w szlifie gruszkowym o masie 0,23 ct. Otoczony a\u017c 47 brylantami o \u0142\u0105cznej masie 0,40 ct, tworzy niezwykle efektown\u0105 i l\u015bni\u0105c\u0105 kompozycj\u0119. Trzy rz\u0119dy diament\u00f3w w kszta\u0142cie \u0142ezki dodaj\u0105 mu kr\u00f3lewskiego uroku i wyj\u0105tkowego blasku. Ten luksusowy model zachwyci ka\u017cd\u0105 kobiet\u0119 i b\u0119dzie idealnym wyborem na zar\u0119czyny lub niezapomniany prezent.<\/p>","protected":false},"featured_media":5575,"comment_status":"closed","ping_status":"closed","template":"","meta":{"om_disable_all_campaigns":false},"product_brand":[2284],"product_cat":[1803,801,6741],"product_tag":[4807,5148,5145,4672,2280,5144,4746,5146,4668,5147],"class_list":{"0":"post-15164","1":"product","2":"type-product","3":"status-publish","4":"has-post-thumbnail","6":"product_brand-staviori","7":"product_cat-brylanty-exclusive","8":"product_cat-pierscionki","9":"product_cat-pierscionki-brylanty-exclusive","10":"product_tag-biale-zloto-585","11":"product_tag-blyszczacy-pierscionek","12":"product_tag-diament-pear","13":"product_tag-elegancki-pierscionek","14":"product_tag-luksusowa-bizuteria","15":"product_tag-pbd5300","16":"product_tag-pierscionek-z-brylantami","17":"product_tag-pierscionek-z-gruszka","18":"product_tag-pierscionek-zareczynowy","19":"product_tag-potrojne-halo","20":"pa_barwa-e-2","21":"pa_czystosc-vs1","22":"pa_kamien-brylanty","23":"pa_kamien-diament-o-szlifie-gruszkowym","24":"pa_kolor-biale","25":"pa_kruszec-zloto","26":"pa_masa-karatowa-023ct","27":"pa_okazja-idealne-na-zareczyny","28":"pa_proba-0-585","29":"pa_rozmiar-2358","30":"pa_waga-220g","32":"first","33":"instock","34":"purchasable","35":"product-type-simple"},"aioseo_notices":[],"_links":{"self":[{"href":"https:\/\/staviori.com.pl\/cs\/wp-json\/wp\/v2\/product\/15164","targetHints":{"allow":["GET"]}}],"collection":[{"href":"https:\/\/staviori.com.pl\/cs\/wp-json\/wp\/v2\/product"}],"about":[{"href":"https:\/\/staviori.com.pl\/cs\/wp-json\/wp\/v2\/types\/product"}],"replies":[{"embeddable":true,"href":"https:\/\/staviori.com.pl\/cs\/wp-json\/wp\/v2\/comments?post=15164"}],"wp:featuredmedia":[{"embeddable":true,"href":"https:\/\/staviori.com.pl\/cs\/wp-json\/wp\/v2\/media\/5575"}],"wp:attachment":[{"href":"https:\/\/staviori.com.pl\/cs\/wp-json\/wp\/v2\/media?parent=15164"}],"wp:term":[{"taxonomy":"product_brand","embeddable":true,"href":"https:\/\/staviori.com.pl\/cs\/wp-json\/wp\/v2\/product_brand?post=15164"},{"taxonomy":"product_cat","embeddable":true,"href":"https:\/\/staviori.com.pl\/cs\/wp-json\/wp\/v2\/product_cat?post=15164"},{"taxonomy":"product_tag","embeddable":true,"href":"https:\/\/staviori.com.pl\/cs\/wp-json\/wp\/v2\/product_tag?post=15164"}],"curies":[{"name":"wp","href":"https:\/\/api.w.org\/{rel}","templated":true}]}}