{"id":15162,"date":"2025-02-24T22:48:18","date_gmt":"2025-02-24T21:48:18","guid":{"rendered":"https:\/\/staviori.com.pl\/product\/bizuteria-inwestycyjna-pierscionek-pbd5200\/"},"modified":"2026-02-11T00:09:08","modified_gmt":"2026-02-10T23:09:08","slug":"bizuteria-inwestycyjna-pierscionek-pbd5200","status":"publish","type":"product","link":"https:\/\/staviori.com.pl\/cs\/product\/bizuteria-inwestycyjna-pierscionek-pbd5200\/","title":{"rendered":"Exkluzivn\u00ed | zasazen\u00ed prstenu pro st\u0159edov\u00fd k\u00e1men s diamanty z 18kar\u00e1tov\u00e9ho zlata"},"content":{"rendered":"<p>Model: PBD5200<br \/>\nHmotnost p\u0159ibli\u017en\u011b 3,50 g<\/p>\n<p>Vazba<br \/>\nB\u00edl\u00e9 zlato 0,750.<br \/>\n22 Diamenty, szlif brylantowy, o masie 0,11ct, barwa G, czysto\u015b\u0107 SI1-SI2.<br \/>\nOprawa &#8211; nie zawiera kamieni centralnych<\/p>\n<p>K dispozici jsou pouze n\u011bkter\u00e9 velikosti - zeptejte se<\/p>\n<p>Przepi\u0119kna oprawa pier\u015bcionka pod kamie\u0144 centralny o masie oko\u0142o 1ct. Mo\u017cemy dobra\u0107 odpowiedni kamie\u0144 wed\u0142ug wytycznych klienta i oprawi\u0107. Mo\u017cliwe oprawienie brylantu, szafiru, rubiny, szmaragdu.<\/p>\n<p>Je\u015bli brak na magazynie &#8211; produkt dost\u0119pny wy\u0142\u0105cznie na zam\u00f3wienie. Termin realizacji oko\u0142o 5 tygodni.<\/p>","protected":false},"excerpt":{"rendered":"<p>Ol\u015bniewaj\u0105ca oprawa pier\u015bcionka wykonana z 18-karatowego bia\u0142ego z\u0142ota, ozdobiona 22 l\u015bni\u0105cymi diamentami o szlifie brylantowym. Delikatny, a zarazem luksusowy design idealnie podkre\u015bla kamie\u0144 centralny o masie oko\u0142o 1ct. Mo\u017cliwo\u015b\u0107 osadzenia wybranego kamienia \u2013 brylantu, szafiru, rubinu lub szmaragdu \u2013 sprawia, \u017ce ten model staje si\u0119 wyj\u0105tkow\u0105 baz\u0105 dla personalizowanej bi\u017cuterii. Doskona\u0142y wyb\u00f3r dla os\u00f3b szukaj\u0105cych niepowtarzalnego pier\u015bcionka zar\u0119czynowego lub wyj\u0105tkowego prezentu.<\/p>","protected":false},"featured_media":5559,"comment_status":"closed","ping_status":"closed","template":"","meta":{"om_disable_all_campaigns":false},"product_brand":[2284],"product_cat":[1803,801,6741],"product_tag":[2658,5137,5135,5131,5133,5134,5132,5136,5130],"class_list":{"0":"post-15162","1":"product","2":"type-product","3":"status-publish","4":"has-post-thumbnail","6":"product_brand-staviori","7":"product_cat-brylanty-exclusive","8":"product_cat-pierscionki","9":"product_cat-pierscionki-brylanty-exclusive","10":"product_tag-biale-zloto-750","11":"product_tag-ddr4291","12":"product_tag-luksusowa-oprawa","13":"product_tag-oprawa-na-diament","14":"product_tag-oprawa-na-kamien-1ct","15":"product_tag-oprawa-pierscionka-zareczynowego","16":"product_tag-oprawa-pod-szafir","17":"product_tag-pierscionek-bez-kamienia-centralnego","18":"product_tag-pierscionek-z-oprawa","19":"pa_barwa-g-2","20":"pa_czystosc-si1","21":"pa_dostawca-draco","22":"pa_kamien-diamenty","23":"pa_kolor-biale","24":"pa_kruszec-zloto","25":"pa_proba-0-750","26":"pa_rozmiar-2354","27":"pa_waga-350g","29":"first","30":"instock","31":"sold-individually","32":"purchasable","33":"product-type-simple"},"aioseo_notices":[],"_links":{"self":[{"href":"https:\/\/staviori.com.pl\/cs\/wp-json\/wp\/v2\/product\/15162","targetHints":{"allow":["GET"]}}],"collection":[{"href":"https:\/\/staviori.com.pl\/cs\/wp-json\/wp\/v2\/product"}],"about":[{"href":"https:\/\/staviori.com.pl\/cs\/wp-json\/wp\/v2\/types\/product"}],"replies":[{"embeddable":true,"href":"https:\/\/staviori.com.pl\/cs\/wp-json\/wp\/v2\/comments?post=15162"}],"wp:featuredmedia":[{"embeddable":true,"href":"https:\/\/staviori.com.pl\/cs\/wp-json\/wp\/v2\/media\/5559"}],"wp:attachment":[{"href":"https:\/\/staviori.com.pl\/cs\/wp-json\/wp\/v2\/media?parent=15162"}],"wp:term":[{"taxonomy":"product_brand","embeddable":true,"href":"https:\/\/staviori.com.pl\/cs\/wp-json\/wp\/v2\/product_brand?post=15162"},{"taxonomy":"product_cat","embeddable":true,"href":"https:\/\/staviori.com.pl\/cs\/wp-json\/wp\/v2\/product_cat?post=15162"},{"taxonomy":"product_tag","embeddable":true,"href":"https:\/\/staviori.com.pl\/cs\/wp-json\/wp\/v2\/product_tag?post=15162"}],"curies":[{"name":"wp","href":"https:\/\/api.w.org\/{rel}","templated":true}]}}