{"id":15156,"date":"2025-02-24T22:48:12","date_gmt":"2025-02-24T21:48:12","guid":{"rendered":"https:\/\/staviori.com.pl\/product\/bizuteria-inwestycyjna-pierscionek-pbd4433\/"},"modified":"2026-02-11T00:09:08","modified_gmt":"2026-02-10T23:09:08","slug":"bizuteria-inwestycyjna-pierscionek-pbd4433","status":"publish","type":"product","link":"https:\/\/staviori.com.pl\/cs\/product\/bizuteria-inwestycyjna-pierscionek-pbd4433\/","title":{"rendered":"Exkluzivn\u00ed | centr\u00e1ln\u00ed diamant a princeznovsk\u00e9 diamanty v kr\u00e1sn\u00e9m z\u00e1snubn\u00edm prstenu"},"content":{"rendered":"<p>Model: PBD4433<br \/>\nHmotnost p\u0159ibli\u017en\u011b 3,50 g<\/p>\n<p>Prsten.<br \/>\nB\u00edl\u00e9 zlato 0,750.<br \/>\n1 Diament, szlif brylantowy, o masie 0,24ct., barwa G, czysto\u015b\u0107 SI1.<br \/>\n16 Diament\u00f3w, szlif princessa, o masie 0,86ct., barwa G-H, czysto\u015b\u0107 SI1.<\/p>\n<p>\u015arednica korony ok. 4.02 mm.<br \/>\nWysoko\u015b\u0107 6.4 mm.<br \/>\nSzeroko\u015b\u0107 obr\u0105czki ok. 2.6 mm.<\/p>\n<p>Z\u00e1snubn\u00ed prsten<br \/>\nV\u00fdrobek v libovoln\u00e9 velikosti, dostupn\u00fd pouze na vy\u017e\u00e1d\u00e1n\u00ed, doba dod\u00e1n\u00ed cca 5 t\u00fddn\u016f.<\/p>","protected":false},"excerpt":{"rendered":"<p>\u00da\u017easn\u00fd z\u00e1snubn\u00ed prsten z b\u00edl\u00e9ho zlata 0,750, kter\u00fd kombinuje klasiku s modern\u00edm leskem. Centr\u00e1ln\u00ed diamant o v\u00e1ze 0,24 ct je obklopen 16 men\u0161\u00edmi kameny princeznovsk\u00e9ho brusu o celkov\u00e9 v\u00e1ze 0,86 ct. Jejich precizn\u00ed zasazen\u00ed do prstenu dod\u00e1v\u00e1 cel\u00e9mu \u0161perku eleganci a v\u00fdjime\u010dn\u00fd lesk. Jedn\u00e1 se o sofistikovanou volbu pro \u017eenu, kter\u00e1 ocen\u00ed nad\u010dasovou kr\u00e1su a luxusn\u00ed detaily.<\/p>","protected":false},"featured_media":5499,"comment_status":"closed","ping_status":"closed","template":"","meta":{"om_disable_all_campaigns":false},"product_brand":[2284],"product_cat":[1803,801,6741],"product_tag":[5059,3781,5062,5054,5056,4672,4909,3837,5061,2280,3747,5064,5055,4767,5057,5060,5058,4682,5063],"class_list":{"0":"post-15156","1":"product","2":"type-product","3":"status-publish","4":"has-post-thumbnail","6":"product_brand-staviori","7":"product_cat-brylanty-exclusive","8":"product_cat-pierscionki","9":"product_cat-pierscionki-brylanty-exclusive","10":"product_tag-0-24ct-diamond","11":"product_tag-bile-zlato","12":"product_tag-briliant-0-24ct","13":"product_tag-ddr0687","14":"product_tag-diament-0-24ct","15":"product_tag-elegancki-pierscionek","16":"product_tag-elegant-ring","17":"product_tag-elegantni-sperky","18":"product_tag-engagement-gift","19":"product_tag-luksusowa-bizuteria","20":"product_tag-luxury-jewelry","21":"product_tag-luxusni-prsten","22":"product_tag-pbd4433","23":"product_tag-pierscionek-z-bialego-zlota","24":"product_tag-princess-cut","25":"product_tag-princess-cut-diamonds","26":"product_tag-white-gold-ring","27":"product_tag-zareczyny","28":"product_tag-zasnubni-sperk","29":"pa_barwa-g-2","30":"pa_czystosc-si1","31":"pa_dostawca-draco","32":"pa_kamien-brylant","33":"pa_kamien-diamenty-princessa","34":"pa_kolor-biale","35":"pa_kruszec-zloto","36":"pa_masa-karatowa-024ct","37":"pa_proba-0-750","38":"pa_srednica-korony-ok-4-02mm","39":"pa_waga-350g","40":"pa_wysokosc-6-4mm","42":"first","43":"onbackorder","44":"purchasable","45":"product-type-simple"},"aioseo_notices":[],"_links":{"self":[{"href":"https:\/\/staviori.com.pl\/cs\/wp-json\/wp\/v2\/product\/15156","targetHints":{"allow":["GET"]}}],"collection":[{"href":"https:\/\/staviori.com.pl\/cs\/wp-json\/wp\/v2\/product"}],"about":[{"href":"https:\/\/staviori.com.pl\/cs\/wp-json\/wp\/v2\/types\/product"}],"replies":[{"embeddable":true,"href":"https:\/\/staviori.com.pl\/cs\/wp-json\/wp\/v2\/comments?post=15156"}],"wp:featuredmedia":[{"embeddable":true,"href":"https:\/\/staviori.com.pl\/cs\/wp-json\/wp\/v2\/media\/5499"}],"wp:attachment":[{"href":"https:\/\/staviori.com.pl\/cs\/wp-json\/wp\/v2\/media?parent=15156"}],"wp:term":[{"taxonomy":"product_brand","embeddable":true,"href":"https:\/\/staviori.com.pl\/cs\/wp-json\/wp\/v2\/product_brand?post=15156"},{"taxonomy":"product_cat","embeddable":true,"href":"https:\/\/staviori.com.pl\/cs\/wp-json\/wp\/v2\/product_cat?post=15156"},{"taxonomy":"product_tag","embeddable":true,"href":"https:\/\/staviori.com.pl\/cs\/wp-json\/wp\/v2\/product_tag?post=15156"}],"curies":[{"name":"wp","href":"https:\/\/api.w.org\/{rel}","templated":true}]}}