{"id":15155,"date":"2025-02-24T22:48:12","date_gmt":"2025-02-24T21:48:12","guid":{"rendered":"https:\/\/staviori.com.pl\/product\/bizuteria-inwestycyjna-pierscionek-pbd4432\/"},"modified":"2026-02-11T00:09:08","modified_gmt":"2026-02-10T23:09:08","slug":"bizuteria-inwestycyjna-pierscionek-pbd4432","status":"publish","type":"product","link":"https:\/\/staviori.com.pl\/cs\/product\/bizuteria-inwestycyjna-pierscionek-pbd4432\/","title":{"rendered":"Exkluzivn\u00ed | mimo\u0159\u00e1dn\u00fd velk\u00fd prsten s v\u00edce ne\u017e 250 diamanty v 18kar\u00e1tov\u00e9m zlat\u011b"},"content":{"rendered":"<p>Model: PBD4432<br \/>\nHmotnost p\u0159ibli\u017en\u011b 11,50 g<\/p>\n<p>Prsten.<br \/>\nB\u00edl\u00e9 zlato 0,750.<br \/>\n257 diamant\u016f, briliantov\u00fd brus, hmotnost cca 6,92ct, barva G-H, \u010distota SI1.<\/p>\n<p>Korunka 27\u00d722 mm.<br \/>\nV\u00fd\u0161ka 11 mm.<br \/>\n\u0160\u00ed\u0159ka prstenu je p\u0159ibli\u017en\u011b 5,5 mm.<\/p>\n<p>V\u00fdrobek v libovoln\u00e9 velikosti, dostupn\u00fd pouze na vy\u017e\u00e1d\u00e1n\u00ed, doba dod\u00e1n\u00ed cca 5 t\u00fddn\u016f.<\/p>","protected":false},"excerpt":{"rendered":"<p>Velkolep\u00fd prsten z b\u00edl\u00e9ho zlata 0,750, kter\u00fd ohromuje svou velkolepost\u00ed a leskem. Impozantn\u00ed korunka o rozm\u011brech 27 \u00d7 22 mm je os\u00e1zena a\u017e 257 diamanty o celkov\u00e9 hmotnosti 6,92 ct, kter\u00e9 vytv\u00e1\u0159ej\u00ed jisk\u0159iv\u00fd efekt sv\u011bteln\u00e9ho listu. Neobvykl\u00fd designov\u00fd tvar a dokonal\u00e9 zpracov\u00e1n\u00ed \u010din\u00ed z tohoto modelu kvintesenci luxusu a v\u00fdrazn\u00e9 elegance. Ide\u00e1ln\u00ed volba pro \u017eeny, kter\u00e9 tou\u017e\u00ed po \u0161perku s charakterem.<\/p>","protected":false},"featured_media":19666,"comment_status":"closed","ping_status":"closed","template":"","meta":{"om_disable_all_campaigns":false},"product_brand":[2284],"product_cat":[1803,6741,801],"product_tag":[5067,5068,2278,5051,5013,4754,4963,5071,2555,5069,4713,5070,4042,5045,5049,5066,5043,5072,5047],"class_list":{"0":"post-15155","1":"product","2":"type-product","3":"status-publish","4":"has-post-thumbnail","6":"product_brand-staviori","7":"product_cat-brylanty-exclusive","8":"product_cat-pierscionki-brylanty-exclusive","9":"product_cat-pierscionki","10":"product_tag-6-92ct-diamenty","11":"product_tag-6-92ct-diamonds","12":"product_tag-biale-zloto-18k","13":"product_tag-bile-zlato-18k","14":"product_tag-designer-ring","15":"product_tag-designerski-pierscionek","16":"product_tag-designovy-sperk","17":"product_tag-diamanty-6-92ct","18":"product_tag-ekskluzywna-bizuteria","19":"product_tag-exclusive-jewelry","20":"product_tag-luksusowy-pierscionek","21":"product_tag-luxury-statement-ring","22":"product_tag-luxusni-sperk","23":"product_tag-pave-diamond-ring","24":"product_tag-pave-prsten","25":"product_tag-pbd4432","26":"product_tag-pierscionek-pave","27":"product_tag-vyjimecny-prsten","28":"product_tag-white-gold-18k","29":"pa_barwa-g-h","30":"pa_czystosc-si1","31":"pa_dostawca-draco","32":"pa_kamien-diamenty","33":"pa_kamien-brylanty","34":"pa_kolor-biale","35":"pa_korona-27x22mm","36":"pa_kruszec-zloto","37":"pa_proba-0-750","38":"pa_waga-1150g","39":"pa_wysokosc-11mm","41":"first","42":"onbackorder","43":"purchasable","44":"product-type-simple"},"aioseo_notices":[],"_links":{"self":[{"href":"https:\/\/staviori.com.pl\/cs\/wp-json\/wp\/v2\/product\/15155","targetHints":{"allow":["GET"]}}],"collection":[{"href":"https:\/\/staviori.com.pl\/cs\/wp-json\/wp\/v2\/product"}],"about":[{"href":"https:\/\/staviori.com.pl\/cs\/wp-json\/wp\/v2\/types\/product"}],"replies":[{"embeddable":true,"href":"https:\/\/staviori.com.pl\/cs\/wp-json\/wp\/v2\/comments?post=15155"}],"wp:featuredmedia":[{"embeddable":true,"href":"https:\/\/staviori.com.pl\/cs\/wp-json\/wp\/v2\/media\/19666"}],"wp:attachment":[{"href":"https:\/\/staviori.com.pl\/cs\/wp-json\/wp\/v2\/media?parent=15155"}],"wp:term":[{"taxonomy":"product_brand","embeddable":true,"href":"https:\/\/staviori.com.pl\/cs\/wp-json\/wp\/v2\/product_brand?post=15155"},{"taxonomy":"product_cat","embeddable":true,"href":"https:\/\/staviori.com.pl\/cs\/wp-json\/wp\/v2\/product_cat?post=15155"},{"taxonomy":"product_tag","embeddable":true,"href":"https:\/\/staviori.com.pl\/cs\/wp-json\/wp\/v2\/product_tag?post=15155"}],"curies":[{"name":"wp","href":"https:\/\/api.w.org\/{rel}","templated":true}]}}