{"id":15152,"date":"2025-02-24T22:48:12","date_gmt":"2025-02-24T21:48:12","guid":{"rendered":"https:\/\/staviori.com.pl\/product\/bizuteria-inwestycyjna-pierscionek-pbd4411\/"},"modified":"2026-02-11T00:09:07","modified_gmt":"2026-02-10T23:09:07","slug":"bizuteria-inwestycyjna-pierscionek-pbd4411","status":"publish","type":"product","link":"https:\/\/staviori.com.pl\/cs\/product\/bizuteria-inwestycyjna-pierscionek-pbd4411\/","title":{"rendered":"Exkluzivn\u00ed | klasick\u00e9 z\u00e1snuby 1ct v b\u00edl\u00e9m zlat\u011b 0.750"},"content":{"rendered":"<p>Model: PBD4411<br \/>\nHmotnost p\u0159ibli\u017en\u011b 3,90 g<\/p>\n<p>Prsten.<br \/>\nB\u00edl\u00e9 zlato 0,750.<br \/>\n1 diamant, briliantov\u00fd brus, hmotnost 1,00ct, barva H, \u010distota SI.<\/p>\n<p>Pr\u016fm\u011br korunky cca 8,1 mm.<br \/>\nV\u00fd\u0161ka 6,7 mm.<br \/>\n\u0160\u00ed\u0159ka krou\u017eku je p\u0159ibli\u017en\u011b 1,7 mm.<\/p>\n<p>Mezin\u00e1rodn\u00ed certifik\u00e1t<br \/>\nK dispozici na individu\u00e1ln\u00ed objedn\u00e1vku v jak\u00e9koli velikosti s jak\u00fdmkoli jin\u00fdm diamantem.<br \/>\nDoba dod\u00e1n\u00ed p\u0159ibli\u017en\u011b jeden t\u00fdden.<\/p>","protected":false},"excerpt":{"rendered":"<p>\u00dachvatn\u00fd z\u00e1snubn\u00ed prsten v klasick\u00e9m stylu Tiffany, vyroben\u00fd z exkluzivn\u00edho b\u00edl\u00e9ho zlata o ryzosti 0,750. Uprost\u0159ed kompozice je zasazen p\u016fsobiv\u00fd diamant o hmotnosti 1,00 ct, barv\u011b H a \u010distot\u011b SI1 - zasazen\u00fd do elegantn\u00ed korunky se \u0161esti kameny, kter\u00e1 pln\u011b odhaluje jeho lesk. \u0160t\u00edhl\u00fd prsten dokonale vyva\u017euje velikost diamantu a vytv\u00e1\u0159\u00ed harmonick\u00fd a luxusn\u00ed design. V\u00fdrobek m\u00e1 mezin\u00e1rodn\u00ed certifik\u00e1t kvality. Prsten pro ty, kte\u0159\u00ed hledaj\u00ed symbol l\u00e1sky bez kompromis\u016f.<\/p>","protected":false},"featured_media":5451,"comment_status":"closed","ping_status":"closed","template":"","meta":{"om_disable_all_campaigns":false},"product_brand":[2284],"product_cat":[1803,801,6741],"product_tag":[5026,2337,2278,5027,4673,2280,4869,4668,5025,5028],"class_list":{"0":"post-15152","1":"product","2":"type-product","3":"status-publish","4":"has-post-thumbnail","6":"product_brand-staviori","7":"product_cat-brylanty-exclusive","8":"product_cat-pierscionki","9":"product_cat-pierscionki-brylanty-exclusive","10":"product_tag-1-ct-diament","11":"product_tag-2337","12":"product_tag-biale-zloto-18k","13":"product_tag-certyfikowany-diament","14":"product_tag-klasyczny-pierscionek","15":"product_tag-luksusowa-bizuteria","16":"product_tag-pierscionek-z-brylantem","17":"product_tag-pierscionek-zareczynowy","18":"product_tag-styl-tiffany","19":"product_tag-szesc-lapek","20":"pa_barwa-h-2","21":"pa_czystosc-si1-si2","22":"pa_dostawca-estrella","23":"pa_kamien-brylant","24":"pa_kolor-biale","25":"pa_kruszec-zloto","26":"pa_proba-0-750","27":"pa_srednica-korony-ok-8-1mm","28":"pa_waga-390g","29":"pa_wysokosc-6-7mm","31":"first","32":"onbackorder","33":"purchasable","34":"product-type-simple"},"aioseo_notices":[],"_links":{"self":[{"href":"https:\/\/staviori.com.pl\/cs\/wp-json\/wp\/v2\/product\/15152","targetHints":{"allow":["GET"]}}],"collection":[{"href":"https:\/\/staviori.com.pl\/cs\/wp-json\/wp\/v2\/product"}],"about":[{"href":"https:\/\/staviori.com.pl\/cs\/wp-json\/wp\/v2\/types\/product"}],"replies":[{"embeddable":true,"href":"https:\/\/staviori.com.pl\/cs\/wp-json\/wp\/v2\/comments?post=15152"}],"wp:featuredmedia":[{"embeddable":true,"href":"https:\/\/staviori.com.pl\/cs\/wp-json\/wp\/v2\/media\/5451"}],"wp:attachment":[{"href":"https:\/\/staviori.com.pl\/cs\/wp-json\/wp\/v2\/media?parent=15152"}],"wp:term":[{"taxonomy":"product_brand","embeddable":true,"href":"https:\/\/staviori.com.pl\/cs\/wp-json\/wp\/v2\/product_brand?post=15152"},{"taxonomy":"product_cat","embeddable":true,"href":"https:\/\/staviori.com.pl\/cs\/wp-json\/wp\/v2\/product_cat?post=15152"},{"taxonomy":"product_tag","embeddable":true,"href":"https:\/\/staviori.com.pl\/cs\/wp-json\/wp\/v2\/product_tag?post=15152"}],"curies":[{"name":"wp","href":"https:\/\/api.w.org\/{rel}","templated":true}]}}