{"id":15150,"date":"2025-02-24T22:48:12","date_gmt":"2025-02-24T21:48:12","guid":{"rendered":"https:\/\/staviori.com.pl\/product\/pierscionek-z-diamentem-pbd4409\/"},"modified":"2026-02-11T00:09:07","modified_gmt":"2026-02-10T23:09:07","slug":"pierscionek-z-diamentem-pbd4409","status":"publish","type":"product","link":"https:\/\/staviori.com.pl\/cs\/product\/pierscionek-z-diamentem-pbd4409\/","title":{"rendered":"Exkluzivn\u00ed | klasick\u00fd z\u00e1snubn\u00ed prsten s 0,25ct diamantem z b\u00edl\u00e9ho zlata ryzosti 0,750"},"content":{"rendered":"<p>Model: PBD4409<br \/>\nHmotnost p\u0159ibli\u017en\u011b 2,65 g<\/p>\n<p>Prsten.<br \/>\nB\u00edl\u00e9 zlato 0,750.<br \/>\n1 diamant, briliantov\u00fd brus, hmotnost 0,25ct, barva G, \u010distota SI.<\/p>\n<p>Pr\u016fm\u011br korunky cca 4,9 mm.<br \/>\nV\u00fd\u0161ka 4,6 mm.<br \/>\n\u0160\u00ed\u0159ka krou\u017eku je p\u0159ibli\u017en\u011b 1,8 mm.<\/p>\n<p>Z\u00e1snubn\u00ed prsten<br \/>\nK dispozici na objedn\u00e1vku - doba dod\u00e1n\u00ed p\u0159ibli\u017en\u011b 1 t\u00fdden.<\/p>\n<p>Nab\u00eddka pro ty, kte\u0159\u00ed maj\u00ed r\u00e1di klasiku v t\u00e9 nejlep\u0161\u00ed podob\u011b. Prsten je vyroben z velmi m\u00f3dn\u00edho 18kar\u00e1tov\u00e9ho b\u00edl\u00e9ho zlata. \u0160estiramenn\u00e1 korunka byla dokonale navr\u017eena tak, aby pevn\u011b a bezpe\u010dn\u011b dr\u017eela 0,25ct diamant. Tento v\u00fdrobek je nejlep\u0161\u00ed volbou jak pro z\u00e1snubn\u00ed d\u00e1rek, tak pro jakoukoli jinou p\u0159\u00edle\u017eitost. V\u017edy perfektn\u011b poslou\u017e\u00ed k projeven\u00ed va\u0161\u00ed l\u00e1sky.<\/p>","protected":false},"excerpt":{"rendered":"<p>Klasick\u00fd z\u00e1snubn\u00ed prsten z b\u00edl\u00e9ho zlata 0.750, kter\u00fd zaujme nad\u010dasov\u00fdm tvarem a vynikaj\u00edc\u00edm zpracov\u00e1n\u00edm. Ve st\u0159edu prstenu je zasazen briliant o hmotnosti 0,25 ct, kter\u00fd je or\u00e1mov\u00e1n elegantn\u00ed \u0161estihrannou korunkou - pro pln\u00e9 vyniknut\u00ed lesku a bezpe\u010dn\u00e9 uchycen\u00ed. \u0160t\u00edhl\u00fd prsten decentn\u011b dopl\u0148uje celek a vytv\u00e1\u0159\u00ed tak prsten ide\u00e1ln\u00ed pro z\u00e1snuby, v\u00fdro\u010d\u00ed nebo jako symbol up\u0159\u00edmn\u00e9 n\u00e1klonnosti. Luxus v klasick\u00e9m zasazen\u00ed pro ty nejn\u00e1ro\u010dn\u011bj\u0161\u00ed.<\/p>","protected":false},"featured_media":5423,"comment_status":"closed","ping_status":"closed","template":"","meta":{"om_disable_all_campaigns":false},"product_brand":[2284],"product_cat":[1803,1838,2182,6741,801],"product_tag":[2337,2278,4352,5022,4993,2317,4673,4317,4668,5023],"class_list":{"0":"post-15150","1":"product","2":"type-product","3":"status-publish","4":"has-post-thumbnail","6":"product_brand-staviori","7":"product_cat-brylanty-exclusive","8":"product_cat-diamenty","9":"product_cat-pierscionek-z-diamentem","10":"product_cat-pierscionki-brylanty-exclusive","11":"product_cat-pierscionki","12":"product_tag-2337","13":"product_tag-biale-zloto-18k","14":"product_tag-bizuteria-slubna","15":"product_tag-brylant-0-25ct","16":"product_tag-diamentowy-pierscionek","17":"product_tag-elegancka-bizuteria","18":"product_tag-klasyczny-pierscionek","19":"product_tag-luksusowy-prezent","20":"product_tag-pierscionek-zareczynowy","21":"product_tag-szescioramienny-szaton","22":"pa_barwa-g-2","23":"pa_czystosc-si1","24":"pa_dostawca-estrella","25":"pa_kamien-brylant","26":"pa_kolor-biale","27":"pa_kruszec-zloto","28":"pa_okazja-idealne-na-zareczyny","29":"pa_proba-0-750","30":"pa_srednica-korony-ok-4-9mm","31":"pa_waga-265g","32":"pa_wysokosc-4-6mm","34":"first","35":"onbackorder","36":"purchasable","37":"product-type-simple"},"aioseo_notices":[],"_links":{"self":[{"href":"https:\/\/staviori.com.pl\/cs\/wp-json\/wp\/v2\/product\/15150","targetHints":{"allow":["GET"]}}],"collection":[{"href":"https:\/\/staviori.com.pl\/cs\/wp-json\/wp\/v2\/product"}],"about":[{"href":"https:\/\/staviori.com.pl\/cs\/wp-json\/wp\/v2\/types\/product"}],"replies":[{"embeddable":true,"href":"https:\/\/staviori.com.pl\/cs\/wp-json\/wp\/v2\/comments?post=15150"}],"wp:featuredmedia":[{"embeddable":true,"href":"https:\/\/staviori.com.pl\/cs\/wp-json\/wp\/v2\/media\/5423"}],"wp:attachment":[{"href":"https:\/\/staviori.com.pl\/cs\/wp-json\/wp\/v2\/media?parent=15150"}],"wp:term":[{"taxonomy":"product_brand","embeddable":true,"href":"https:\/\/staviori.com.pl\/cs\/wp-json\/wp\/v2\/product_brand?post=15150"},{"taxonomy":"product_cat","embeddable":true,"href":"https:\/\/staviori.com.pl\/cs\/wp-json\/wp\/v2\/product_cat?post=15150"},{"taxonomy":"product_tag","embeddable":true,"href":"https:\/\/staviori.com.pl\/cs\/wp-json\/wp\/v2\/product_tag?post=15150"}],"curies":[{"name":"wp","href":"https:\/\/api.w.org\/{rel}","templated":true}]}}