{"id":15144,"date":"2025-02-24T22:48:12","date_gmt":"2025-02-24T21:48:12","guid":{"rendered":"https:\/\/staviori.com.pl\/product\/pierscionek-z-diamentem-pbd4203\/"},"modified":"2026-02-11T00:09:07","modified_gmt":"2026-02-10T23:09:07","slug":"pierscionek-z-diamentem-pbd4203","status":"publish","type":"product","link":"https:\/\/staviori.com.pl\/cs\/product\/pierscionek-z-diamentem-pbd4203\/","title":{"rendered":"prsten - ma\u0161le z b\u00edl\u00e9ho zlata s diamantem"},"content":{"rendered":"<p>Model: PBD4203<br \/>\nHmotnost p\u0159ibli\u017en\u011b 1,75 g<\/p>\n<p>Prsten.<br \/>\nB\u00edl\u00e9 zlato 0,585.<br \/>\n1 Diament, szlif brylantowy, o masie 0,005ct, barwa G, czysto\u015b\u0107 SI1.<\/p>\n<p>\u015arednica korony ok. 5&#215;17 mm.<\/p>\n<p>K dispozici jsou pouze n\u011bkter\u00e9 velikosti - zeptejte se<br \/>\nW przypadku braku na magazynie &#8211; produkt dost\u0119pny na zam\u00f3wienie w terminie oko\u0142o 2 tygodni.<\/p>","protected":false},"excerpt":{"rendered":"<p>Uroczy pier\u015bcionek z bia\u0142ego z\u0142ota z subteln\u0105 kokardk\u0105, kt\u00f3ra symbolizuje delikatno\u015b\u0107, kobieco\u015b\u0107 i wyj\u0105tkowe przywi\u0105zanie. Cieniutki brylancik o masie 0,005 ct dodaje mu szlachetnego blasku, nie przyt\u0142aczaj\u0105c formy. Projekt zachwyca lekko\u015bci\u0105 i wdzi\u0119kiem \u2013 doskona\u0142y jako prezent z serca lub wyj\u0105tkowy dodatek do codziennej stylizacji. <\/p>","protected":false},"featured_media":5374,"comment_status":"closed","ping_status":"closed","template":"","meta":{"om_disable_all_campaigns":false},"product_brand":[2284],"product_cat":[1838,2182,801],"product_tag":[2308,2704,2565,3722,3164,4108,2291,4687,5018],"class_list":{"0":"post-15144","1":"product","2":"type-product","3":"status-publish","4":"has-post-thumbnail","6":"product_brand-staviori","7":"product_cat-diamenty","8":"product_cat-pierscionek-z-diamentem","9":"product_cat-pierscionki","10":"product_tag-biale-zloto","11":"product_tag-bizuteria-minimalistyczna","12":"product_tag-delikatna-bizuteria","13":"product_tag-diament","14":"product_tag-kokardka","15":"product_tag-pierscionek","16":"product_tag-prezent-dla-niej","17":"product_tag-romantyczny-pierscionek","18":"product_tag-zloty-pierscionek","19":"pa_barwa-g-2","20":"pa_czystosc-si1","21":"pa_dostawca-iza","22":"pa_kamien-diament","23":"pa_kolor-biale","24":"pa_kruszec-zloto","25":"pa_motyw-kokardka","26":"pa_proba-0-585","27":"pa_rozmiar-2351","28":"pa_rozmiar-2352","29":"pa_srednica-korony-ok-5x17mm","30":"pa_waga-175g","32":"first","33":"instock","34":"purchasable","35":"product-type-simple"},"aioseo_notices":[],"_links":{"self":[{"href":"https:\/\/staviori.com.pl\/cs\/wp-json\/wp\/v2\/product\/15144","targetHints":{"allow":["GET"]}}],"collection":[{"href":"https:\/\/staviori.com.pl\/cs\/wp-json\/wp\/v2\/product"}],"about":[{"href":"https:\/\/staviori.com.pl\/cs\/wp-json\/wp\/v2\/types\/product"}],"replies":[{"embeddable":true,"href":"https:\/\/staviori.com.pl\/cs\/wp-json\/wp\/v2\/comments?post=15144"}],"wp:featuredmedia":[{"embeddable":true,"href":"https:\/\/staviori.com.pl\/cs\/wp-json\/wp\/v2\/media\/5374"}],"wp:attachment":[{"href":"https:\/\/staviori.com.pl\/cs\/wp-json\/wp\/v2\/media?parent=15144"}],"wp:term":[{"taxonomy":"product_brand","embeddable":true,"href":"https:\/\/staviori.com.pl\/cs\/wp-json\/wp\/v2\/product_brand?post=15144"},{"taxonomy":"product_cat","embeddable":true,"href":"https:\/\/staviori.com.pl\/cs\/wp-json\/wp\/v2\/product_cat?post=15144"},{"taxonomy":"product_tag","embeddable":true,"href":"https:\/\/staviori.com.pl\/cs\/wp-json\/wp\/v2\/product_tag?post=15144"}],"curies":[{"name":"wp","href":"https:\/\/api.w.org\/{rel}","templated":true}]}}