{"id":15141,"date":"2025-02-24T22:48:12","date_gmt":"2025-02-24T21:48:12","guid":{"rendered":"https:\/\/staviori.com.pl\/product\/pierscionek-z-diamentem-pbd4103\/"},"modified":"2026-02-11T00:09:07","modified_gmt":"2026-02-10T23:09:07","slug":"pierscionek-z-diamentem-pbd4103","status":"publish","type":"product","link":"https:\/\/staviori.com.pl\/cs\/product\/pierscionek-z-diamentem-pbd4103\/","title":{"rendered":"z\u00e1snubn\u00ed prsten z b\u00edl\u00e9ho zlata s 0,10ct diamantem"},"content":{"rendered":"<p>Model: PBD4103<br \/>\nWaga ok. 1,45g<\/p>\n<p>Prsten.<br \/>\nB\u00edl\u00e9 zlato 0,585.<br \/>\n1 Diament, szlif brylantowy, o masie 0,10ct, barwa G-H, czysto\u015b\u0107 SI.<\/p>\n<p>\u015arednica korony ok. 4 mm.<br \/>\nWysoko\u015b\u0107 3.2 mm.<br \/>\n\u0160\u00ed\u0159ka krou\u017eku je p\u0159ibli\u017en\u011b 1,7 mm.<\/p>\n<p>Dost\u0119pny na indywidualne zam\u00f3wienie. Termin realizacji oko\u0142o 1 tydzie\u0144.<\/p>","protected":false},"excerpt":{"rendered":"<p>Klasyczny i ponadczasowy pier\u015bcionek zar\u0119czynowy z bia\u0142ego z\u0142ota pr\u00f3by 0,585. Subtelna obr\u0105czka podkre\u015bla blask 0,10-karatowego brylantu o pi\u0119knej barwie G i czysto\u015bci SI1. Osadzony w eleganckim, sze\u015bcioramiennym szatonie, diament prezentuje si\u0119 niezwykle efektownie. Ten model to symbol delikatno\u015bci i prawdziwej mi\u0142o\u015bci \u2014 idealny wyb\u00f3r na o\u015bwiadczyny z klas\u0105.<\/p>","protected":false},"featured_media":5351,"comment_status":"closed","ping_status":"closed","template":"","meta":{"om_disable_all_campaigns":false},"product_brand":[2284],"product_cat":[1838,2182,801],"product_tag":[5031,2308,3781,4352,5035,5034,5040,5037,5030,4906,5039,4673,5029,4668,4705,5033,5038,5032,5036],"class_list":{"0":"post-15141","1":"product","2":"type-product","3":"status-publish","4":"has-post-thumbnail","6":"product_brand-staviori","7":"product_cat-diamenty","8":"product_cat-pierscionek-z-diamentem","9":"product_cat-pierscionki","10":"product_tag-0-10ct-diamond","11":"product_tag-biale-zloto","12":"product_tag-bile-zlato","13":"product_tag-bizuteria-slubna","14":"product_tag-bridal-jewelry","15":"product_tag-classic-ring","16":"product_tag-darek-k-zasnubam","17":"product_tag-diamant-0-10ct","18":"product_tag-diament-0-10ct","19":"product_tag-engagement-ring","20":"product_tag-klasicky-prsten","21":"product_tag-klasyczny-pierscionek","22":"product_tag-pbd4103","23":"product_tag-pierscionek-zareczynowy","24":"product_tag-prezent-na-zareczyny","25":"product_tag-proposal-gift","26":"product_tag-sperky-pro-nevesty","27":"product_tag-white-gold-jewelry","28":"product_tag-zasnubni-prsten-z-bileho-zlata-s-diamantem-tagy-zasnubni-prsten","29":"pa_barwa-g-h","30":"pa_czystosc-si1-si2","31":"pa_dostawca-estrella","32":"pa_dostawca-iza","33":"pa_kamien-diament","34":"pa_kolor-biale","35":"pa_kruszec-zloto","36":"pa_proba-0-585","37":"pa_srednica-korony-ok-4mm","38":"pa_waga-145g","39":"pa_wysokosc-3-2mm","41":"first","42":"onbackorder","43":"purchasable","44":"product-type-simple"},"aioseo_notices":[],"_links":{"self":[{"href":"https:\/\/staviori.com.pl\/cs\/wp-json\/wp\/v2\/product\/15141","targetHints":{"allow":["GET"]}}],"collection":[{"href":"https:\/\/staviori.com.pl\/cs\/wp-json\/wp\/v2\/product"}],"about":[{"href":"https:\/\/staviori.com.pl\/cs\/wp-json\/wp\/v2\/types\/product"}],"replies":[{"embeddable":true,"href":"https:\/\/staviori.com.pl\/cs\/wp-json\/wp\/v2\/comments?post=15141"}],"wp:featuredmedia":[{"embeddable":true,"href":"https:\/\/staviori.com.pl\/cs\/wp-json\/wp\/v2\/media\/5351"}],"wp:attachment":[{"href":"https:\/\/staviori.com.pl\/cs\/wp-json\/wp\/v2\/media?parent=15141"}],"wp:term":[{"taxonomy":"product_brand","embeddable":true,"href":"https:\/\/staviori.com.pl\/cs\/wp-json\/wp\/v2\/product_brand?post=15141"},{"taxonomy":"product_cat","embeddable":true,"href":"https:\/\/staviori.com.pl\/cs\/wp-json\/wp\/v2\/product_cat?post=15141"},{"taxonomy":"product_tag","embeddable":true,"href":"https:\/\/staviori.com.pl\/cs\/wp-json\/wp\/v2\/product_tag?post=15141"}],"curies":[{"name":"wp","href":"https:\/\/api.w.org\/{rel}","templated":true}]}}