{"id":15139,"date":"2025-02-24T22:48:12","date_gmt":"2025-02-24T21:48:12","guid":{"rendered":"https:\/\/staviori.com.pl\/product\/bizuteria-inwestycyjna-pierscionek-pbd4051\/"},"modified":"2026-02-11T00:09:07","modified_gmt":"2026-02-10T23:09:07","slug":"bizuteria-inwestycyjna-pierscionek-pbd4051","status":"publish","type":"product","link":"https:\/\/staviori.com.pl\/cs\/product\/bizuteria-inwestycyjna-pierscionek-pbd4051\/","title":{"rendered":"Exkluzivn\u00ed | \u0161irok\u00fd d\u016fstojn\u00fd prsten z b\u00edl\u00e9ho zlata 750 s diamanty"},"content":{"rendered":"<p>Model: DDR0587<br \/>\nWaga ok. 7,20g<\/p>\n<p>Prsten.<br \/>\nB\u00edl\u00e9 zlato 0,750.<br \/>\n495 Diament\u00f3w, szlif brylantowy, o masie ok. 3,33ct, barwa G-H, czysto\u015b\u0107 SI1.<\/p>\n<p>Szeroko\u015b\u0107 10 mm.<br \/>\nGrubo\u015b\u0107 3.4 mm.<\/p>\n<p>Kamienie oprawione na oko\u0142o 85% powierzchni.<br \/>\nV\u00fdrobek v libovoln\u00e9 velikosti, dostupn\u00fd pouze na vy\u017e\u00e1d\u00e1n\u00ed, doba dod\u00e1n\u00ed cca 5 t\u00fddn\u016f.<\/p>","protected":false},"excerpt":{"rendered":"<p>Ol\u015bniewaj\u0105cy pier\u015bcionek z bia\u0142ego z\u0142ota pr\u00f3by 0,750, w ca\u0142o\u015bci wysadzany a\u017c 495 diamentami o \u0142\u0105cznej masie 3,33 ct. Dzi\u0119ki g\u0119stemu pav\u00e9 z brylant\u00f3w w barwie G-H i czysto\u015bci SI1, ca\u0142a powierzchnia pier\u015bcionka zachwyca spektakularnym blaskiem. Szeroki profil nadaje mu wyrazisto\u015bci i luksusowego charakteru. To bi\u017cuteria dla kobiet kochaj\u0105cych presti\u017c i niepowtarzalny styl.<\/p>","protected":false},"featured_media":5337,"comment_status":"closed","ping_status":"closed","template":"","meta":{"om_disable_all_campaigns":false},"product_brand":[2284],"product_cat":[1803,801,6741],"product_tag":[5046,2278,5051,5042,5050,5044,2555,5048,5052,2280,3747,3753,5045,5049,5041,5043,4959,4872,4924,5047],"class_list":{"0":"post-15139","1":"product","2":"type-product","3":"status-publish","4":"has-post-thumbnail","6":"product_brand-staviori","7":"product_cat-brylanty-exclusive","8":"product_cat-pierscionki","9":"product_cat-pierscionki-brylanty-exclusive","10":"product_tag-3-33ct-diamonds","11":"product_tag-biale-zloto-18k","12":"product_tag-bile-zlato-18k","13":"product_tag-ddr0587","14":"product_tag-diamanty-3-33ct","15":"product_tag-diamenty-3-33ct","16":"product_tag-ekskluzywna-bizuteria","17":"product_tag-exclusive-ring","18":"product_tag-exkluzivni-prsten","19":"product_tag-luksusowa-bizuteria","20":"product_tag-luxury-jewelry","21":"product_tag-luxusni-sperky","22":"product_tag-pave-diamond-ring","23":"product_tag-pave-prsten","24":"product_tag-pbd4051","25":"product_tag-pierscionek-pave","26":"product_tag-statement-ring","27":"product_tag-szeroki-pierscionek","28":"product_tag-vyrazny-sperk","29":"product_tag-white-gold-18k","30":"pa_barwa-g-h","31":"pa_czystosc-si1","32":"pa_grubosc-3-4mm","33":"pa_kamien-diamentow","34":"pa_kolor-biale","35":"pa_kruszec-zloto","36":"pa_proba-0-750","37":"pa_rozmiar-cm","38":"pa_szerokosc-10mm","39":"pa_waga-g","41":"first","42":"onbackorder","43":"purchasable","44":"product-type-simple"},"aioseo_notices":[],"_links":{"self":[{"href":"https:\/\/staviori.com.pl\/cs\/wp-json\/wp\/v2\/product\/15139","targetHints":{"allow":["GET"]}}],"collection":[{"href":"https:\/\/staviori.com.pl\/cs\/wp-json\/wp\/v2\/product"}],"about":[{"href":"https:\/\/staviori.com.pl\/cs\/wp-json\/wp\/v2\/types\/product"}],"replies":[{"embeddable":true,"href":"https:\/\/staviori.com.pl\/cs\/wp-json\/wp\/v2\/comments?post=15139"}],"wp:featuredmedia":[{"embeddable":true,"href":"https:\/\/staviori.com.pl\/cs\/wp-json\/wp\/v2\/media\/5337"}],"wp:attachment":[{"href":"https:\/\/staviori.com.pl\/cs\/wp-json\/wp\/v2\/media?parent=15139"}],"wp:term":[{"taxonomy":"product_brand","embeddable":true,"href":"https:\/\/staviori.com.pl\/cs\/wp-json\/wp\/v2\/product_brand?post=15139"},{"taxonomy":"product_cat","embeddable":true,"href":"https:\/\/staviori.com.pl\/cs\/wp-json\/wp\/v2\/product_cat?post=15139"},{"taxonomy":"product_tag","embeddable":true,"href":"https:\/\/staviori.com.pl\/cs\/wp-json\/wp\/v2\/product_tag?post=15139"}],"curies":[{"name":"wp","href":"https:\/\/api.w.org\/{rel}","templated":true}]}}