{"id":15134,"date":"2025-02-24T22:48:09","date_gmt":"2025-02-24T21:48:09","guid":{"rendered":"https:\/\/staviori.com.pl\/product\/bizuteria-inwestycyjna-pierscionek-pbd4032\/"},"modified":"2026-02-11T00:09:06","modified_gmt":"2026-02-10T23:09:06","slug":"bizuteria-inwestycyjna-pierscionek-pbd4032","status":"publish","type":"product","link":"https:\/\/staviori.com.pl\/cs\/product\/bizuteria-inwestycyjna-pierscionek-pbd4032\/","title":{"rendered":"Exkluzivn\u00ed | neobvykl\u00fd prsten z b\u00edl\u00e9ho zlata 750 s diamanty"},"content":{"rendered":"<p>Model: DDR1874<br \/>\nHmotnost p\u0159ibli\u017en\u011b 5,60 g<\/p>\n<p>Prsten.<br \/>\nB\u00edl\u00e9 zlato 0.750<br \/>\n33 diamant\u016f, briliantov\u00fd brus, hmotnost 1,14ct, barva G-H, \u010distota SI1.<\/p>\n<p>\u0160\u00ed\u0159ka 10,5 mm.<br \/>\nTlou\u0161\u0165ka 2,6 mm.<br \/>\n\u0160\u00ed\u0159ka krou\u017eku je p\u0159ibli\u017en\u011b 5,4 mm.<\/p>\n<p>V\u00fdrobek v libovoln\u00e9 velikosti, dostupn\u00fd pouze na vy\u017e\u00e1d\u00e1n\u00ed, doba dod\u00e1n\u00ed cca 5 t\u00fddn\u016f.<\/p>","protected":false},"excerpt":{"rendered":"<p>Elegantn\u00ed prsten z b\u00edl\u00e9ho zlata 750, jeho\u017e jedine\u010dn\u00fd design tvo\u0159\u00ed n\u011bkolik rovnob\u011b\u017en\u00fdch lini\u00ed zdoben\u00fdch diamanty. 33 diamant\u016f o celkov\u00e9 hmotnosti 1,14 ct n\u00e1dhern\u011b z\u00e1\u0159\u00ed a vytv\u00e1\u0159\u00ed kompozici plnou lesku a jemn\u00e9 harmonie. D\u00edky \u0161irok\u00e9mu tvaru p\u016fsob\u00ed prsten nesm\u00edrn\u011b impozantn\u011b a z\u00e1rove\u0148 z\u016fst\u00e1v\u00e1 pln\u00fd noblesy a nad\u010dasov\u00e9 elegance.<\/p>","protected":false},"featured_media":5322,"comment_status":"closed","ping_status":"closed","template":"","meta":{"om_disable_all_campaigns":false},"product_brand":[2284],"product_cat":[1803,801,6741],"product_tag":[2311,6467,4928,3747,6478,4767,4746,4708,6479,6460,6468,5058,2341],"class_list":{"0":"post-15134","1":"product","2":"type-product","3":"status-publish","4":"has-post-thumbnail","6":"product_brand-staviori","7":"product_cat-brylanty-exclusive","8":"product_cat-pierscionki","9":"product_cat-pierscionki-brylanty-exclusive","10":"product_tag-bizuteria-luksusowa","11":"product_tag-diamantenring","12":"product_tag-diamond-ring","13":"product_tag-luxury-jewelry","14":"product_tag-pbd4032","15":"product_tag-pierscionek-z-bialego-zlota","16":"product_tag-pierscionek-z-brylantami","17":"product_tag-pierscionek-z-diamentami","18":"product_tag-prsten-s-bileho-zlata","19":"product_tag-prsten-s-diamanty","20":"product_tag-weisgold-ring","21":"product_tag-white-gold-ring","22":"product_tag-zloto-750","23":"pa_barwa-g-h","24":"pa_czystosc-si1","25":"pa_grubosc-2-6mm","26":"pa_kamien-brylanty","27":"pa_kolor-biale","28":"pa_kruszec-zloto","29":"pa_proba-0-750","30":"pa_szerokosc-10-5mm","31":"pa_waga-550g","33":"first","34":"onbackorder","35":"purchasable","36":"product-type-simple"},"aioseo_notices":[],"_links":{"self":[{"href":"https:\/\/staviori.com.pl\/cs\/wp-json\/wp\/v2\/product\/15134","targetHints":{"allow":["GET"]}}],"collection":[{"href":"https:\/\/staviori.com.pl\/cs\/wp-json\/wp\/v2\/product"}],"about":[{"href":"https:\/\/staviori.com.pl\/cs\/wp-json\/wp\/v2\/types\/product"}],"replies":[{"embeddable":true,"href":"https:\/\/staviori.com.pl\/cs\/wp-json\/wp\/v2\/comments?post=15134"}],"wp:featuredmedia":[{"embeddable":true,"href":"https:\/\/staviori.com.pl\/cs\/wp-json\/wp\/v2\/media\/5322"}],"wp:attachment":[{"href":"https:\/\/staviori.com.pl\/cs\/wp-json\/wp\/v2\/media?parent=15134"}],"wp:term":[{"taxonomy":"product_brand","embeddable":true,"href":"https:\/\/staviori.com.pl\/cs\/wp-json\/wp\/v2\/product_brand?post=15134"},{"taxonomy":"product_cat","embeddable":true,"href":"https:\/\/staviori.com.pl\/cs\/wp-json\/wp\/v2\/product_cat?post=15134"},{"taxonomy":"product_tag","embeddable":true,"href":"https:\/\/staviori.com.pl\/cs\/wp-json\/wp\/v2\/product_tag?post=15134"}],"curies":[{"name":"wp","href":"https:\/\/api.w.org\/{rel}","templated":true}]}}