{"id":15132,"date":"2025-02-24T22:48:09","date_gmt":"2025-02-24T21:48:09","guid":{"rendered":"https:\/\/staviori.com.pl\/product\/bizuteria-inwestycyjna-pierscionek-pbd4028\/"},"modified":"2026-02-11T00:09:06","modified_gmt":"2026-02-10T23:09:06","slug":"bizuteria-inwestycyjna-pierscionek-pbd4028","status":"publish","type":"product","link":"https:\/\/staviori.com.pl\/cs\/product\/bizuteria-inwestycyjna-pierscionek-pbd4028\/","title":{"rendered":"Exkluzivn\u00ed | velk\u00fd prsten s diamanty a \u010dern\u00fdm lakem z 18kar\u00e1tov\u00e9ho zlata"},"content":{"rendered":"<p>Model: DSR1283<br \/>\nWaga ok. 7,70g<\/p>\n<p>Prsten.<br \/>\nB\u00edl\u00e9 zlato 0,750.<br \/>\n272 Diamenty, szlif brylantowy, o masie 1,04ct, barwa G-H, czysto\u015b\u0107 SI1.<br \/>\nLaka.<\/p>\n<p>Szeroko\u015b\u0107 19.5 mm.<br \/>\nGrubo\u015b\u0107 9.5 mm.<br \/>\nSzeroko\u015b\u0107 obr\u0105czki ok. 7.2 mm.<\/p>\n<p>V\u00fdrobek v libovoln\u00e9 velikosti, dostupn\u00fd pouze na vy\u017e\u00e1d\u00e1n\u00ed, doba dod\u00e1n\u00ed cca 5 t\u00fddn\u016f.<\/p>","protected":false},"excerpt":{"rendered":"<p>Zjawiskowy pier\u015bcionek z bia\u0142ego z\u0142ota, kt\u00f3ry przyci\u0105ga wzrok kontrastem g\u0142\u0119bokiej czerni i iskrz\u0105cych si\u0119 diament\u00f3w. Eleganckie fale z 272 drobnymi brylantami otulaj\u0105 ca\u0142\u0105 koron\u0119, tworz\u0105c wyj\u0105tkowy i nowoczesny efekt. R\u0119cznie nak\u0142adana czarna laka dodaje mu niepowtarzalnego charakteru, a wypuk\u0142a forma sprawia, \u017ce ten model wygl\u0105da niezwykle spektakularnie na d\u0142oni. To bi\u017cuteria dla kobiet ceni\u0105cych luksus i oryginalny design.<\/p>","protected":false},"featured_media":5315,"comment_status":"closed","ping_status":"closed","template":"","meta":{"om_disable_all_campaigns":false},"product_brand":[2284],"product_cat":[1803,6741,801],"product_tag":[2308,3781,5011,5015,2905,5013,5017,3751,2296,3745,5007,5008,2280,3747,3753,5006,4108,5009,5014,5010,5016,5012,3777],"class_list":{"0":"post-15132","1":"product","2":"type-product","3":"status-publish","4":"has-post-thumbnail","6":"product_brand-staviori","7":"product_cat-brylanty-exclusive","8":"product_cat-pierscionki-brylanty-exclusive","9":"product_cat-pierscionki","10":"product_tag-biale-zloto","11":"product_tag-bile-zlato","12":"product_tag-black-lacquer","13":"product_tag-cerny-lak","14":"product_tag-czarna-laka","15":"product_tag-designer-ring","16":"product_tag-designovy-prsten","17":"product_tag-diamanty","18":"product_tag-diamenty","19":"product_tag-diamonds","20":"product_tag-dsr1283","21":"product_tag-fale","22":"product_tag-luksusowa-bizuteria","23":"product_tag-luxury-jewelry","24":"product_tag-luxusni-sperky","25":"product_tag-pbd4028","26":"product_tag-pierscionek","27":"product_tag-pierscionek-designerski","28":"product_tag-prsten","29":"product_tag-ring","30":"product_tag-vlny","31":"product_tag-waves","32":"product_tag-white-gold","33":"pa_barwa-g-h","34":"pa_czystosc-si1","35":"pa_dostawca-draco","36":"pa_grubosc-9-5mm","37":"pa_kamien-brylanty","38":"pa_kamien-laka","39":"pa_kolor-biale","40":"pa_kruszec-zloto","41":"pa_proba-0-750","42":"pa_szerokosc-19-5mm","43":"pa_waga-770g","45":"first","46":"onbackorder","47":"purchasable","48":"product-type-simple"},"aioseo_notices":[],"_links":{"self":[{"href":"https:\/\/staviori.com.pl\/cs\/wp-json\/wp\/v2\/product\/15132","targetHints":{"allow":["GET"]}}],"collection":[{"href":"https:\/\/staviori.com.pl\/cs\/wp-json\/wp\/v2\/product"}],"about":[{"href":"https:\/\/staviori.com.pl\/cs\/wp-json\/wp\/v2\/types\/product"}],"replies":[{"embeddable":true,"href":"https:\/\/staviori.com.pl\/cs\/wp-json\/wp\/v2\/comments?post=15132"}],"wp:featuredmedia":[{"embeddable":true,"href":"https:\/\/staviori.com.pl\/cs\/wp-json\/wp\/v2\/media\/5315"}],"wp:attachment":[{"href":"https:\/\/staviori.com.pl\/cs\/wp-json\/wp\/v2\/media?parent=15132"}],"wp:term":[{"taxonomy":"product_brand","embeddable":true,"href":"https:\/\/staviori.com.pl\/cs\/wp-json\/wp\/v2\/product_brand?post=15132"},{"taxonomy":"product_cat","embeddable":true,"href":"https:\/\/staviori.com.pl\/cs\/wp-json\/wp\/v2\/product_cat?post=15132"},{"taxonomy":"product_tag","embeddable":true,"href":"https:\/\/staviori.com.pl\/cs\/wp-json\/wp\/v2\/product_tag?post=15132"}],"curies":[{"name":"wp","href":"https:\/\/api.w.org\/{rel}","templated":true}]}}