{"id":15131,"date":"2025-02-24T22:48:09","date_gmt":"2025-02-24T21:48:09","guid":{"rendered":"https:\/\/staviori.com.pl\/product\/bizuteria-inwestycyjna-pierscionek-pbd4027\/"},"modified":"2026-02-11T00:09:06","modified_gmt":"2026-02-10T23:09:06","slug":"bizuteria-inwestycyjna-pierscionek-pbd4027","status":"publish","type":"product","link":"https:\/\/staviori.com.pl\/cs\/product\/bizuteria-inwestycyjna-pierscionek-pbd4027\/","title":{"rendered":"Exkluzivn\u00ed | prsten s onyxem a diamanty v b\u00edl\u00e9m zlat\u011b 750"},"content":{"rendered":"<p>Model: DSR1145<br \/>\nWaga ok. 7,20g<\/p>\n<p>Prsten.<br \/>\nB\u00edl\u00e9 zlato 0,750.<br \/>\n70 Diament\u00f3w, szlif brylantowy, o masie 0,17ct, barwa G-H, czysto\u015b\u0107 SI1.<br \/>\n1 Onyks, o masie 45ct.<\/p>\n<p>\u015arednica korony ok. 20 mm.<br \/>\nWysoko\u015b\u0107 16 mm.<br \/>\nSzeroko\u015b\u0107 obr\u0105czki ok. 6 mm.<\/p>\n<p>V\u00fdrobek v libovoln\u00e9 velikosti, dostupn\u00fd pouze na vy\u017e\u00e1d\u00e1n\u00ed, doba dod\u00e1n\u00ed cca 5 t\u00fddn\u016f.<\/p>","protected":false},"excerpt":{"rendered":"<p>Imponuj\u0105cy pier\u015bcionek z bia\u0142ego z\u0142ota pr\u00f3by 0,750, kt\u00f3ry zachwyca od pierwszego spojrzenia. Centralnym punktem kompozycji jest masywny onyks o wadze ponad 45 ct, osadzony w a\u017curowej koronie o nowoczesnym, geometrycznym kszta\u0142cie. Ca\u0142o\u015b\u0107 dope\u0142nia 70 drobnych brylant\u00f3w, kt\u00f3re dodaj\u0105 blasku i elegancji. Ten artystyczny model \u0142\u0105czy w sobie ekstrawagancj\u0119, wyrafinowany styl i wyj\u0105tkowy charakter \u2013 idealny dla kobiet, kt\u00f3re kochaj\u0105 bi\u017cuteri\u0119 z osobowo\u015bci\u0105.<\/p>","protected":false},"featured_media":5311,"comment_status":"closed","ping_status":"closed","template":"","meta":{"om_disable_all_campaigns":false},"product_brand":[2284],"product_cat":[1803,801,6741],"product_tag":[2308,3781,4931,4930,3793,4925,4936,4933,4480,4923,4928,4921,4713,4932,4042,4935,4927,4926,2967,4920,4708,4934,4922,4929,4924,3777],"class_list":{"0":"post-15131","1":"product","2":"type-product","3":"status-publish","4":"has-post-thumbnail","6":"product_brand-staviori","7":"product_cat-brylanty-exclusive","8":"product_cat-pierscionki","9":"product_cat-pierscionki-brylanty-exclusive","10":"product_tag-biale-zloto","11":"product_tag-bile-zlato","12":"product_tag-black-gemstone","13":"product_tag-bold-ring","14":"product_tag-brilianty","15":"product_tag-cerny-kamen","16":"product_tag-czarny-kamien","17":"product_tag-designer-jewelry","18":"product_tag-designerska-bizuteria","19":"product_tag-diamantovy-prsten","20":"product_tag-diamond-ring","21":"product_tag-dsr1145","22":"product_tag-luksusowy-pierscionek","23":"product_tag-luxury-ring","24":"product_tag-luxusni-sperk","25":"product_tag-masywny-pierscionek","26":"product_tag-onyx-ring","27":"product_tag-originalni-design","28":"product_tag-oryginalna-bizuteria","29":"product_tag-pbd4027","30":"product_tag-pierscionek-z-diamentami","31":"product_tag-pierscionek-z-onyksu","32":"product_tag-prsten-s-onyxem","33":"product_tag-statement-jewelry","34":"product_tag-vyrazny-sperk","35":"product_tag-white-gold","36":"pa_barwa-g-h","37":"pa_czystosc-si1","38":"pa_dostawca-draco","39":"pa_kamien-brylanty","40":"pa_kamien-onyks","41":"pa_kolor-biale","42":"pa_kruszec-zloto","43":"pa_proba-0-750","44":"pa_srednica-korony-ok-20mm","45":"pa_waga-720g","46":"pa_wysokosc-16mm","48":"first","49":"onbackorder","50":"purchasable","51":"product-type-simple"},"aioseo_notices":[],"_links":{"self":[{"href":"https:\/\/staviori.com.pl\/cs\/wp-json\/wp\/v2\/product\/15131","targetHints":{"allow":["GET"]}}],"collection":[{"href":"https:\/\/staviori.com.pl\/cs\/wp-json\/wp\/v2\/product"}],"about":[{"href":"https:\/\/staviori.com.pl\/cs\/wp-json\/wp\/v2\/types\/product"}],"replies":[{"embeddable":true,"href":"https:\/\/staviori.com.pl\/cs\/wp-json\/wp\/v2\/comments?post=15131"}],"wp:featuredmedia":[{"embeddable":true,"href":"https:\/\/staviori.com.pl\/cs\/wp-json\/wp\/v2\/media\/5311"}],"wp:attachment":[{"href":"https:\/\/staviori.com.pl\/cs\/wp-json\/wp\/v2\/media?parent=15131"}],"wp:term":[{"taxonomy":"product_brand","embeddable":true,"href":"https:\/\/staviori.com.pl\/cs\/wp-json\/wp\/v2\/product_brand?post=15131"},{"taxonomy":"product_cat","embeddable":true,"href":"https:\/\/staviori.com.pl\/cs\/wp-json\/wp\/v2\/product_cat?post=15131"},{"taxonomy":"product_tag","embeddable":true,"href":"https:\/\/staviori.com.pl\/cs\/wp-json\/wp\/v2\/product_tag?post=15131"}],"curies":[{"name":"wp","href":"https:\/\/api.w.org\/{rel}","templated":true}]}}