{"id":15130,"date":"2025-02-24T22:48:09","date_gmt":"2025-02-24T21:48:09","guid":{"rendered":"https:\/\/staviori.com.pl\/product\/bizuteria-inwestycyjna-pierscionek-pbd3945\/"},"modified":"2026-02-11T00:09:06","modified_gmt":"2026-02-10T23:09:06","slug":"bizuteria-inwestycyjna-pierscionek-pbd3945","status":"publish","type":"product","link":"https:\/\/staviori.com.pl\/cs\/product\/bizuteria-inwestycyjna-pierscionek-pbd3945\/","title":{"rendered":"Exkluzivn\u00ed | prsten s diamanty z 18kar\u00e1tov\u00e9ho zlata"},"content":{"rendered":"<p>Model: DDR1809<br \/>\nHmotnost p\u0159ibli\u017en\u011b 1,50 g<\/p>\n<p>Prsten.<br \/>\nB\u00edl\u00e9 zlato 0,750.<br \/>\n8 Diament\u00f3w, szlif brylantowy, o masie 0,33ct, barwa G-H, czysto\u015b\u0107 SI1.<\/p>\n<p>Szeroko\u015b\u0107 3-0.85 mm.<br \/>\nWysoko\u015b\u0107 2.4 mm.<\/p>\n<p>Uveden\u00e1 hmotnost kamene a cena jsou za velikost 13.<br \/>\nV\u00fdrobek v libovoln\u00e9 velikosti, dostupn\u00fd pouze na vy\u017e\u00e1d\u00e1n\u00ed, doba dod\u00e1n\u00ed cca 5 t\u00fddn\u016f.<br \/>\nKolor z\u0142ota dowolny.<\/p>","protected":false},"excerpt":{"rendered":"<p>Ol\u015bniewaj\u0105cy pier\u015bcionek zar\u0119czynowy z bia\u0142ego z\u0142ota pr\u00f3by 0,750, kt\u00f3ry zachwyca klasycznym stylem i wyrafinowanym blaskiem. Siedem centralnych brylant\u00f3w o \u0142\u0105cznej masie 0,88 ct przyci\u0105ga wzrok swoim intensywnym l\u015bnieniem, a dodatkowe 24 drobniejsze diamenty subtelnie podkre\u015blaj\u0105 elegancj\u0119 ca\u0142o\u015bci. Idealna propozycja dla kobiet ceni\u0105cych ponadczasowe pi\u0119kno i luksus w delikatnej formie. Ten pier\u015bcionek to prawdziwa esencja klasy i romantyzmu.<\/p>","protected":false},"featured_media":5308,"comment_status":"closed","ping_status":"closed","template":"","meta":{"om_disable_all_campaigns":false},"product_brand":[2284],"product_cat":[1803,6741,801],"product_tag":[2308,3781,3793,4062,2301,3871,4918,4679,3751,2296,3745,3710,4909,4913,4906,4915,2603,3727,3764,4074,4916,4917,4668,4471,3777,4910],"class_list":{"0":"post-15130","1":"product","2":"type-product","3":"status-publish","4":"has-post-thumbnail","6":"product_brand-staviori","7":"product_cat-brylanty-exclusive","8":"product_cat-pierscionki-brylanty-exclusive","9":"product_cat-pierscionki","10":"product_tag-biale-zloto","11":"product_tag-bile-zlato","12":"product_tag-brilianty","13":"product_tag-brilliant-cut","14":"product_tag-brylanty","15":"product_tag-classic-jewelry","16":"product_tag-ddr1809","17":"product_tag-delikatny-pierscionek","18":"product_tag-diamanty","19":"product_tag-diamenty","20":"product_tag-diamonds","21":"product_tag-elegancja","22":"product_tag-elegant-ring","23":"product_tag-elegantni-prsten","24":"product_tag-engagement-ring","25":"product_tag-klasicky-sperk","26":"product_tag-klasyczna-bizuteria","27":"product_tag-luksus","28":"product_tag-luxury","29":"product_tag-luxus","30":"product_tag-nadcasovy-design","31":"product_tag-pbd3945","32":"product_tag-pierscionek-zareczynowy","33":"product_tag-timeless-style","34":"product_tag-white-gold","35":"product_tag-zasnubni-prsten","36":"pa_barwa-g-h","37":"pa_czystosc-si1","38":"pa_dostawca-draco","39":"pa_kamien-brylanty","40":"pa_kolor-biale","41":"pa_kruszec-zloto","42":"pa_proba-0-750","43":"pa_szerokosc-3-0-85mm","44":"pa_waga-150g","45":"pa_wysokosc-2-4mm","47":"first","48":"onbackorder","49":"purchasable","50":"product-type-simple"},"aioseo_notices":[],"_links":{"self":[{"href":"https:\/\/staviori.com.pl\/cs\/wp-json\/wp\/v2\/product\/15130","targetHints":{"allow":["GET"]}}],"collection":[{"href":"https:\/\/staviori.com.pl\/cs\/wp-json\/wp\/v2\/product"}],"about":[{"href":"https:\/\/staviori.com.pl\/cs\/wp-json\/wp\/v2\/types\/product"}],"replies":[{"embeddable":true,"href":"https:\/\/staviori.com.pl\/cs\/wp-json\/wp\/v2\/comments?post=15130"}],"wp:featuredmedia":[{"embeddable":true,"href":"https:\/\/staviori.com.pl\/cs\/wp-json\/wp\/v2\/media\/5308"}],"wp:attachment":[{"href":"https:\/\/staviori.com.pl\/cs\/wp-json\/wp\/v2\/media?parent=15130"}],"wp:term":[{"taxonomy":"product_brand","embeddable":true,"href":"https:\/\/staviori.com.pl\/cs\/wp-json\/wp\/v2\/product_brand?post=15130"},{"taxonomy":"product_cat","embeddable":true,"href":"https:\/\/staviori.com.pl\/cs\/wp-json\/wp\/v2\/product_cat?post=15130"},{"taxonomy":"product_tag","embeddable":true,"href":"https:\/\/staviori.com.pl\/cs\/wp-json\/wp\/v2\/product_tag?post=15130"}],"curies":[{"name":"wp","href":"https:\/\/api.w.org\/{rel}","templated":true}]}}