{"id":15128,"date":"2025-02-24T22:48:09","date_gmt":"2025-02-24T21:48:09","guid":{"rendered":"https:\/\/staviori.com.pl\/product\/bizuteria-inwestycyjna-pierscionek-pbd3943\/"},"modified":"2026-02-11T00:09:06","modified_gmt":"2026-02-10T23:09:06","slug":"bizuteria-inwestycyjna-pierscionek-pbd3943","status":"publish","type":"product","link":"https:\/\/staviori.com.pl\/cs\/product\/bizuteria-inwestycyjna-pierscionek-pbd3943\/","title":{"rendered":"Exclusive | n\u00e1dhern\u00fd majest\u00e1tn\u00ed prsten s r\u016fzn\u00fdmi typy diamant\u016f"},"content":{"rendered":"<p>Model: DDR1778<br \/>\nWaga ok. 4,20g<\/p>\n<p>Prsten.<br \/>\nB\u00edl\u00e9 zlato 0,750.<br \/>\n1 Diament, szlif szmaragdowy, o masie 0,17ct, barwa G, czysto\u015b\u0107 SI1.<br \/>\n42 Diamenty, szlif brylantowy, o masie 0,18ct, barwa G-H, czysto\u015b\u0107 SI1.<br \/>\n26 Diament\u00f3w, szlif bagieta, o masie 1,03ct, barwa G-H, czysto\u015b\u0107 SI1.<\/p>\n<p>Korona 9&#215;8 mm.<br \/>\nWysoko\u015b\u0107 4.7 mm.<br \/>\nSzeroko\u015b\u0107 obr\u0105czki ok. 5-3 mm.<\/p>\n<p>V\u00fdrobek v libovoln\u00e9 velikosti, dostupn\u00fd pouze na vy\u017e\u00e1d\u00e1n\u00ed, doba dod\u00e1n\u00ed cca 5 t\u00fddn\u016f.<\/p>","protected":false},"excerpt":{"rendered":"<p>\u00dachvatn\u00fd z\u00e1snubn\u00ed prsten z b\u00edl\u00e9ho zlata 0,750, kter\u00fd osl\u0148uje sv\u00fdm leskem a precizn\u00edm zpracov\u00e1n\u00edm. Centr\u00e1ln\u00ed diamant se smaragdov\u00fdm brusem jemn\u011b podtrhuje eleganci kompozice, zat\u00edmco doprovodn\u00e9 diamanty a diamanty s bagetov\u00fdm brusem dod\u00e1vaj\u00ed prstenu luxusn\u00ed n\u00e1dech. \u0160irok\u00fd prstenec os\u00e1zen\u00fd kameny vytv\u00e1\u0159\u00ed v\u00fdrazn\u00fd r\u00e1m pro korunku o rozm\u011brech 9 \u00d7 8 mm. Tento neobvykl\u00fd model vyza\u0159uje presti\u017e a bude skv\u011blou volbou pro \u017eeny, kter\u00e9 ocen\u00ed klasiku v modern\u00edm vyd\u00e1n\u00ed.<\/p>","protected":false},"featured_media":5301,"comment_status":"closed","ping_status":"closed","template":"","meta":{"om_disable_all_campaigns":false},"product_brand":[2284],"product_cat":[1803,801,6741],"product_tag":[4912,4905,4908,2308,3781,3793,4062,2301,4903,3751,2296,3745,4672,4909,4913,4907,4906,2280,3747,4042,4902,4668,4911,4904,3777,4910],"class_list":{"0":"post-15128","1":"product","2":"type-product","3":"status-publish","4":"has-post-thumbnail","6":"product_brand-staviori","7":"product_cat-brylanty-exclusive","8":"product_cat-pierscionki","9":"product_cat-pierscionki-brylanty-exclusive","10":"product_tag-bagetove-diamanty","11":"product_tag-bagietki","12":"product_tag-baguette-diamonds","13":"product_tag-biale-zloto","14":"product_tag-bile-zlato","15":"product_tag-brilianty","16":"product_tag-brilliant-cut","17":"product_tag-brylanty","18":"product_tag-ddr1778","19":"product_tag-diamanty","20":"product_tag-diamenty","21":"product_tag-diamonds","22":"product_tag-elegancki-pierscionek","23":"product_tag-elegant-ring","24":"product_tag-elegantni-prsten","25":"product_tag-emerald-cut","26":"product_tag-engagement-ring","27":"product_tag-luksusowa-bizuteria","28":"product_tag-luxury-jewelry","29":"product_tag-luxusni-sperk","30":"product_tag-pbd3943","31":"product_tag-pierscionek-zareczynowy","32":"product_tag-smaragdovy-brus","33":"product_tag-szlif-szmaragdowy","34":"product_tag-white-gold","35":"product_tag-zasnubni-prsten","36":"pa_barwa-g","37":"pa_czystosc-si1","38":"pa_kamien-diament-diamenty-diamentow","39":"pa_kolor-biale","40":"pa_korona-9x8mm","41":"pa_kruszec-zloto","42":"pa_okazja-idealne-na-zareczyny","43":"pa_proba-0-750","44":"pa_rozmiar-cm","45":"pa_waga-g","46":"pa_wysokosc-4-7mm","48":"first","49":"onbackorder","50":"purchasable","51":"product-type-simple"},"aioseo_notices":[],"_links":{"self":[{"href":"https:\/\/staviori.com.pl\/cs\/wp-json\/wp\/v2\/product\/15128","targetHints":{"allow":["GET"]}}],"collection":[{"href":"https:\/\/staviori.com.pl\/cs\/wp-json\/wp\/v2\/product"}],"about":[{"href":"https:\/\/staviori.com.pl\/cs\/wp-json\/wp\/v2\/types\/product"}],"replies":[{"embeddable":true,"href":"https:\/\/staviori.com.pl\/cs\/wp-json\/wp\/v2\/comments?post=15128"}],"wp:featuredmedia":[{"embeddable":true,"href":"https:\/\/staviori.com.pl\/cs\/wp-json\/wp\/v2\/media\/5301"}],"wp:attachment":[{"href":"https:\/\/staviori.com.pl\/cs\/wp-json\/wp\/v2\/media?parent=15128"}],"wp:term":[{"taxonomy":"product_brand","embeddable":true,"href":"https:\/\/staviori.com.pl\/cs\/wp-json\/wp\/v2\/product_brand?post=15128"},{"taxonomy":"product_cat","embeddable":true,"href":"https:\/\/staviori.com.pl\/cs\/wp-json\/wp\/v2\/product_cat?post=15128"},{"taxonomy":"product_tag","embeddable":true,"href":"https:\/\/staviori.com.pl\/cs\/wp-json\/wp\/v2\/product_tag?post=15128"}],"curies":[{"name":"wp","href":"https:\/\/api.w.org\/{rel}","templated":true}]}}