{"id":15127,"date":"2025-02-24T22:48:09","date_gmt":"2025-02-24T21:48:09","guid":{"rendered":"https:\/\/staviori.com.pl\/product\/bizuteria-inwestycyjna-pierscionek-pbd3942\/"},"modified":"2026-02-11T00:09:06","modified_gmt":"2026-02-10T23:09:06","slug":"bizuteria-inwestycyjna-pierscionek-pbd3942","status":"publish","type":"product","link":"https:\/\/staviori.com.pl\/cs\/product\/bizuteria-inwestycyjna-pierscionek-pbd3942\/","title":{"rendered":"Exkluzivn\u00ed | kr\u00e1sn\u00e9 zasazen\u00ed v b\u00edl\u00e9m zlat\u011b 750 s diamanty"},"content":{"rendered":"<p>Model: DDR1649<br \/>\nHmotnost p\u0159ibli\u017en\u011b 3,50 g<\/p>\n<p>Pier\u015bcionek oprawa &#8211; nie zawiera kamienia centralnego.<br \/>\nB\u00edl\u00e9 zlato 0,750.<br \/>\n92 Diamenty, szlif brylantowy, o masie 0,27ct, barwa G-H, czysto\u015b\u0107 Si1-Si2.<\/p>\n<p>Szeroko\u015b\u0107 9 mm.<br \/>\n\u015arednica korony ok. 6.6 mm.<br \/>\nV\u00fd\u0161ka 7,5 mm.<br \/>\nSzeroko\u015b\u0107 obr\u0105czki ok. 3.05 mm.<\/p>\n<p>Mo\u017cliwo\u015b\u0107 wykonania na zam\u00f3wienie z dowolnym naturalnym diamentem, diamentem laboratoryjnym, rubinem , szafirem, szmaragdem powy\u017cej 0,50ct.<\/p>\n<p>V\u00fdrobek v libovoln\u00e9 velikosti, dostupn\u00fd pouze na vy\u017e\u00e1d\u00e1n\u00ed, doba dod\u00e1n\u00ed cca 5 t\u00fddn\u016f.<\/p>","protected":false},"excerpt":{"rendered":"<p>Oryginalna i misternie zdobiona oprawa pier\u015bcionka wykonana z bia\u0142ego z\u0142ota pr\u00f3by 18K. A\u017curowa konstrukcja ozdobiona 92 b\u0142yszcz\u0105cymi diamentami w szlifie brylantowym tworzy efektowny, a jednocze\u015bnie subtelny wz\u00f3r. Centralne gniazdo daje mo\u017cliwo\u015b\u0107 oprawy dowolnego kamienia szlachetnego powy\u017cej 0,50 ct \u2013 diamentu naturalnego lub laboratoryjnego, a tak\u017ce rubinu, szafiru czy szmaragdu. Idealna propozycja dla os\u00f3b, kt\u00f3re chc\u0105 stworzy\u0107 bi\u017cuteri\u0119 idealnie dopasowan\u0105 do w\u0142asnych oczekiwa\u0144.<\/p>","protected":false},"featured_media":5298,"comment_status":"closed","ping_status":"closed","template":"","meta":{"om_disable_all_campaigns":false},"product_brand":[2284],"product_cat":[1803,4896,6741,801],"product_tag":[2278,4900,2296,4899,4898,4901,2911,4897,4763,4153,2846,4147],"class_list":{"0":"post-15127","1":"product","2":"type-product","3":"status-publish","4":"has-post-thumbnail","6":"product_brand-staviori","7":"product_cat-brylanty-exclusive","8":"product_cat-oprawa","9":"product_cat-pierscionki-brylanty-exclusive","10":"product_cat-pierscionki","11":"product_tag-biale-zloto-18k","12":"product_tag-ddr1649","13":"product_tag-diamenty","14":"product_tag-kamien-centralny","15":"product_tag-oprawa-do-pierscionka-zareczynowego","16":"product_tag-pbd3942","17":"product_tag-personalizowana-bizuteria","18":"product_tag-pierscionek-oprawa","19":"product_tag-rubin","20":"product_tag-szafir","21":"product_tag-szlif-brylantowy","22":"product_tag-szmaragd","23":"pa_barwa-g-h","24":"pa_czystosc-si1-si2","25":"pa_dostawca-draco","26":"pa_kamien-diamenty","27":"pa_kamien-brylanty","28":"pa_kolor-biale","29":"pa_kruszec-zloto","30":"pa_okazja-idealne-na-zareczyny","31":"pa_proba-0-750","32":"pa_srednica-korony-ok-6-6mm","33":"pa_szerokosc-9mm","34":"pa_waga-350g","36":"first","37":"onbackorder","38":"purchasable","39":"product-type-simple"},"aioseo_notices":[],"_links":{"self":[{"href":"https:\/\/staviori.com.pl\/cs\/wp-json\/wp\/v2\/product\/15127","targetHints":{"allow":["GET"]}}],"collection":[{"href":"https:\/\/staviori.com.pl\/cs\/wp-json\/wp\/v2\/product"}],"about":[{"href":"https:\/\/staviori.com.pl\/cs\/wp-json\/wp\/v2\/types\/product"}],"replies":[{"embeddable":true,"href":"https:\/\/staviori.com.pl\/cs\/wp-json\/wp\/v2\/comments?post=15127"}],"wp:featuredmedia":[{"embeddable":true,"href":"https:\/\/staviori.com.pl\/cs\/wp-json\/wp\/v2\/media\/5298"}],"wp:attachment":[{"href":"https:\/\/staviori.com.pl\/cs\/wp-json\/wp\/v2\/media?parent=15127"}],"wp:term":[{"taxonomy":"product_brand","embeddable":true,"href":"https:\/\/staviori.com.pl\/cs\/wp-json\/wp\/v2\/product_brand?post=15127"},{"taxonomy":"product_cat","embeddable":true,"href":"https:\/\/staviori.com.pl\/cs\/wp-json\/wp\/v2\/product_cat?post=15127"},{"taxonomy":"product_tag","embeddable":true,"href":"https:\/\/staviori.com.pl\/cs\/wp-json\/wp\/v2\/product_tag?post=15127"}],"curies":[{"name":"wp","href":"https:\/\/api.w.org\/{rel}","templated":true}]}}