{"id":15125,"date":"2025-02-24T22:48:09","date_gmt":"2025-02-24T21:48:09","guid":{"rendered":"https:\/\/staviori.com.pl\/product\/bizuteria-inwestycyjna-pierscionek-pbd3940\/"},"modified":"2026-02-11T00:09:06","modified_gmt":"2026-02-10T23:09:06","slug":"bizuteria-inwestycyjna-pierscionek-pbd3940","status":"publish","type":"product","link":"https:\/\/staviori.com.pl\/cs\/product\/bizuteria-inwestycyjna-pierscionek-pbd3940\/","title":{"rendered":"Exkluzivn\u00ed | Kr\u00e1sn\u00e9 diamantov\u00e9 zasazen\u00ed v b\u00edl\u00e9m zlat\u011b 750"},"content":{"rendered":"<p>Model: DDR1857<br \/>\nWaga ok. 8,20g<\/p>\n<p>Pier\u015bcionek oprawa<br \/>\nB\u00edl\u00e9 zlato 0,750.<br \/>\n2 Diamenty, szlif brylantowy, o masie 0,27ct, barwa G-H, czysto\u015b\u0107 SI1.<br \/>\n46 Diament\u00f3w, szlif brylantowy, o masie 0,57ct, barwa G-H, czysto\u015b\u0107 SI1.<\/p>\n<p>Szeroko\u015b\u0107 12.2 mm.<br \/>\n\u015arednica korony ok. 7.8 mm.<br \/>\nWysoko\u015b\u0107 8.4 mm.<br \/>\nSzeroko\u015b\u0107 obr\u0105czki ok. 3.7-2.7 mm.<\/p>\n<p>Mo\u017cliwo\u015b\u0107 wykonania na zam\u00f3wienie z dowolnym naturalnym diamentem, laboratoryjnym diamentem, rubinem, szafirem, szmaragdem powy\u017cej 0,50ct.<br \/>\nV\u00fdrobek v libovoln\u00e9 velikosti, dostupn\u00fd pouze na vy\u017e\u00e1d\u00e1n\u00ed, doba dod\u00e1n\u00ed cca 5 t\u00fddn\u016f.<\/p>","protected":false},"excerpt":{"rendered":"<p>Efektowny pier\u015bcionek z bia\u0142ego z\u0142ota pr\u00f3by 0,750 zaprojektowany jako oprawa dla wybranego kamienia centralnego. A\u017curowa konstrukcja, finezyjna linia i blask a\u017c 48 brylant\u00f3w o \u0142\u0105cznej masie 0,84 ct tworz\u0105 niezwykle eleganck\u0105 i presti\u017cow\u0105 kompozycj\u0119. Model ten pozwala na osadzenie dowolnego kamienia \u2013 diamentu naturalnego lub laboratoryjnego, a tak\u017ce rubinu, szafiru czy szmaragdu \u2013 tworz\u0105c unikatowy, spersonalizowany pier\u015bcionek. Idealna propozycja dla os\u00f3b poszukuj\u0105cych wyj\u0105tkowego symbolu mi\u0142o\u015bci z mo\u017cliwo\u015bci\u0105 indywidualnej aran\u017cacji.<\/p>","protected":false},"featured_media":5293,"comment_status":"closed","ping_status":"closed","template":"","meta":{"om_disable_all_campaigns":false},"product_brand":[2284],"product_cat":[1803,4896,6741,801],"product_tag":[2308,3781,3793,4943,2301,4944,4938,3722,4148,4945,4946,2280,3747,4042,4941,4939,4940,4897,4948,4942,4763,4947,4950,4154,4951,4952,4153,4147,3777,4949],"class_list":{"0":"post-15125","1":"product","2":"type-product","3":"status-publish","4":"has-post-thumbnail","6":"product_brand-staviori","7":"product_cat-brylanty-exclusive","8":"product_cat-oprawa","9":"product_cat-pierscionki-brylanty-exclusive","10":"product_cat-pierscionki","11":"product_tag-biale-zloto","12":"product_tag-bile-zlato","13":"product_tag-brilianty","14":"product_tag-brilliant-cut-diamonds","15":"product_tag-brylanty","16":"product_tag-custom-ring","17":"product_tag-ddr1857","18":"product_tag-diament","19":"product_tag-emerald","20":"product_tag-gemstone-setting","21":"product_tag-lab-diamond","22":"product_tag-luksusowa-bizuteria","23":"product_tag-luxury-jewelry","24":"product_tag-luxusni-sperk","25":"product_tag-oprawa-pod-kamien","26":"product_tag-pbd3940","27":"product_tag-personalizowany-pierscionek","28":"product_tag-pierscionek-oprawa","29":"product_tag-prsten-s-oprawou","30":"product_tag-ring-setting","31":"product_tag-rubin","32":"product_tag-ruby","33":"product_tag-safir","34":"product_tag-sapphire","35":"product_tag-smaragd","36":"product_tag-stredovy-kamen","37":"product_tag-szafir","38":"product_tag-szmaragd","39":"product_tag-white-gold","40":"product_tag-zakazkovy-sperk","41":"pa_barwa-g-h","42":"pa_czystosc-si1","43":"pa_dostawca-draco","44":"pa_kamien-brylanty","45":"pa_kolor-biale","46":"pa_kruszec-zloto","47":"pa_proba-0-750","48":"pa_srednica-korony-ok-7-8mm","49":"pa_szerokosc-12-2mm","50":"pa_waga-820g","52":"first","53":"onbackorder","54":"purchasable","55":"product-type-simple"},"aioseo_notices":[],"_links":{"self":[{"href":"https:\/\/staviori.com.pl\/cs\/wp-json\/wp\/v2\/product\/15125","targetHints":{"allow":["GET"]}}],"collection":[{"href":"https:\/\/staviori.com.pl\/cs\/wp-json\/wp\/v2\/product"}],"about":[{"href":"https:\/\/staviori.com.pl\/cs\/wp-json\/wp\/v2\/types\/product"}],"replies":[{"embeddable":true,"href":"https:\/\/staviori.com.pl\/cs\/wp-json\/wp\/v2\/comments?post=15125"}],"wp:featuredmedia":[{"embeddable":true,"href":"https:\/\/staviori.com.pl\/cs\/wp-json\/wp\/v2\/media\/5293"}],"wp:attachment":[{"href":"https:\/\/staviori.com.pl\/cs\/wp-json\/wp\/v2\/media?parent=15125"}],"wp:term":[{"taxonomy":"product_brand","embeddable":true,"href":"https:\/\/staviori.com.pl\/cs\/wp-json\/wp\/v2\/product_brand?post=15125"},{"taxonomy":"product_cat","embeddable":true,"href":"https:\/\/staviori.com.pl\/cs\/wp-json\/wp\/v2\/product_cat?post=15125"},{"taxonomy":"product_tag","embeddable":true,"href":"https:\/\/staviori.com.pl\/cs\/wp-json\/wp\/v2\/product_tag?post=15125"}],"curies":[{"name":"wp","href":"https:\/\/api.w.org\/{rel}","templated":true}]}}