{"id":15120,"date":"2025-02-24T22:48:09","date_gmt":"2025-02-24T21:48:09","guid":{"rendered":"https:\/\/staviori.com.pl\/product\/bizuteria-inwestycyjna-pierscionek-pbd3935\/"},"modified":"2026-02-11T00:09:05","modified_gmt":"2026-02-10T23:09:05","slug":"bizuteria-inwestycyjna-pierscionek-pbd3935","status":"publish","type":"product","link":"https:\/\/staviori.com.pl\/cs\/product\/bizuteria-inwestycyjna-pierscionek-pbd3935\/","title":{"rendered":"Exkluzivn\u00ed | neobvykl\u00fd diamantov\u00fd prsten s ma\u0161l\u00ed"},"content":{"rendered":"<p>Model: DDR1901<br \/>\nHmotnost p\u0159ibli\u017en\u011b 5,60 g<\/p>\n<p>Prsten.<br \/>\nB\u00edl\u00e9 zlato 0,750.<br \/>\n107 Diament\u00f3w, szlif brylantowy, o masie 1,22ct., barwa G-H, czysto\u015b\u0107 SI1.<\/p>\n<p>Korona 25&#215;9.6 mm.<br \/>\nTlou\u0161\u0165ka 5,6 mm.<br \/>\nSzeroko\u015b\u0107 obr\u0105czki ok. 2.8 mm.<\/p>\n<p>Pier\u015bcionek kokardka<br \/>\nV\u00fdrobek v libovoln\u00e9 velikosti, dostupn\u00fd pouze na vy\u017e\u00e1d\u00e1n\u00ed, doba dod\u00e1n\u00ed cca 5 t\u00fddn\u016f.<\/p>","protected":false},"excerpt":{"rendered":"<p>Okouzluj\u00edc\u00ed a fenomen\u00e1ln\u00ed z\u00e1snubn\u00ed prsten z b\u00edl\u00e9ho zlata 0.750, jeho\u017e tvar ve tvaru ma\u0161le p\u0159itahuje pozornost. Je os\u00e1zen a\u017e 107 diamanty o celkov\u00e9 v\u00e1ze 1,22 ct a pot\u011b\u0161\u00ed jemn\u00fdm leskem a romantick\u00fdm charakterem. Je dokonalou nab\u00eddkou pro \u017eeny, kter\u00e9 ocen\u00ed origin\u00e1ln\u00ed styl, lehkost a eleganci uzav\u0159enou v jedine\u010dn\u00e9m tvaru. \u0160perk pln\u00fd p\u016fvabu, kter\u00fd symbolizuje l\u00e1sku v jej\u00ed nejkr\u00e1sn\u011bj\u0161\u00ed podob\u011b.<\/p>","protected":false},"featured_media":19596,"comment_status":"closed","ping_status":"closed","template":"","meta":{"om_disable_all_campaigns":false},"product_brand":[2284],"product_cat":[1803,6741,801],"product_tag":[2308,3781,4995,3793,4943,2301,3751,4993,4928,4909,4906,4997,2391,4317,5000,4245,4992,4668,4996,4998,2579,4994,3777,4910,4999],"class_list":{"0":"post-15120","1":"product","2":"type-product","3":"status-publish","4":"has-post-thumbnail","6":"product_brand-staviori","7":"product_cat-brylanty-exclusive","8":"product_cat-pierscionki-brylanty-exclusive","9":"product_cat-pierscionki","10":"product_tag-biale-zloto","11":"product_tag-bile-zlato","12":"product_tag-bow-ring","13":"product_tag-brilianty","14":"product_tag-brilliant-cut-diamonds","15":"product_tag-brylanty","16":"product_tag-diamanty","17":"product_tag-diamentowy-pierscionek","18":"product_tag-diamond-ring","19":"product_tag-elegant-ring","20":"product_tag-engagement-ring","21":"product_tag-feminine-style","22":"product_tag-kokarda","23":"product_tag-luksusowy-prezent","24":"product_tag-luxusni-zasnubni-prsten","25":"product_tag-masle","26":"product_tag-pbd3935","27":"product_tag-pierscionek-zareczynowy","28":"product_tag-romantic-jewelry","29":"product_tag-romanticky-styl","30":"product_tag-romantyczna-bizuteria","31":"product_tag-subtelny-styl","32":"product_tag-white-gold","33":"product_tag-zasnubni-prsten","34":"product_tag-zensky-sperk","35":"pa_barwa-g-h","36":"pa_czystosc-si1","37":"pa_dostawca-draco","38":"pa_grubosc-5-6mm","39":"pa_kamien-brylanty","40":"pa_kolor-biale","41":"pa_korona-25x9-6mm","42":"pa_kruszec-zloto","43":"pa_proba-0-750","44":"pa_waga-560g","46":"first","47":"onbackorder","48":"purchasable","49":"product-type-simple"},"aioseo_notices":[],"_links":{"self":[{"href":"https:\/\/staviori.com.pl\/cs\/wp-json\/wp\/v2\/product\/15120","targetHints":{"allow":["GET"]}}],"collection":[{"href":"https:\/\/staviori.com.pl\/cs\/wp-json\/wp\/v2\/product"}],"about":[{"href":"https:\/\/staviori.com.pl\/cs\/wp-json\/wp\/v2\/types\/product"}],"replies":[{"embeddable":true,"href":"https:\/\/staviori.com.pl\/cs\/wp-json\/wp\/v2\/comments?post=15120"}],"wp:featuredmedia":[{"embeddable":true,"href":"https:\/\/staviori.com.pl\/cs\/wp-json\/wp\/v2\/media\/19596"}],"wp:attachment":[{"href":"https:\/\/staviori.com.pl\/cs\/wp-json\/wp\/v2\/media?parent=15120"}],"wp:term":[{"taxonomy":"product_brand","embeddable":true,"href":"https:\/\/staviori.com.pl\/cs\/wp-json\/wp\/v2\/product_brand?post=15120"},{"taxonomy":"product_cat","embeddable":true,"href":"https:\/\/staviori.com.pl\/cs\/wp-json\/wp\/v2\/product_cat?post=15120"},{"taxonomy":"product_tag","embeddable":true,"href":"https:\/\/staviori.com.pl\/cs\/wp-json\/wp\/v2\/product_tag?post=15120"}],"curies":[{"name":"wp","href":"https:\/\/api.w.org\/{rel}","templated":true}]}}