{"id":15116,"date":"2025-02-24T22:48:05","date_gmt":"2025-02-24T21:48:05","guid":{"rendered":"https:\/\/staviori.com.pl\/product\/pierscionek-z-diamentem-pbd3907\/"},"modified":"2026-02-11T00:09:05","modified_gmt":"2026-02-10T23:09:05","slug":"pierscionek-z-diamentem-pbd3907","status":"publish","type":"product","link":"https:\/\/staviori.com.pl\/cs\/product\/pierscionek-z-diamentem-pbd3907\/","title":{"rendered":"z\u00e1snubn\u00ed prsten srdce a nekone\u010dno s diamanty"},"content":{"rendered":"<p>Model: PBD3907<br \/>\nHmotnost p\u0159ibli\u017en\u011b 2,80 g<\/p>\n<p>Prsten.<br \/>\nB\u00edl\u00e9 zlato 0,585.<br \/>\n9 diamant\u016f, briliantov\u00fd brus, hmotnost 0,05ct, barva H, \u010distota SI1-SI2.<\/p>\n<p>Pr\u016fm\u011br korunky cca 7,2 \u00d7 16 mm.<br \/>\nV\u00fd\u0161ka 3,7 mm.<\/p>\n<p>Z\u00e1snubn\u00ed prsten nebo prsten k v\u00fdro\u010d\u00ed<br \/>\nV\u00fdrobek v libovoln\u00e9 velikosti, dostupn\u00fd pouze na vy\u017e\u00e1d\u00e1n\u00ed, doba dod\u00e1n\u00ed cca 5 t\u00fddn\u016f.<\/p>","protected":false},"excerpt":{"rendered":"<p>Jemn\u00fd z\u00e1snubn\u00ed prsten z b\u00edl\u00e9ho zlata 0,585, kter\u00fd pot\u011b\u0161\u00ed svou romantickou symbolikou a jemn\u00fdm t\u0159pytem. Motiv nekone\u010dna v kombinaci se srdcem vytv\u00e1\u0159\u00ed jedine\u010dnou kompozici, kter\u00e1 symbolizuje v\u011b\u010dnou l\u00e1sku a oddanost. Dev\u011bt drobn\u00fdch diamant\u016f o celkov\u00e9 hmotnosti 0,05 ct dod\u00e1v\u00e1 \u0161perku eleganci a lehkost. Ide\u00e1ln\u00ed volba pro \u017eenu, kter\u00e1 ocen\u00ed minimalistick\u00fd a smyslupln\u00fd \u0161perk.<\/p>","protected":false},"featured_media":5255,"comment_status":"closed","ping_status":"closed","template":"","meta":{"om_disable_all_campaigns":false},"product_brand":[2284],"product_cat":[1838,2182,801],"product_tag":[2308,2565,2296,4856,4880,4668,3713,1414,4879],"class_list":{"0":"post-15116","1":"product","2":"type-product","3":"status-publish","4":"has-post-thumbnail","6":"product_brand-staviori","7":"product_cat-diamenty","8":"product_cat-pierscionek-z-diamentem","9":"product_cat-pierscionki","10":"product_tag-biale-zloto","11":"product_tag-delikatna-bizuteria","12":"product_tag-diamenty","13":"product_tag-minimalistyczny-pierscionek","14":"product_tag-pbd3907","15":"product_tag-pierscionek-zareczynowy","16":"product_tag-romantyczny-prezent","17":"product_tag-serce","18":"product_tag-symbol-nieskonczonosci","19":"pa_barwa-h-2","20":"pa_czystosc-si1","21":"pa_dostawca-estrella","22":"pa_kamien-diamenty","23":"pa_kamien-brylanty","24":"pa_kolor-biale","25":"pa_kruszec-zloto","26":"pa_motyw-nieskonczonosc","27":"pa_motyw-serce","28":"pa_proba-0-585","29":"pa_srednica-korony-ok-7-2x16mm","30":"pa_waga-280g","31":"pa_wysokosc-3-7mm","33":"first","34":"onbackorder","35":"purchasable","36":"product-type-simple"},"aioseo_notices":[],"_links":{"self":[{"href":"https:\/\/staviori.com.pl\/cs\/wp-json\/wp\/v2\/product\/15116","targetHints":{"allow":["GET"]}}],"collection":[{"href":"https:\/\/staviori.com.pl\/cs\/wp-json\/wp\/v2\/product"}],"about":[{"href":"https:\/\/staviori.com.pl\/cs\/wp-json\/wp\/v2\/types\/product"}],"replies":[{"embeddable":true,"href":"https:\/\/staviori.com.pl\/cs\/wp-json\/wp\/v2\/comments?post=15116"}],"wp:featuredmedia":[{"embeddable":true,"href":"https:\/\/staviori.com.pl\/cs\/wp-json\/wp\/v2\/media\/5255"}],"wp:attachment":[{"href":"https:\/\/staviori.com.pl\/cs\/wp-json\/wp\/v2\/media?parent=15116"}],"wp:term":[{"taxonomy":"product_brand","embeddable":true,"href":"https:\/\/staviori.com.pl\/cs\/wp-json\/wp\/v2\/product_brand?post=15116"},{"taxonomy":"product_cat","embeddable":true,"href":"https:\/\/staviori.com.pl\/cs\/wp-json\/wp\/v2\/product_cat?post=15116"},{"taxonomy":"product_tag","embeddable":true,"href":"https:\/\/staviori.com.pl\/cs\/wp-json\/wp\/v2\/product_tag?post=15116"}],"curies":[{"name":"wp","href":"https:\/\/api.w.org\/{rel}","templated":true}]}}