{"id":15104,"date":"2025-02-24T22:48:05","date_gmt":"2025-02-24T21:48:05","guid":{"rendered":"https:\/\/staviori.com.pl\/product\/pierscionek-z-diamentem-pbd3892\/"},"modified":"2026-02-11T00:09:05","modified_gmt":"2026-02-10T23:09:05","slug":"pierscionek-z-diamentem-pbd3892","status":"publish","type":"product","link":"https:\/\/staviori.com.pl\/cs\/product\/pierscionek-z-diamentem-pbd3892\/","title":{"rendered":"pier\u015bcionek z bia\u0142ego z\u0142ota z 28 brylantami"},"content":{"rendered":"<p>Model: PBD3892<br \/>\nWaga ok. 2,20g<\/p>\n<p>Prsten.<br \/>\nB\u00edl\u00e9 zlato 0,585.<br \/>\n28 Diament\u00f3w, szlif brylantowy, o masie 0,15ct, barwa H, czysto\u015b\u0107 SI2.<\/p>\n<p>\u015arednica korony ok. 12 mm.<\/p>\n<p>V\u00fdrobek v libovoln\u00e9 velikosti, dostupn\u00fd pouze na vy\u017e\u00e1d\u00e1n\u00ed, doba dod\u00e1n\u00ed cca 5 t\u00fddn\u016f.<\/p>","protected":false},"excerpt":{"rendered":"<p>Zjawiskowy pier\u015bcionek z bia\u0142ego z\u0142ota, ozdobiony a\u017c 28 diamentami o \u0142\u0105cznej masie 0,15 ct, zachwyca elegancj\u0105 i blaskiem. Centralna kompozycja w formie okr\u0105g\u0142ej korony o \u015brednicy 12 mm przyci\u0105ga spojrzenia dzi\u0119ki misternemu u\u0142o\u017ceniu brylant\u00f3w w dw\u00f3ch rz\u0119dach. Ten finezyjny projekt \u0142\u0105czy nowoczesno\u015b\u0107 z ponadczasow\u0105 klasyk\u0105, tworz\u0105c wyj\u0105tkowy dodatek dla kobiet ceni\u0105cych subtelny luksus. Idealny jako prezent z okazji zar\u0119czyn, rocznicy lub wyj\u0105tkowego momentu.<\/p>","protected":false},"featured_media":19517,"comment_status":"closed","ping_status":"closed","template":"","meta":{"om_disable_all_campaigns":false},"product_brand":[2284],"product_cat":[1838,2182,801],"product_tag":[4874,2311,2301,4672,4873,4108,4708,4668,2291],"class_list":{"0":"post-15104","1":"product","2":"type-product","3":"status-publish","4":"has-post-thumbnail","6":"product_brand-staviori","7":"product_cat-diamenty","8":"product_cat-pierscionek-z-diamentem","9":"product_cat-pierscionki","10":"product_tag-bialy-zloto","11":"product_tag-bizuteria-luksusowa","12":"product_tag-brylanty","13":"product_tag-elegancki-pierscionek","14":"product_tag-pbd3892","15":"product_tag-pierscionek","16":"product_tag-pierscionek-z-diamentami","17":"product_tag-pierscionek-zareczynowy","18":"product_tag-prezent-dla-niej","19":"pa_barwa-h-2","20":"pa_czystosc-si2","21":"pa_dostawca-estrella","22":"pa_kamien-diament","23":"pa_kolor-biale","24":"pa_kruszec-zloto","25":"pa_proba-0-585","26":"pa_srednica-korony-ok-12mm","27":"pa_waga-220g","29":"first","30":"onbackorder","31":"purchasable","32":"product-type-simple"},"aioseo_notices":[],"_links":{"self":[{"href":"https:\/\/staviori.com.pl\/cs\/wp-json\/wp\/v2\/product\/15104","targetHints":{"allow":["GET"]}}],"collection":[{"href":"https:\/\/staviori.com.pl\/cs\/wp-json\/wp\/v2\/product"}],"about":[{"href":"https:\/\/staviori.com.pl\/cs\/wp-json\/wp\/v2\/types\/product"}],"replies":[{"embeddable":true,"href":"https:\/\/staviori.com.pl\/cs\/wp-json\/wp\/v2\/comments?post=15104"}],"wp:featuredmedia":[{"embeddable":true,"href":"https:\/\/staviori.com.pl\/cs\/wp-json\/wp\/v2\/media\/19517"}],"wp:attachment":[{"href":"https:\/\/staviori.com.pl\/cs\/wp-json\/wp\/v2\/media?parent=15104"}],"wp:term":[{"taxonomy":"product_brand","embeddable":true,"href":"https:\/\/staviori.com.pl\/cs\/wp-json\/wp\/v2\/product_brand?post=15104"},{"taxonomy":"product_cat","embeddable":true,"href":"https:\/\/staviori.com.pl\/cs\/wp-json\/wp\/v2\/product_cat?post=15104"},{"taxonomy":"product_tag","embeddable":true,"href":"https:\/\/staviori.com.pl\/cs\/wp-json\/wp\/v2\/product_tag?post=15104"}],"curies":[{"name":"wp","href":"https:\/\/api.w.org\/{rel}","templated":true}]}}