{"id":15087,"date":"2025-02-24T22:48:00","date_gmt":"2025-02-24T21:48:00","guid":{"rendered":"https:\/\/staviori.com.pl\/product\/pierscionek-z-diamentem-pbd3813\/"},"modified":"2026-02-11T00:09:05","modified_gmt":"2026-02-10T23:09:05","slug":"pierscionek-z-diamentem-pbd3813","status":"publish","type":"product","link":"https:\/\/staviori.com.pl\/cs\/product\/pierscionek-z-diamentem-pbd3813\/","title":{"rendered":"elegantn\u00ed prsten s \u010dern\u00fdmi a b\u00edl\u00fdmi diamanty"},"content":{"rendered":"<p>Model: PBD3813<br \/>\nHmotnost p\u0159ibli\u017en\u011b 3,90 g<\/p>\n<p>Prsten.<br \/>\nB\u00edl\u00e9 zlato 0,585.<br \/>\n36 Diament\u00f3w, szlif brylantowy, o masie 0,30ct, barwa H, czysto\u015b\u0107 I1.<br \/>\n12 Diament\u00f3w, kolor czarny, szlif brylantowy, o masie 0,46ct.<\/p>\n<p>\u0160\u00ed\u0159ka 6 mm.<\/p>\n<p>V\u00fdrobek v libovoln\u00e9 velikosti, dostupn\u00fd pouze na vy\u017e\u00e1d\u00e1n\u00ed, doba dod\u00e1n\u00ed cca 5 t\u00fddn\u016f.<br \/>\nAlternatywnie zamiast czarnych diament\u00f3w: 12 Szafir\u00f3w, szlif brylantowy, o masie 0,45ct.<\/p>","protected":false},"excerpt":{"rendered":"<p>P\u016fsobiv\u00fd prsten z b\u00edl\u00e9ho zlata 0.585, kter\u00fd zaujme kontrastn\u00ed kombinac\u00ed klasiky a moderny. Centr\u00e1ln\u00ed \u010d\u00e1st zdob\u00ed dvan\u00e1ct \u010dern\u00fdch diamant\u016f o celkov\u00e9 hmotnosti 0,46 ct, kter\u00e9 jsou obklopeny dv\u011bma \u0159adami b\u00edl\u00fdch diamant\u016f o hmotnosti 0,30 ct. Drah\u00e9 kameny vytv\u00e1\u0159ej\u00ed oslnivou kompozici plnou lesku a hloubky. Ide\u00e1ln\u00ed volba pro \u017eenu, kter\u00e1 miluje v\u00fdrazn\u00e9, elegantn\u00ed \u0161perky s jedine\u010dn\u00fdm charakterem.<\/p>","protected":false},"featured_media":5110,"comment_status":"closed","ping_status":"closed","template":"","meta":{"om_disable_all_campaigns":false},"product_brand":[2284],"product_cat":[1838,2182,801],"product_tag":[2326,2555,4713,4870,4767,4871,4827,4872],"class_list":{"0":"post-15087","1":"product","2":"type-product","3":"status-publish","4":"has-post-thumbnail","6":"product_brand-staviori","7":"product_cat-diamenty","8":"product_cat-pierscionek-z-diamentem","9":"product_cat-pierscionki","10":"product_tag-bizuteria-z-diamentami","11":"product_tag-ekskluzywna-bizuteria","12":"product_tag-luksusowy-pierscionek","13":"product_tag-pbd3813","14":"product_tag-pierscionek-z-bialego-zlota","15":"product_tag-pierscionek-z-bialymi-diamentami","16":"product_tag-pierscionek-z-czarnym-diamentem","17":"product_tag-szeroki-pierscionek","18":"pa_barwa-h-2","19":"pa_czystosc-i1","20":"pa_dostawca-estrella","21":"pa_dostawca-jigar","22":"pa_kamien-biale-diamenty","23":"pa_kamien-czarne-diamenty","24":"pa_kolor-biale","25":"pa_kruszec-zloto","26":"pa_proba-0-585","27":"pa_szerokosc-6mm","28":"pa_szlif-brylantowy-okragly","29":"pa_waga-390g","31":"first","32":"onbackorder","33":"purchasable","34":"product-type-simple"},"aioseo_notices":[],"_links":{"self":[{"href":"https:\/\/staviori.com.pl\/cs\/wp-json\/wp\/v2\/product\/15087","targetHints":{"allow":["GET"]}}],"collection":[{"href":"https:\/\/staviori.com.pl\/cs\/wp-json\/wp\/v2\/product"}],"about":[{"href":"https:\/\/staviori.com.pl\/cs\/wp-json\/wp\/v2\/types\/product"}],"replies":[{"embeddable":true,"href":"https:\/\/staviori.com.pl\/cs\/wp-json\/wp\/v2\/comments?post=15087"}],"wp:featuredmedia":[{"embeddable":true,"href":"https:\/\/staviori.com.pl\/cs\/wp-json\/wp\/v2\/media\/5110"}],"wp:attachment":[{"href":"https:\/\/staviori.com.pl\/cs\/wp-json\/wp\/v2\/media?parent=15087"}],"wp:term":[{"taxonomy":"product_brand","embeddable":true,"href":"https:\/\/staviori.com.pl\/cs\/wp-json\/wp\/v2\/product_brand?post=15087"},{"taxonomy":"product_cat","embeddable":true,"href":"https:\/\/staviori.com.pl\/cs\/wp-json\/wp\/v2\/product_cat?post=15087"},{"taxonomy":"product_tag","embeddable":true,"href":"https:\/\/staviori.com.pl\/cs\/wp-json\/wp\/v2\/product_tag?post=15087"}],"curies":[{"name":"wp","href":"https:\/\/api.w.org\/{rel}","templated":true}]}}