{"id":15084,"date":"2025-02-24T22:48:00","date_gmt":"2025-02-24T21:48:00","guid":{"rendered":"https:\/\/staviori.com.pl\/product\/pierscionek-z-diamentem-pbd3749\/"},"modified":"2026-02-11T00:09:05","modified_gmt":"2026-02-10T23:09:05","slug":"pierscionek-z-diamentem-pbd3749","status":"publish","type":"product","link":"https:\/\/staviori.com.pl\/cs\/product\/pierscionek-z-diamentem-pbd3749\/","title":{"rendered":"r\u016f\u017eov\u00fd prsten z b\u00edl\u00e9ho zlata s diamantem"},"content":{"rendered":"<p>Model: PBD3749<br \/>\nHmotnost p\u0159ibli\u017en\u011b 1,90 g<\/p>\n<p>Prsten.<br \/>\nB\u00edl\u00e9 zlato 0.585 pokoven\u00e9 r\u016f\u017eov\u00fdm rhodiem<br \/>\n1 diamant, briliantov\u00fd brus, hmotnost 0,01ct, barva H, \u010distota I1.<\/p>\n<p>Pr\u016fm\u011br korunky cca 5 mm.<br \/>\n\u0160\u00ed\u0159ka krou\u017eku je p\u0159ibli\u017en\u011b 2 mm.<\/p>\n<p>K dispozici jsou pouze n\u011bkter\u00e9 velikosti - zeptejte se<\/p>","protected":false},"excerpt":{"rendered":"<p>Okouzluj\u00edc\u00ed prsten z b\u00edl\u00e9ho zlata 0.585, kter\u00fd zaujme svou jemnost\u00ed a decentn\u00edm p\u016fvabem. \u00dast\u0159edn\u00edm bodem je drobn\u00e1 r\u016f\u017ei\u010dka pokryt\u00e1 r\u016f\u017eov\u00fdm zlatem, v jej\u00edm\u017e srdci z\u00e1\u0159\u00ed drobn\u00fd diamant v briliantov\u00e9m brusu. Symbolika kv\u011btu l\u00e1sky a jiskra drah\u00e9ho kamene \u010din\u00ed z tohoto modelu jedine\u010dnou volbu pro romantick\u00e9 du\u0161e. Ide\u00e1ln\u00ed jako d\u00e1rek od srdce - pln\u00fd \u0161armu a emoc\u00ed.<\/p>","protected":false},"featured_media":5082,"comment_status":"closed","ping_status":"closed","template":"","meta":{"om_disable_all_campaigns":false},"product_brand":[2284],"product_cat":[1838,2182,801],"product_tag":[4679,4865,4863,4867,4866,4767,4686,4839,4864,2579],"class_list":{"0":"post-15084","1":"product","2":"type-product","3":"status-publish","4":"has-post-thumbnail","6":"product_brand-staviori","7":"product_cat-diamenty","8":"product_cat-pierscionek-z-diamentem","9":"product_cat-pierscionki","10":"product_tag-delikatny-pierscionek","11":"product_tag-motyw-rozy","12":"product_tag-pbd3749","13":"product_tag-pierscionek-dla-dziecka","14":"product_tag-pierscionek-dla-dziewczynki","15":"product_tag-pierscionek-z-bialego-zlota","16":"product_tag-pierscionek-z-diamentem","17":"product_tag-pierscionek-z-kwiatem","18":"product_tag-pierscionek-z-rozowym-zlotem","19":"product_tag-romantyczna-bizuteria","20":"pa_barwa-h-2","21":"pa_czystosc-i1","22":"pa_dostawca-iza","23":"pa_kamien-diament","24":"pa_kolor-biale","25":"pa_kruszec-zloto","26":"pa_proba-0-585","27":"pa_rozmiar-4862","28":"pa_srednica-korony-ok-5mm","29":"pa_szerokosc-obraczki-ok-2mm","30":"pa_waga-190g","32":"first","33":"instock","34":"purchasable","35":"product-type-simple"},"aioseo_notices":[],"_links":{"self":[{"href":"https:\/\/staviori.com.pl\/cs\/wp-json\/wp\/v2\/product\/15084","targetHints":{"allow":["GET"]}}],"collection":[{"href":"https:\/\/staviori.com.pl\/cs\/wp-json\/wp\/v2\/product"}],"about":[{"href":"https:\/\/staviori.com.pl\/cs\/wp-json\/wp\/v2\/types\/product"}],"replies":[{"embeddable":true,"href":"https:\/\/staviori.com.pl\/cs\/wp-json\/wp\/v2\/comments?post=15084"}],"wp:featuredmedia":[{"embeddable":true,"href":"https:\/\/staviori.com.pl\/cs\/wp-json\/wp\/v2\/media\/5082"}],"wp:attachment":[{"href":"https:\/\/staviori.com.pl\/cs\/wp-json\/wp\/v2\/media?parent=15084"}],"wp:term":[{"taxonomy":"product_brand","embeddable":true,"href":"https:\/\/staviori.com.pl\/cs\/wp-json\/wp\/v2\/product_brand?post=15084"},{"taxonomy":"product_cat","embeddable":true,"href":"https:\/\/staviori.com.pl\/cs\/wp-json\/wp\/v2\/product_cat?post=15084"},{"taxonomy":"product_tag","embeddable":true,"href":"https:\/\/staviori.com.pl\/cs\/wp-json\/wp\/v2\/product_tag?post=15084"}],"curies":[{"name":"wp","href":"https:\/\/api.w.org\/{rel}","templated":true}]}}