{"id":15080,"date":"2025-02-24T22:48:00","date_gmt":"2025-02-24T21:48:00","guid":{"rendered":"https:\/\/staviori.com.pl\/product\/pierscionek-z-diamentem-pbd3706\/"},"modified":"2026-02-11T00:09:04","modified_gmt":"2026-02-10T23:09:04","slug":"pierscionek-z-diamentem-pbd3706","status":"publish","type":"product","link":"https:\/\/staviori.com.pl\/cs\/product\/pierscionek-z-diamentem-pbd3706\/","title":{"rendered":"prsten z b\u00edl\u00e9ho zlata s \u010dern\u00fdm diamantem 0,25ct"},"content":{"rendered":"<p>Model: PBD3706<br \/>\nHmotnost p\u0159ibli\u017en\u011b 2,90 g<\/p>\n<p>Prsten.<br \/>\nB\u00edl\u00e9 zlato 0,585.<br \/>\n1 diamant, \u010dern\u00e9 barvy, briliantov\u00fd brus, o hmotnosti 0,25ct.<\/p>\n<p>\u015arednica korony ok. 5.25 mm.<br \/>\nWysoko\u015b\u0107 5.05 mm.<br \/>\nSzeroko\u015b\u0107 obr\u0105czki ok. 2.80 mm.<\/p>\n<p>K dispozici na individu\u00e1ln\u00ed objedn\u00e1vku s jak\u00fdmkoli jin\u00fdm diamantem.<br \/>\nV\u00fdrobek v libovoln\u00e9 velikosti, dostupn\u00fd pouze na vy\u017e\u00e1d\u00e1n\u00ed, doba dod\u00e1n\u00ed cca 2 t\u00fddny.<\/p>","protected":false},"excerpt":{"rendered":"<p>Elegancki pier\u015bcionek zar\u0119czynowy z bia\u0142ego z\u0142ota pr\u00f3by 0,585, zdobiony wyj\u0105tkowym czarnym diamentem o masie 0,25 ct. Klasyczna korona z sze\u015bcioma \u0142apkami pi\u0119knie eksponuje kamie\u0144, a delikatnie skr\u0119cona szyna nadaje ca\u0142o\u015bci nowoczesny, a zarazem subtelny charakter. To doskona\u0142y wyb\u00f3r dla os\u00f3b poszukuj\u0105cych oryginalno\u015bci i ponadczasowej elegancji.<\/p>","protected":false},"featured_media":5027,"comment_status":"closed","ping_status":"closed","template":"","meta":{"om_disable_all_campaigns":false},"product_brand":[2284],"product_cat":[1838,6752,2182,801],"product_tag":[2308,2405,4713,2569,4868,4869,4827,4668],"class_list":{"0":"post-15080","1":"product","2":"type-product","3":"status-publish","4":"has-post-thumbnail","6":"product_brand-staviori","7":"product_cat-diamenty","8":"product_cat-kolekcja-staviori-must-have","9":"product_cat-pierscionek-z-diamentem","10":"product_cat-pierscionki","11":"product_tag-biale-zloto","12":"product_tag-czarne-zloto","13":"product_tag-luksusowy-pierscionek","14":"product_tag-nowoczesna-bizuteria","15":"product_tag-pbd3706","16":"product_tag-pierscionek-z-brylantem","17":"product_tag-pierscionek-z-czarnym-diamentem","18":"product_tag-pierscionek-zareczynowy","19":"pa_dostawca-iza","20":"pa_kamien-czarny-diament","21":"pa_kolor-biale","22":"pa_kruszec-zloto","23":"pa_proba-0-585","24":"pa_srednica-korony-ok-5-25mm","25":"pa_szlif-brylantowy-okragly","26":"pa_waga-290g","27":"pa_wysokosc-5-05mm","29":"first","30":"onbackorder","31":"purchasable","32":"product-type-simple"},"aioseo_notices":[],"_links":{"self":[{"href":"https:\/\/staviori.com.pl\/cs\/wp-json\/wp\/v2\/product\/15080","targetHints":{"allow":["GET"]}}],"collection":[{"href":"https:\/\/staviori.com.pl\/cs\/wp-json\/wp\/v2\/product"}],"about":[{"href":"https:\/\/staviori.com.pl\/cs\/wp-json\/wp\/v2\/types\/product"}],"replies":[{"embeddable":true,"href":"https:\/\/staviori.com.pl\/cs\/wp-json\/wp\/v2\/comments?post=15080"}],"wp:featuredmedia":[{"embeddable":true,"href":"https:\/\/staviori.com.pl\/cs\/wp-json\/wp\/v2\/media\/5027"}],"wp:attachment":[{"href":"https:\/\/staviori.com.pl\/cs\/wp-json\/wp\/v2\/media?parent=15080"}],"wp:term":[{"taxonomy":"product_brand","embeddable":true,"href":"https:\/\/staviori.com.pl\/cs\/wp-json\/wp\/v2\/product_brand?post=15080"},{"taxonomy":"product_cat","embeddable":true,"href":"https:\/\/staviori.com.pl\/cs\/wp-json\/wp\/v2\/product_cat?post=15080"},{"taxonomy":"product_tag","embeddable":true,"href":"https:\/\/staviori.com.pl\/cs\/wp-json\/wp\/v2\/product_tag?post=15080"}],"curies":[{"name":"wp","href":"https:\/\/api.w.org\/{rel}","templated":true}]}}