{"id":15074,"date":"2025-02-24T22:47:56","date_gmt":"2025-02-24T21:47:56","guid":{"rendered":"https:\/\/staviori.com.pl\/product\/pierscionek-z-diamentem-pbd3471\/"},"modified":"2026-02-11T00:09:03","modified_gmt":"2026-02-10T23:09:03","slug":"pierscionek-z-diamentem-pbd3471","status":"publish","type":"product","link":"https:\/\/staviori.com.pl\/cs\/product\/pierscionek-z-diamentem-pbd3471\/","title":{"rendered":"Exkluzivn\u00ed | jemn\u00fd diamantov\u00fd prsten z b\u00edl\u00e9ho zlata 750"},"content":{"rendered":"<p>Model: PBD3471<br \/>\nHmotnost p\u0159ibli\u017en\u011b 1,60 g<\/p>\n<p>Prsten.<br \/>\nB\u00edl\u00e9 zlato 0,750.<br \/>\n9 diamant\u016f, briliantov\u00fd brus, hmotnost 0,12ct, barva G, \u010distota SI1.<\/p>\n<p>Pr\u016fm\u011br korunky cca 4,5 mm.<\/p>\n<p>Z\u00e1snubn\u00ed prsten<br \/>\nK dispozici jsou pouze n\u011bkter\u00e9 velikosti - zeptejte se<\/p>","protected":false},"excerpt":{"rendered":"<p>Kr\u00e1sn\u00fd z\u00e1snubn\u00ed prsten z b\u00edl\u00e9ho zlata 0,750, kter\u00fd ohromuje svou jemnost\u00ed a klasick\u00fdm tvarem. Ve st\u0159edu kompozice se nach\u00e1z\u00ed 9 pe\u010dliv\u011b vybran\u00fdch diamant\u016f o celkov\u00e9 hmotnosti 0,12 ct, kter\u00e9 tvo\u0159\u00ed motiv jemn\u00e9ho kv\u011btu. Diamantov\u00fd lesk kamen\u016f v kombinaci s elegantn\u00ed, lehkou kolejni\u010dkou vytv\u00e1\u0159\u00ed efekt oslniv\u00e9ho, a p\u0159esto nad\u010dasov\u00e9ho \u0161perku - ide\u00e1ln\u00edho pro v\u00fdjime\u010dn\u00fd okam\u017eik ozn\u00e1men\u00ed.<\/p>","protected":false},"featured_media":4981,"comment_status":"closed","ping_status":"closed","template":"","meta":{"om_disable_all_campaigns":false},"product_brand":[2284],"product_cat":[1838,6752,2182,801],"product_tag":[4482,2308,2658,2296,2603,4840,4839,4668],"class_list":{"0":"post-15074","1":"product","2":"type-product","3":"status-publish","4":"has-post-thumbnail","6":"product_brand-staviori","7":"product_cat-diamenty","8":"product_cat-kolekcja-staviori-must-have","9":"product_cat-pierscionek-z-diamentem","10":"product_cat-pierscionki","11":"product_tag-18-karatowe-zloto","12":"product_tag-biale-zloto","13":"product_tag-biale-zloto-750","14":"product_tag-diamenty","15":"product_tag-klasyczna-bizuteria","16":"product_tag-pbd3471","17":"product_tag-pierscionek-z-kwiatem","18":"product_tag-pierscionek-zareczynowy","19":"pa_barwa-g-2","20":"pa_czystosc-si1","21":"pa_kamien-brylanty","22":"pa_kolor-biale","23":"pa_kruszec-zloto","24":"pa_proba-0-750","25":"pa_rozmiar-2351","26":"pa_srednica-korony-ok-4-5mm","27":"pa_waga-160g","29":"first","30":"instock","31":"purchasable","32":"product-type-simple"},"aioseo_notices":[],"_links":{"self":[{"href":"https:\/\/staviori.com.pl\/cs\/wp-json\/wp\/v2\/product\/15074","targetHints":{"allow":["GET"]}}],"collection":[{"href":"https:\/\/staviori.com.pl\/cs\/wp-json\/wp\/v2\/product"}],"about":[{"href":"https:\/\/staviori.com.pl\/cs\/wp-json\/wp\/v2\/types\/product"}],"replies":[{"embeddable":true,"href":"https:\/\/staviori.com.pl\/cs\/wp-json\/wp\/v2\/comments?post=15074"}],"wp:featuredmedia":[{"embeddable":true,"href":"https:\/\/staviori.com.pl\/cs\/wp-json\/wp\/v2\/media\/4981"}],"wp:attachment":[{"href":"https:\/\/staviori.com.pl\/cs\/wp-json\/wp\/v2\/media?parent=15074"}],"wp:term":[{"taxonomy":"product_brand","embeddable":true,"href":"https:\/\/staviori.com.pl\/cs\/wp-json\/wp\/v2\/product_brand?post=15074"},{"taxonomy":"product_cat","embeddable":true,"href":"https:\/\/staviori.com.pl\/cs\/wp-json\/wp\/v2\/product_cat?post=15074"},{"taxonomy":"product_tag","embeddable":true,"href":"https:\/\/staviori.com.pl\/cs\/wp-json\/wp\/v2\/product_tag?post=15074"}],"curies":[{"name":"wp","href":"https:\/\/api.w.org\/{rel}","templated":true}]}}