{"id":15072,"date":"2025-02-24T22:47:56","date_gmt":"2025-02-24T21:47:56","guid":{"rendered":"https:\/\/staviori.com.pl\/product\/bizuteria-inwestycyjna-pierscionek-pbd3299\/"},"modified":"2026-02-11T00:09:03","modified_gmt":"2026-02-10T23:09:03","slug":"bizuteria-inwestycyjna-pierscionek-pbd3299","status":"publish","type":"product","link":"https:\/\/staviori.com.pl\/cs\/product\/bizuteria-inwestycyjna-pierscionek-pbd3299\/","title":{"rendered":"Exkluzivn\u00ed | prsten s \u010dern\u00fdmi a b\u00edl\u00fdmi diamanty ve tvaru r\u016f\u017ee"},"content":{"rendered":"<p>Model: DDR1319<br \/>\nHmotnost p\u0159ibli\u017en\u011b 22,70 g<\/p>\n<p>Prsten.<br \/>\nB\u00edl\u00e9 zlato 0,750.<br \/>\n245 Diamant\u016f, briliantov\u00fd brus, hmotnost 1,55ct, barva G, \u010distota SI1.<br \/>\n581 diamant\u016f, \u010dern\u00e9 barvy, briliantov\u00e9ho brusu, o hmotnosti 4,13ct.<\/p>\n<p>Pr\u016fm\u011br korunky cca 36 mm.<br \/>\nV\u00fd\u0161ka 12 mm.<br \/>\n\u0160\u00ed\u0159ka krou\u017eku je p\u0159ibli\u017en\u011b 5 mm.<\/p>\n<p>V\u00fdrobek v libovoln\u00e9 velikosti, dostupn\u00fd pouze na vy\u017e\u00e1d\u00e1n\u00ed, doba dod\u00e1n\u00ed cca 4 t\u00fddny.<\/p>","protected":false},"excerpt":{"rendered":"<p>Fenomen\u00e1ln\u00ed prsten v podob\u011b rozkvetl\u00e9 r\u016f\u017ee z b\u00edl\u00e9ho zlata 0,750. Mimo\u0159\u00e1dn\u011b p\u016fsobiv\u00fd a mistrn\u011b zpracovan\u00fd, zdoben\u00fd a\u017e 826 diamanty - 245 b\u00edl\u00fdmi (1,55 ct) a 581 \u010dern\u00fdmi (4,13 ct) v briliantov\u00e9m brusu. Skulptur\u00e1ln\u00ed tvar a kontrast barev vytv\u00e1\u0159ej\u00ed kompozici plnou dramati\u010dnosti a elegance. Ide\u00e1ln\u00ed volba pro \u017eeny, kter\u00e9 miluj\u00ed v\u00fdrazn\u00e9, luxusn\u00ed \u0161perky a neboj\u00ed se p\u0159itahovat pozornost.<\/p>","protected":false},"featured_media":19465,"comment_status":"closed","ping_status":"closed","template":"","meta":{"om_disable_all_campaigns":false},"product_brand":[2284],"product_cat":[1803,6741,801],"product_tag":[2278,2907,2319,4836,2280,4838,4837,4708],"class_list":{"0":"post-15072","1":"product","2":"type-product","3":"status-publish","4":"has-post-thumbnail","6":"product_brand-staviori","7":"product_cat-brylanty-exclusive","8":"product_cat-pierscionki-brylanty-exclusive","9":"product_cat-pierscionki","10":"product_tag-biale-zloto-18k","11":"product_tag-bizuteria-artystyczna","12":"product_tag-czarne-diamenty","13":"product_tag-ddr1319","14":"product_tag-luksusowa-bizuteria","15":"product_tag-pbd3299","16":"product_tag-pierscionek-roza","17":"product_tag-pierscionek-z-diamentami","18":"pa_barwa-g-2","19":"pa_czystosc-si1","20":"pa_dostawca-draco","21":"pa_kamien-biale-diamenty","22":"pa_kamien-brylanty","23":"pa_kamien-czarne-diamenty","24":"pa_kolor-biale","25":"pa_kruszec-zloto","26":"pa_motyw-kwiatek","27":"pa_proba-0-750","28":"pa_srednica-korony-ok-36mm","29":"pa_waga-2190g","30":"pa_wysokosc-12mm","32":"first","33":"onbackorder","34":"purchasable","35":"product-type-simple"},"aioseo_notices":[],"_links":{"self":[{"href":"https:\/\/staviori.com.pl\/cs\/wp-json\/wp\/v2\/product\/15072","targetHints":{"allow":["GET"]}}],"collection":[{"href":"https:\/\/staviori.com.pl\/cs\/wp-json\/wp\/v2\/product"}],"about":[{"href":"https:\/\/staviori.com.pl\/cs\/wp-json\/wp\/v2\/types\/product"}],"replies":[{"embeddable":true,"href":"https:\/\/staviori.com.pl\/cs\/wp-json\/wp\/v2\/comments?post=15072"}],"wp:featuredmedia":[{"embeddable":true,"href":"https:\/\/staviori.com.pl\/cs\/wp-json\/wp\/v2\/media\/19465"}],"wp:attachment":[{"href":"https:\/\/staviori.com.pl\/cs\/wp-json\/wp\/v2\/media?parent=15072"}],"wp:term":[{"taxonomy":"product_brand","embeddable":true,"href":"https:\/\/staviori.com.pl\/cs\/wp-json\/wp\/v2\/product_brand?post=15072"},{"taxonomy":"product_cat","embeddable":true,"href":"https:\/\/staviori.com.pl\/cs\/wp-json\/wp\/v2\/product_cat?post=15072"},{"taxonomy":"product_tag","embeddable":true,"href":"https:\/\/staviori.com.pl\/cs\/wp-json\/wp\/v2\/product_tag?post=15072"}],"curies":[{"name":"wp","href":"https:\/\/api.w.org\/{rel}","templated":true}]}}