{"id":15062,"date":"2025-02-24T22:47:56","date_gmt":"2025-02-24T21:47:56","guid":{"rendered":"https:\/\/staviori.com.pl\/product\/pierscionek-z-diamentem-pbd2724e\/"},"modified":"2026-02-11T00:09:03","modified_gmt":"2026-02-10T23:09:03","slug":"pierscionek-z-diamentem-pbd2724e","status":"publish","type":"product","link":"https:\/\/staviori.com.pl\/cs\/product\/pierscionek-z-diamentem-pbd2724e\/","title":{"rendered":"prsten z b\u00edl\u00e9ho zlata se smaragdem a diamanty"},"content":{"rendered":"<p>Model: PBD2700E<br \/>\nHmotnost p\u0159ibli\u017en\u011b 1,63 g<\/p>\n<p>Prsten.<br \/>\nB\u00edl\u00e9 zlato 0,585.<br \/>\n5 diamant\u016f, briliantov\u00fd brus, hmotnost 0,025ct, barva H, \u010distota I1.<br \/>\n1 smaragd o hmotnosti 0,48 ct.<\/p>\n<p>Pr\u016fm\u011br korunky cca 5\u00d710 mm.<\/p>\n<p>K dispozici jsou pouze n\u011bkter\u00e9 velikosti - zeptejte se<\/p>","protected":false},"excerpt":{"rendered":"<p>\u00dachvatn\u00fd z\u00e1snubn\u00ed prsten se smaragdem v marquise brusu z b\u00edl\u00e9ho zlata o ryzosti 0,585. Syt\u011b zelen\u00fd centr\u00e1ln\u00ed k\u00e1men o hmotnosti 0,48 ct je obklopen jemnou lini\u00ed p\u011bti diamant\u016f, kter\u00e9 podtrhuj\u00ed jeho p\u0159irozenou kr\u00e1su. \u0160t\u00edhl\u00e1 li\u0161ta s m\u00edrn\u00fdm pr\u016fst\u0159ihem dod\u00e1v\u00e1 \u0161perku lehk\u00fd a modern\u00ed n\u00e1dech. Jedn\u00e1 se o jedine\u010dnou nab\u00eddku pro \u017eeny, kter\u00e9 oce\u0148uj\u00ed eleganci a barevn\u00e9 drah\u00e9 kameny.<\/p>","protected":false},"featured_media":4900,"comment_status":"closed","ping_status":"closed","template":"","meta":{"om_disable_all_campaigns":false},"product_brand":[2284],"product_cat":[1838,2182,801],"product_tag":[2308,4842,4845,4844,4843,4668,4147,4841],"class_list":{"0":"post-15062","1":"product","2":"type-product","3":"status-publish","4":"has-post-thumbnail","6":"product_brand-staviori","7":"product_cat-diamenty","8":"product_cat-pierscionek-z-diamentem","9":"product_cat-pierscionki","10":"product_tag-biale-zloto","11":"product_tag-markiza","12":"product_tag-pbd2700e","13":"product_tag-pbd2724e","14":"product_tag-pierscionek-z-kamieniem","15":"product_tag-pierscionek-zareczynowy","16":"product_tag-szmaragd","17":"product_tag-szmaragd-i-diamenty","18":"pa_barwa-h-2","19":"pa_czystosc-i1","20":"pa_dostawca-estrella","21":"pa_kamien-brylanty","22":"pa_kamien-szmaragd","23":"pa_kolor-biale","24":"pa_kruszec-zloto","25":"pa_proba-0-585","26":"pa_rozmiar-2352","27":"pa_srednica-korony-ok-5x10mm","28":"pa_waga-160g","30":"first","31":"instock","32":"purchasable","33":"product-type-simple"},"aioseo_notices":[],"_links":{"self":[{"href":"https:\/\/staviori.com.pl\/cs\/wp-json\/wp\/v2\/product\/15062","targetHints":{"allow":["GET"]}}],"collection":[{"href":"https:\/\/staviori.com.pl\/cs\/wp-json\/wp\/v2\/product"}],"about":[{"href":"https:\/\/staviori.com.pl\/cs\/wp-json\/wp\/v2\/types\/product"}],"replies":[{"embeddable":true,"href":"https:\/\/staviori.com.pl\/cs\/wp-json\/wp\/v2\/comments?post=15062"}],"wp:featuredmedia":[{"embeddable":true,"href":"https:\/\/staviori.com.pl\/cs\/wp-json\/wp\/v2\/media\/4900"}],"wp:attachment":[{"href":"https:\/\/staviori.com.pl\/cs\/wp-json\/wp\/v2\/media?parent=15062"}],"wp:term":[{"taxonomy":"product_brand","embeddable":true,"href":"https:\/\/staviori.com.pl\/cs\/wp-json\/wp\/v2\/product_brand?post=15062"},{"taxonomy":"product_cat","embeddable":true,"href":"https:\/\/staviori.com.pl\/cs\/wp-json\/wp\/v2\/product_cat?post=15062"},{"taxonomy":"product_tag","embeddable":true,"href":"https:\/\/staviori.com.pl\/cs\/wp-json\/wp\/v2\/product_tag?post=15062"}],"curies":[{"name":"wp","href":"https:\/\/api.w.org\/{rel}","templated":true}]}}