{"id":15061,"date":"2025-02-24T22:47:56","date_gmt":"2025-02-24T21:47:56","guid":{"rendered":"https:\/\/staviori.com.pl\/product\/pierscionek-z-diamentem-pbd2724a\/"},"modified":"2026-02-11T00:09:03","modified_gmt":"2026-02-10T23:09:03","slug":"pierscionek-z-diamentem-pbd2724a","status":"publish","type":"product","link":"https:\/\/staviori.com.pl\/cs\/product\/pierscionek-z-diamentem-pbd2724a\/","title":{"rendered":"prsten z b\u00edl\u00e9ho zlata s ametystem a diamanty"},"content":{"rendered":"<p>Model: PBD2700A<br \/>\nWaga ok. 1,68g<\/p>\n<p>Prsten.<br \/>\nB\u00edl\u00e9 zlato 0,585.<br \/>\n5 Diament\u00f3w, szlif brylantowy, o masie 0,03ct, barwa H, czysto\u015b\u0107 I1.<br \/>\n1 Ametyst, o masie 0,80ct.<\/p>\n<p>Pr\u016fm\u011br korunky cca 5\u00d710 mm.<\/p>\n<p>Dost\u0119pny tylko na zam\u00f3wienie.<br \/>\nTermin realizacji oko\u0142o 4 tygodni.<\/p>","protected":false},"excerpt":{"rendered":"<p>Zachwycaj\u0105cy pier\u015bcionek z bia\u0142ego z\u0142ota pr\u00f3by 0,585, kt\u00f3ry urzeka swoj\u0105 wyj\u0105tkow\u0105 kompozycj\u0105. Centralne miejsce zajmuje intensywnie fioletowy ametyst o szlifie markiza, otulony delikatnym \u0142ukiem z pi\u0119ciu l\u015bni\u0105cych diament\u00f3w. Subtelna, rozdzielona szyna nadaje ca\u0142o\u015bci lekko\u015bci i nowoczesnej elegancji. Idealny wyb\u00f3r dla kobiety ceni\u0105cej nietuzinkowy styl i szlachetne kamienie.<\/p>","protected":false},"featured_media":4888,"comment_status":"closed","ping_status":"closed","template":"","meta":{"om_disable_all_campaigns":false},"product_brand":[2284],"product_cat":[1838,2182,801],"product_tag":[4860,4672,4858,4861,4859,4767,4708,2561],"class_list":{"0":"post-15061","1":"product","2":"type-product","3":"status-publish","4":"has-post-thumbnail","6":"product_brand-staviori","7":"product_cat-diamenty","8":"product_cat-pierscionek-z-diamentem","9":"product_cat-pierscionki","10":"product_tag-bizuteria-z-ametystem","11":"product_tag-elegancki-pierscionek","12":"product_tag-pbd2700a","13":"product_tag-pierscionek-damski","14":"product_tag-pierscionek-z-ametystem","15":"product_tag-pierscionek-z-bialego-zlota","16":"product_tag-pierscionek-z-diamentami","17":"product_tag-szlachetne-kamienie","18":"pa_barwa-h-2","19":"pa_czystosc-i1","20":"pa_dostawca-estrella","21":"pa_kamien-diamenty","22":"pa_kamien-ametyst-2","23":"pa_kolor-biale","24":"pa_kruszec-zloto","25":"pa_proba-0-585","26":"pa_srednica-korony-ok-5x10mm","27":"pa_waga-160g","29":"first","30":"onbackorder","31":"purchasable","32":"product-type-simple"},"aioseo_notices":[],"_links":{"self":[{"href":"https:\/\/staviori.com.pl\/cs\/wp-json\/wp\/v2\/product\/15061","targetHints":{"allow":["GET"]}}],"collection":[{"href":"https:\/\/staviori.com.pl\/cs\/wp-json\/wp\/v2\/product"}],"about":[{"href":"https:\/\/staviori.com.pl\/cs\/wp-json\/wp\/v2\/types\/product"}],"replies":[{"embeddable":true,"href":"https:\/\/staviori.com.pl\/cs\/wp-json\/wp\/v2\/comments?post=15061"}],"wp:featuredmedia":[{"embeddable":true,"href":"https:\/\/staviori.com.pl\/cs\/wp-json\/wp\/v2\/media\/4888"}],"wp:attachment":[{"href":"https:\/\/staviori.com.pl\/cs\/wp-json\/wp\/v2\/media?parent=15061"}],"wp:term":[{"taxonomy":"product_brand","embeddable":true,"href":"https:\/\/staviori.com.pl\/cs\/wp-json\/wp\/v2\/product_brand?post=15061"},{"taxonomy":"product_cat","embeddable":true,"href":"https:\/\/staviori.com.pl\/cs\/wp-json\/wp\/v2\/product_cat?post=15061"},{"taxonomy":"product_tag","embeddable":true,"href":"https:\/\/staviori.com.pl\/cs\/wp-json\/wp\/v2\/product_tag?post=15061"}],"curies":[{"name":"wp","href":"https:\/\/api.w.org\/{rel}","templated":true}]}}