{"id":15058,"date":"2025-02-24T22:47:51","date_gmt":"2025-02-24T21:47:51","guid":{"rendered":"https:\/\/staviori.com.pl\/product\/bizuteria-inwestycyjna-pierscionek-pbd2535\/"},"modified":"2026-02-11T00:09:03","modified_gmt":"2026-02-10T23:09:03","slug":"bizuteria-inwestycyjna-pierscionek-pbd2535","status":"publish","type":"product","link":"https:\/\/staviori.com.pl\/cs\/product\/bizuteria-inwestycyjna-pierscionek-pbd2535\/","title":{"rendered":"Exkluzivn\u00ed | kulov\u00fd prsten s \u010dern\u00fdmi a b\u00edl\u00fdmi diamanty z 18kar\u00e1tov\u00e9ho zlata"},"content":{"rendered":"<p>Model: DDR1014<br \/>\nWaga ok. 6,00g<\/p>\n<p>Prsten.<br \/>\nB\u00edl\u00e9 zlato 0,750.<br \/>\n24 Diamenty, szlif brylantowy, o masie 0,52ct, barwa G-H, czysto\u015b\u0107 SI1.<br \/>\n175 Diament\u00f3w, kolor czarny, szlif brylantowy, o masie 2,86ct.<\/p>\n<p>\u015arednica korony ok. 14 mm.<br \/>\nV\u00fd\u0161ka 12 mm.<\/p>\n<p>Produkt w dowolnym rozmiarze, dost\u0119pny wy\u0142\u0105cznie na zam\u00f3wienie, czas realizacji ok. 5 tygodni<\/p>","protected":false},"excerpt":{"rendered":"<p>jest kulista kompozycja wysadzana 175 czarnymi diamentami o \u0142\u0105cznej masie 2,86 ct, kt\u00f3ra przyci\u0105ga wzrok niezwyk\u0142\u0105 g\u0142\u0119bi\u0105 i blaskiem. Subtelnie zdobiona obr\u0105czka dodatkowo l\u015bni dzi\u0119ki 24 bia\u0142ym diamentom o masie 0,52 ct, tworz\u0105c harmonijne po\u0142\u0105czenie elegancji i ekstrawagancji. To wyj\u0105tkowa bi\u017cuteria, kt\u00f3ra podkre\u015bla odwag\u0119 i indywidualny styl.<br \/>\n* \u010cern\u00e9 zlato je b\u00edl\u00e9 zlato o ryzosti 0,750 pokoven\u00e9 \u010dern\u00fdm rhodiem.<\/p>","protected":false},"featured_media":4865,"comment_status":"closed","ping_status":"closed","template":"","meta":{"om_disable_all_campaigns":false},"product_brand":[2284],"product_cat":[1803,6741,801],"product_tag":[2311,6454,6473,6467,4928,3747,6474,4767,6453,4708,6455,6460,6472,6468,5058,2341],"class_list":{"0":"post-15058","1":"product","2":"type-product","3":"status-publish","4":"has-post-thumbnail","6":"product_brand-staviori","7":"product_cat-brylanty-exclusive","8":"product_cat-pierscionki-brylanty-exclusive","9":"product_cat-pierscionki","10":"product_tag-bizuteria-luksusowa","11":"product_tag-black-diamond-ring","12":"product_tag-ddr1014","13":"product_tag-diamantenring","14":"product_tag-diamond-ring","15":"product_tag-luxury-jewelry","16":"product_tag-pbd2535","17":"product_tag-pierscionek-z-bialego-zlota","18":"product_tag-pierscionek-z-czarnymi-diamentami","19":"product_tag-pierscionek-z-diamentami","20":"product_tag-prsten-s-cernymi-diamanty","21":"product_tag-prsten-s-diamanty","22":"product_tag-schwarzer-diamant-ring","23":"product_tag-weisgold-ring","24":"product_tag-white-gold-ring","25":"product_tag-zloto-750","26":"pa_barwa-g-h","27":"pa_czystosc-si1","28":"pa_kamien-biale-diamenty","29":"pa_kamien-czarne-diamenty","30":"pa_kolor-biale","31":"pa_kruszec-zloto","32":"pa_proba-0-750","33":"pa_srednica-korony-ok-14mm","34":"pa_waga-590g","35":"pa_wysokosc-12mm","37":"first","38":"onbackorder","39":"purchasable","40":"product-type-simple"},"aioseo_notices":[],"_links":{"self":[{"href":"https:\/\/staviori.com.pl\/cs\/wp-json\/wp\/v2\/product\/15058","targetHints":{"allow":["GET"]}}],"collection":[{"href":"https:\/\/staviori.com.pl\/cs\/wp-json\/wp\/v2\/product"}],"about":[{"href":"https:\/\/staviori.com.pl\/cs\/wp-json\/wp\/v2\/types\/product"}],"replies":[{"embeddable":true,"href":"https:\/\/staviori.com.pl\/cs\/wp-json\/wp\/v2\/comments?post=15058"}],"wp:featuredmedia":[{"embeddable":true,"href":"https:\/\/staviori.com.pl\/cs\/wp-json\/wp\/v2\/media\/4865"}],"wp:attachment":[{"href":"https:\/\/staviori.com.pl\/cs\/wp-json\/wp\/v2\/media?parent=15058"}],"wp:term":[{"taxonomy":"product_brand","embeddable":true,"href":"https:\/\/staviori.com.pl\/cs\/wp-json\/wp\/v2\/product_brand?post=15058"},{"taxonomy":"product_cat","embeddable":true,"href":"https:\/\/staviori.com.pl\/cs\/wp-json\/wp\/v2\/product_cat?post=15058"},{"taxonomy":"product_tag","embeddable":true,"href":"https:\/\/staviori.com.pl\/cs\/wp-json\/wp\/v2\/product_tag?post=15058"}],"curies":[{"name":"wp","href":"https:\/\/api.w.org\/{rel}","templated":true}]}}