{"id":15057,"date":"2025-02-24T22:47:51","date_gmt":"2025-02-24T21:47:51","guid":{"rendered":"https:\/\/staviori.com.pl\/product\/bizuteria-inwestycyjna-pierscionek-pbd2534\/"},"modified":"2026-02-11T00:09:03","modified_gmt":"2026-02-10T23:09:03","slug":"bizuteria-inwestycyjna-pierscionek-pbd2534","status":"publish","type":"product","link":"https:\/\/staviori.com.pl\/cs\/product\/bizuteria-inwestycyjna-pierscionek-pbd2534\/","title":{"rendered":"Exkluzivn\u00ed | prsten s \u010dern\u00fdmi a b\u00edl\u00fdmi diamanty z 18kar\u00e1tov\u00e9ho zlata"},"content":{"rendered":"<p>Model: DDR0991<br \/>\nHmotnost p\u0159ibli\u017en\u011b 13,50 g<\/p>\n<p>Prsten.<br \/>\nB\u00edl\u00e9 zlato 0,750.<br \/>\n92 Diamenty, szlif brylantowy, o masie 1,36ct, barwa G-H, czysto\u015b\u0107 SI1.<br \/>\n138 Diament\u00f3w, kolor czarny, szlif brylantowy, o masie 2,86ct.<\/p>\n<p>Szeroko\u015b\u0107 16 mm.<br \/>\nWysoko\u015b\u0107 8.5 mm.<\/p>\n<p>V\u00fdrobek v libovoln\u00e9 velikosti, dostupn\u00fd pouze na vy\u017e\u00e1d\u00e1n\u00ed, doba dod\u00e1n\u00ed cca 5 t\u00fddn\u016f.<\/p>","protected":false},"excerpt":{"rendered":"<p>Wyj\u0105tkowy pier\u015bcionek z bia\u0142ego z\u0142ota pr\u00f3by 750, kt\u00f3rego design zachwyca kontrastem czerni i bieli. 92 l\u015bni\u0105ce diamenty o \u0142\u0105cznej masie 1,36 ct oraz 138 czarnych diament\u00f3w o masie 2,86 ct tworz\u0105 niezwykle efektown\u0105 kompozycj\u0119 pe\u0142n\u0105 blasku i elegancji. Szeroka, przeplataj\u0105ca si\u0119 forma nadaje mu nowoczesny charakter i sprawia, \u017ce jest to bi\u017cuteria idealna dla kobiet ceni\u0105cych wyraziste dodatki i luksusowy styl.<br \/>\n* \u010cern\u00e9 zlato je b\u00edl\u00e9 zlato o ryzosti 0,750 pokoven\u00e9 \u010dern\u00fdm rhodiem.<\/p>","protected":false},"featured_media":4857,"comment_status":"closed","ping_status":"closed","template":"","meta":{"om_disable_all_campaigns":false},"product_brand":[2284],"product_cat":[1803,801,6741],"product_tag":[2311,6454,6470,6467,4928,3747,6471,4767,6453,4708,6455,6460,6472,6468,5058,2341],"class_list":{"0":"post-15057","1":"product","2":"type-product","3":"status-publish","4":"has-post-thumbnail","6":"product_brand-staviori","7":"product_cat-brylanty-exclusive","8":"product_cat-pierscionki","9":"product_cat-pierscionki-brylanty-exclusive","10":"product_tag-bizuteria-luksusowa","11":"product_tag-black-diamond-ring","12":"product_tag-ddr0991","13":"product_tag-diamantenring","14":"product_tag-diamond-ring","15":"product_tag-luxury-jewelry","16":"product_tag-pbd2534","17":"product_tag-pierscionek-z-bialego-zlota","18":"product_tag-pierscionek-z-czarnymi-diamentami","19":"product_tag-pierscionek-z-diamentami","20":"product_tag-prsten-s-cernymi-diamanty","21":"product_tag-prsten-s-diamanty","22":"product_tag-schwarzer-diamant-ring","23":"product_tag-weisgold-ring","24":"product_tag-white-gold-ring","25":"product_tag-zloto-750","26":"pa_barwa-g-h","27":"pa_czystosc-si1","28":"pa_kamien-biale-diamenty","29":"pa_kamien-czarne-diamenty","30":"pa_kolor-biale","31":"pa_kruszec-zloto","32":"pa_proba-0-750","33":"pa_szerokosc-16mm","34":"pa_waga-1350g","35":"pa_wysokosc-8-5mm","37":"first","38":"onbackorder","39":"purchasable","40":"product-type-simple"},"aioseo_notices":[],"_links":{"self":[{"href":"https:\/\/staviori.com.pl\/cs\/wp-json\/wp\/v2\/product\/15057","targetHints":{"allow":["GET"]}}],"collection":[{"href":"https:\/\/staviori.com.pl\/cs\/wp-json\/wp\/v2\/product"}],"about":[{"href":"https:\/\/staviori.com.pl\/cs\/wp-json\/wp\/v2\/types\/product"}],"replies":[{"embeddable":true,"href":"https:\/\/staviori.com.pl\/cs\/wp-json\/wp\/v2\/comments?post=15057"}],"wp:featuredmedia":[{"embeddable":true,"href":"https:\/\/staviori.com.pl\/cs\/wp-json\/wp\/v2\/media\/4857"}],"wp:attachment":[{"href":"https:\/\/staviori.com.pl\/cs\/wp-json\/wp\/v2\/media?parent=15057"}],"wp:term":[{"taxonomy":"product_brand","embeddable":true,"href":"https:\/\/staviori.com.pl\/cs\/wp-json\/wp\/v2\/product_brand?post=15057"},{"taxonomy":"product_cat","embeddable":true,"href":"https:\/\/staviori.com.pl\/cs\/wp-json\/wp\/v2\/product_cat?post=15057"},{"taxonomy":"product_tag","embeddable":true,"href":"https:\/\/staviori.com.pl\/cs\/wp-json\/wp\/v2\/product_tag?post=15057"}],"curies":[{"name":"wp","href":"https:\/\/api.w.org\/{rel}","templated":true}]}}