{"id":15056,"date":"2025-02-24T22:47:51","date_gmt":"2025-02-24T21:47:51","guid":{"rendered":"https:\/\/staviori.com.pl\/product\/bizuteria-inwestycyjna-pierscionek-pbd2532\/"},"modified":"2026-02-11T00:09:03","modified_gmt":"2026-02-10T23:09:03","slug":"bizuteria-inwestycyjna-pierscionek-pbd2532","status":"publish","type":"product","link":"https:\/\/staviori.com.pl\/cs\/product\/bizuteria-inwestycyjna-pierscionek-pbd2532\/","title":{"rendered":"Exkluzivn\u00ed | 750 prsten z b\u00edl\u00e9ho zlata s r\u016f\u017eov\u011b brou\u0161en\u00fdmi diamanty a brilianty"},"content":{"rendered":"<p>Model: DDR0969W<br \/>\nHmotnost p\u0159ibli\u017en\u011b 13,50 g<\/p>\n<p>Prsten.<br \/>\nB\u00edl\u00e9 zlato 0,750.<br \/>\n178 Diamant\u016f, briliantov\u00fd brus, hmotnost 2,97ct, barva G-H, \u010distota SI1.<br \/>\n11 diamant\u016f, r\u016f\u017eov\u00fd brus, hmotnost 2,01ct, barva G-H, \u010distota SI1.<\/p>\n<p>\u0160\u00ed\u0159ka 18 mm.<br \/>\nV\u00fd\u0161ka 4 mm.<\/p>\n<p>V\u00fdrobek v libovoln\u00e9 velikosti, dostupn\u00fd pouze na vy\u017e\u00e1d\u00e1n\u00ed, doba dod\u00e1n\u00ed cca 5 t\u00fddn\u016f.<\/p>","protected":false},"excerpt":{"rendered":"<p>Oslniv\u00fd prsten z b\u00edl\u00e9ho zlata 750, os\u00e1zen\u00fd a\u017e 189 diamanty ve dvou v\u00fdjime\u010dn\u00fdch brusech. T\u0159pytiv\u00e9 diamanty o celkov\u00e9 hmotnosti 2,97 ct a 11 r\u016f\u017eov\u00fdch kamen\u016f o hmotnosti 2,01 ct vytv\u00e1\u0159ej\u00ed velkolepou mozaiku sv\u011btla a lesku. \u0160irok\u00fd tvar prstenu z n\u011bj \u010din\u00ed \u0161perk, kter\u00fd pot\u011b\u0161\u00ed na prvn\u00ed pohled - ide\u00e1ln\u00ed pro \u017eeny, kter\u00e9 ocen\u00ed luxus a origin\u00e1ln\u00ed design.<\/p>","protected":false},"featured_media":4848,"comment_status":"closed","ping_status":"closed","template":"","meta":{"om_disable_all_campaigns":false},"product_brand":[2284],"product_cat":[1803,801,6741],"product_tag":[2311,6469,6467,4928,3747,6466,4767,4708,6460,6461,6468,5058,2341],"class_list":{"0":"post-15056","1":"product","2":"type-product","3":"status-publish","4":"has-post-thumbnail","6":"product_brand-staviori","7":"product_cat-brylanty-exclusive","8":"product_cat-pierscionki","9":"product_cat-pierscionki-brylanty-exclusive","10":"product_tag-bizuteria-luksusowa","11":"product_tag-ddr0969w","12":"product_tag-diamantenring","13":"product_tag-diamond-ring","14":"product_tag-luxury-jewelry","15":"product_tag-pbd2532","16":"product_tag-pierscionek-z-bialego-zlota","17":"product_tag-pierscionek-z-diamentami","18":"product_tag-prsten-s-diamanty","19":"product_tag-prsten-z-bileho-zlata","20":"product_tag-weisgold-ring","21":"product_tag-white-gold-ring","22":"product_tag-zloto-750","23":"pa_barwa-g-h","24":"pa_czystosc-si1","25":"pa_kamien-brylanty","26":"pa_kamien-diamenty-o-szlifie-rozanym","27":"pa_kolor-biale","28":"pa_kruszec-zloto","29":"pa_proba-0-750","30":"pa_szerokosc-18mm","31":"pa_waga-1350g","32":"pa_wysokosc-4mm","34":"first","35":"instock","36":"purchasable","37":"product-type-simple"},"aioseo_notices":[],"_links":{"self":[{"href":"https:\/\/staviori.com.pl\/cs\/wp-json\/wp\/v2\/product\/15056","targetHints":{"allow":["GET"]}}],"collection":[{"href":"https:\/\/staviori.com.pl\/cs\/wp-json\/wp\/v2\/product"}],"about":[{"href":"https:\/\/staviori.com.pl\/cs\/wp-json\/wp\/v2\/types\/product"}],"replies":[{"embeddable":true,"href":"https:\/\/staviori.com.pl\/cs\/wp-json\/wp\/v2\/comments?post=15056"}],"wp:featuredmedia":[{"embeddable":true,"href":"https:\/\/staviori.com.pl\/cs\/wp-json\/wp\/v2\/media\/4848"}],"wp:attachment":[{"href":"https:\/\/staviori.com.pl\/cs\/wp-json\/wp\/v2\/media?parent=15056"}],"wp:term":[{"taxonomy":"product_brand","embeddable":true,"href":"https:\/\/staviori.com.pl\/cs\/wp-json\/wp\/v2\/product_brand?post=15056"},{"taxonomy":"product_cat","embeddable":true,"href":"https:\/\/staviori.com.pl\/cs\/wp-json\/wp\/v2\/product_cat?post=15056"},{"taxonomy":"product_tag","embeddable":true,"href":"https:\/\/staviori.com.pl\/cs\/wp-json\/wp\/v2\/product_tag?post=15056"}],"curies":[{"name":"wp","href":"https:\/\/api.w.org\/{rel}","templated":true}]}}