{"id":15050,"date":"2025-02-24T22:47:51","date_gmt":"2025-02-24T21:47:51","guid":{"rendered":"https:\/\/staviori.com.pl\/product\/pierscionek-z-diamentem-pbd2500\/"},"modified":"2026-02-11T00:09:03","modified_gmt":"2026-02-10T23:09:03","slug":"pierscionek-z-diamentem-pbd2500","status":"publish","type":"product","link":"https:\/\/staviori.com.pl\/cs\/product\/pierscionek-z-diamentem-pbd2500\/","title":{"rendered":"Kr\u00e1sn\u00fd jednoduch\u00fd dokonal\u00fd z\u00e1snubn\u00ed prsten 0,20ct z b\u00edl\u00e9ho zlata"},"content":{"rendered":"<p>Model: PBD2500<br \/>\nHmotnost p\u0159ibli\u017en\u011b 1,80 g<\/p>\n<p>Prsten.<br \/>\nB\u00edl\u00e9 zlato 0,585.<br \/>\n1 diamant, briliantov\u00fd brus, hmotnost 0,20ct, barva G-H, \u010distota SI1-SI2.<\/p>\n<p>\u0160\u00ed\u0159ka krou\u017eku p\u0159ibli\u017en\u011b 1,5 mm.<br \/>\nTlou\u0161\u0165ka 1,2 mm.<br \/>\nV\u00fd\u0161ka 4,5 mm.<\/p>\n<p>Krou\u017eek je k dispozici na vy\u017e\u00e1d\u00e1n\u00ed.<br \/>\nDoba dod\u00e1n\u00ed p\u0159ibli\u017en\u011b jeden t\u00fdden.<\/p>\n<p>N\u00e1dhern\u00fd z\u00e1snubn\u00ed prsten s n\u00e1dhern\u011b t\u0159pytiv\u00fdm diamantem o v\u00e1ze 0,20 ct. Dokonal\u00e9 proporce kulat\u00e9 li\u0161ty ze 14kar\u00e1tov\u00e9ho b\u00edl\u00e9ho zlata a jemn\u00e9ho \u0161atonu se \u010dty\u0159mi no\u017ekami na tlapk\u00e1ch vytv\u00e1\u0159ej\u00ed jednodu\u0161e dokonal\u00fd design. Mimo\u0159\u00e1dn\u011b kr\u00e1sn\u00fd model, kter\u00fd oslov\u00ed ka\u017edou vyvolenou. Jednoduchost<\/p>","protected":false},"excerpt":{"rendered":"<p>Jemn\u00fd a elegantn\u00ed z\u00e1snubn\u00ed prsten z b\u00edl\u00e9ho zlata o ryzosti 0,585. St\u0159edem prstenu je n\u00e1dhern\u00fd diamant o v\u00e1ze 0,20 ct, zasazen\u00fd v klasick\u00e9m \u0161atonu se \u010dty\u0159mi no\u017ei\u010dkami, kter\u00fd kr\u00e1sn\u011b odhaluje k\u00e1men. Minimalistick\u00e1 forma v kombinaci s luxusn\u00edm leskem diamantu vytv\u00e1\u0159\u00ed kompozici ide\u00e1ln\u00ed pro v\u00fdjime\u010dn\u00fd okam\u017eik, kdy chcete u\u010dinit prohl\u00e1\u0161en\u00ed. Jedn\u00e1 se o nad\u010dasovou volbu, kter\u00e1 podtrhne kr\u00e1su ka\u017ed\u00e9 ruky.<\/p>","protected":false},"featured_media":4792,"comment_status":"closed","ping_status":"closed","template":"","meta":{"om_disable_all_campaigns":false},"product_brand":[2284],"product_cat":[1838,2182,801],"product_tag":[2308,4674,4812,4673,4811,4668,4771],"class_list":{"0":"post-15050","1":"product","2":"type-product","3":"status-publish","4":"has-post-thumbnail","6":"product_brand-staviori","7":"product_cat-diamenty","8":"product_cat-pierscionek-z-diamentem","9":"product_cat-pierscionki","10":"product_tag-biale-zloto","11":"product_tag-bizuteria-zareczynowa","12":"product_tag-brylant-0-20ct","13":"product_tag-klasyczny-pierscionek","14":"product_tag-pbd2500","15":"product_tag-pierscionek-zareczynowy","16":"product_tag-zloty-pierscionek-z-diamentem","17":"pa_barwa-g-h","18":"pa_czystosc-si1","19":"pa_dostawca-dembowska","20":"pa_dostawca-iza","21":"pa_grubosc-1-2mm","22":"pa_kamien-brylant","23":"pa_kamien-diament","24":"pa_kolor-biale","25":"pa_kruszec-zloto","26":"pa_masa-karatowa-020ct","27":"pa_okazja-idealne-na-zareczyny","28":"pa_proba-0-585","29":"pa_szerokosc-obraczki-ok-1-5mm","30":"pa_waga-180g","32":"first","33":"onbackorder","34":"purchasable","35":"product-type-simple"},"aioseo_notices":[],"_links":{"self":[{"href":"https:\/\/staviori.com.pl\/cs\/wp-json\/wp\/v2\/product\/15050","targetHints":{"allow":["GET"]}}],"collection":[{"href":"https:\/\/staviori.com.pl\/cs\/wp-json\/wp\/v2\/product"}],"about":[{"href":"https:\/\/staviori.com.pl\/cs\/wp-json\/wp\/v2\/types\/product"}],"replies":[{"embeddable":true,"href":"https:\/\/staviori.com.pl\/cs\/wp-json\/wp\/v2\/comments?post=15050"}],"wp:featuredmedia":[{"embeddable":true,"href":"https:\/\/staviori.com.pl\/cs\/wp-json\/wp\/v2\/media\/4792"}],"wp:attachment":[{"href":"https:\/\/staviori.com.pl\/cs\/wp-json\/wp\/v2\/media?parent=15050"}],"wp:term":[{"taxonomy":"product_brand","embeddable":true,"href":"https:\/\/staviori.com.pl\/cs\/wp-json\/wp\/v2\/product_brand?post=15050"},{"taxonomy":"product_cat","embeddable":true,"href":"https:\/\/staviori.com.pl\/cs\/wp-json\/wp\/v2\/product_cat?post=15050"},{"taxonomy":"product_tag","embeddable":true,"href":"https:\/\/staviori.com.pl\/cs\/wp-json\/wp\/v2\/product_tag?post=15050"}],"curies":[{"name":"wp","href":"https:\/\/api.w.org\/{rel}","templated":true}]}}