{"id":15041,"date":"2025-02-24T22:47:51","date_gmt":"2025-02-24T21:47:51","guid":{"rendered":"https:\/\/staviori.com.pl\/product\/pierscionek-z-diamentem-pbd1910\/"},"modified":"2026-02-11T00:09:02","modified_gmt":"2026-02-10T23:09:02","slug":"pierscionek-z-diamentem-pbd1910","status":"publish","type":"product","link":"https:\/\/staviori.com.pl\/cs\/product\/pierscionek-z-diamentem-pbd1910\/","title":{"rendered":"\u010dtvercov\u00fd prsten s \u010dern\u00fdmi a b\u00edl\u00fdmi diamanty"},"content":{"rendered":"<p>Model: PBD1910<br \/>\nWaga ok. 1,82g<\/p>\n<p>Prsten.<br \/>\nB\u00edl\u00e9 zlato 0,585.<br \/>\n16 Diament\u00f3w, szlif brylantowy, o masie 0,08ct, barwa H, czysto\u015b\u0107 I1.<br \/>\n9 Diament\u00f3w, kolor czarny, szlif brylantowy, o masie 0,135ct.<\/p>\n<p>\u0160\u00ed\u0159ka 8 mm.<br \/>\n\u0160\u00ed\u0159ka krou\u017eku je p\u0159ibli\u017en\u011b 2 mm.<\/p>\n<p>K dispozici jsou pouze n\u011bkter\u00e9 velikosti - zeptejte se<\/p>","protected":false},"excerpt":{"rendered":"<p>Wyj\u0105tkowy pier\u015bcionek z bia\u0142ego z\u0142ota pr\u00f3by 0,585, kt\u00f3ry zachwyca oryginalnym geometrycznym wzorem. W centrum znajduje si\u0119 dziewi\u0119\u0107 czarnych diament\u00f3w o \u0142\u0105cznej masie 0,135 ct, tworz\u0105cych efektown\u0105, kwadratow\u0105 kompozycj\u0119. Otacza je 16 bia\u0142ych diament\u00f3w o masie 0,08 ct, kt\u00f3re subtelnie kontrastuj\u0105 z ciemnym \u015brodkiem, podkre\u015blaj\u0105c elegancj\u0119 i nowoczesno\u015b\u0107 pier\u015bcionka. To odwa\u017cna i stylowa propozycja dla kobiet ceni\u0105cych unikalny design.<\/p>","protected":false},"featured_media":4694,"comment_status":"closed","ping_status":"closed","template":"","meta":{"om_disable_all_campaigns":false},"product_brand":[2284],"product_cat":[1838,2182,801],"product_tag":[2308,4828,2319,4826,4829,4827],"class_list":{"0":"post-15041","1":"product","2":"type-product","3":"status-publish","4":"has-post-thumbnail","6":"product_brand-staviori","7":"product_cat-diamenty","8":"product_cat-pierscionek-z-diamentem","9":"product_cat-pierscionki","10":"product_tag-biale-zloto","11":"product_tag-bialo-czarna-bizuteria","12":"product_tag-czarne-diamenty","13":"product_tag-pbd1910","14":"product_tag-pierscionek-geometryczny","15":"product_tag-pierscionek-z-czarnym-diamentem","16":"pa_barwa-h-2","17":"pa_czystosc-i1","18":"pa_kamien-biale-diamenty","19":"pa_kamien-czarne-diamenty","20":"pa_kolor-biale","21":"pa_kruszec-zloto","22":"pa_proba-0-585","23":"pa_rozmiar-4355","24":"pa_szerokosc-8mm","25":"pa_szerokosc-obraczki-ok-2mm","26":"pa_waga-180g","28":"first","29":"instock","30":"purchasable","31":"product-type-simple"},"aioseo_notices":[],"_links":{"self":[{"href":"https:\/\/staviori.com.pl\/cs\/wp-json\/wp\/v2\/product\/15041","targetHints":{"allow":["GET"]}}],"collection":[{"href":"https:\/\/staviori.com.pl\/cs\/wp-json\/wp\/v2\/product"}],"about":[{"href":"https:\/\/staviori.com.pl\/cs\/wp-json\/wp\/v2\/types\/product"}],"replies":[{"embeddable":true,"href":"https:\/\/staviori.com.pl\/cs\/wp-json\/wp\/v2\/comments?post=15041"}],"wp:featuredmedia":[{"embeddable":true,"href":"https:\/\/staviori.com.pl\/cs\/wp-json\/wp\/v2\/media\/4694"}],"wp:attachment":[{"href":"https:\/\/staviori.com.pl\/cs\/wp-json\/wp\/v2\/media?parent=15041"}],"wp:term":[{"taxonomy":"product_brand","embeddable":true,"href":"https:\/\/staviori.com.pl\/cs\/wp-json\/wp\/v2\/product_brand?post=15041"},{"taxonomy":"product_cat","embeddable":true,"href":"https:\/\/staviori.com.pl\/cs\/wp-json\/wp\/v2\/product_cat?post=15041"},{"taxonomy":"product_tag","embeddable":true,"href":"https:\/\/staviori.com.pl\/cs\/wp-json\/wp\/v2\/product_tag?post=15041"}],"curies":[{"name":"wp","href":"https:\/\/api.w.org\/{rel}","templated":true}]}}