{"id":15039,"date":"2025-02-24T22:47:51","date_gmt":"2025-02-24T21:47:51","guid":{"rendered":"https:\/\/staviori.com.pl\/product\/pierscionek-z-diamentem-pbd1891\/"},"modified":"2026-02-11T00:09:02","modified_gmt":"2026-02-10T23:09:02","slug":"pierscionek-z-diamentem-pbd1891","status":"publish","type":"product","link":"https:\/\/staviori.com.pl\/cs\/product\/pierscionek-z-diamentem-pbd1891\/","title":{"rendered":"Prsten z b\u00edl\u00e9ho zlata s mot\u00fdlem a diamantem"},"content":{"rendered":"<p>Model: PBD1891<br \/>\nHmotnost p\u0159ibli\u017en\u011b 1,20 g<\/p>\n<p>Prsten.<br \/>\nB\u00edl\u00e9 zlato 0,585.<br \/>\n1 diamant, achtkantov\u00fd brus, hmotnost 0,005ct, barva H, \u010distota I1.<\/p>\n<p>Pr\u016fm\u011br korunky p\u0159ibli\u017en\u011b 8 \u00d7 9 mm.<br \/>\n\u0160\u00ed\u0159ka krou\u017eku p\u0159ibli\u017en\u011b 1,5 mm.<\/p>\n<p>K dispozici jsou pouze n\u011bkter\u00e9 velikosti - zeptejte se<\/p>","protected":false},"excerpt":{"rendered":"<p>Jemn\u00fd prsten z b\u00edl\u00e9ho zlata 0.585 zdoben\u00fd jemn\u00fdm motivem mot\u00fdla. K\u0159\u00eddla jsou zdobena jemn\u00fdm vzorem a jedno z nich zdob\u00ed drobn\u00fd achtkantov\u00fd briliant, kter\u00fd celku dod\u00e1v\u00e1 decentn\u00ed jiskru. Symbol lehkosti, svobody a \u017eensk\u00e9ho p\u016fvabu - dokonal\u00fd d\u00e1rek pro romantickou du\u0161i a milovnici p\u0159\u00edrody.<\/p>","protected":false},"featured_media":19447,"comment_status":"closed","ping_status":"closed","template":"","meta":{"om_disable_all_campaigns":false},"product_brand":[2284],"product_cat":[1838,2182,801],"product_tag":[2308,3295,2565,4831,4686,4830,2291],"class_list":{"0":"post-15039","1":"product","2":"type-product","3":"status-publish","4":"has-post-thumbnail","6":"product_brand-staviori","7":"product_cat-diamenty","8":"product_cat-pierscionek-z-diamentem","9":"product_cat-pierscionki","10":"product_tag-biale-zloto","11":"product_tag-bizuteria-inspirowana-natura","12":"product_tag-delikatna-bizuteria","13":"product_tag-pbd1891","14":"product_tag-pierscionek-z-diamentem","15":"product_tag-pierscionek-z-motywem-motyla","16":"product_tag-prezent-dla-niej","17":"pa_barwa-h-2","18":"pa_czystosc-i1","19":"pa_dostawca-estrella","20":"pa_kamien-diament","21":"pa_kolor-biale","22":"pa_kruszec-zloto","23":"pa_motyw-motylek","24":"pa_proba-0-585","25":"pa_rozmiar-4355","26":"pa_rozmiar-2353","27":"pa_srednica-korony-ok-8x9mm","28":"pa_szerokosc-obraczki-ok-1-5mm","29":"pa_szlif-achtkant","30":"pa_waga-120g","32":"first","33":"instock","34":"purchasable","35":"product-type-simple"},"aioseo_notices":[],"_links":{"self":[{"href":"https:\/\/staviori.com.pl\/cs\/wp-json\/wp\/v2\/product\/15039","targetHints":{"allow":["GET"]}}],"collection":[{"href":"https:\/\/staviori.com.pl\/cs\/wp-json\/wp\/v2\/product"}],"about":[{"href":"https:\/\/staviori.com.pl\/cs\/wp-json\/wp\/v2\/types\/product"}],"replies":[{"embeddable":true,"href":"https:\/\/staviori.com.pl\/cs\/wp-json\/wp\/v2\/comments?post=15039"}],"wp:featuredmedia":[{"embeddable":true,"href":"https:\/\/staviori.com.pl\/cs\/wp-json\/wp\/v2\/media\/19447"}],"wp:attachment":[{"href":"https:\/\/staviori.com.pl\/cs\/wp-json\/wp\/v2\/media?parent=15039"}],"wp:term":[{"taxonomy":"product_brand","embeddable":true,"href":"https:\/\/staviori.com.pl\/cs\/wp-json\/wp\/v2\/product_brand?post=15039"},{"taxonomy":"product_cat","embeddable":true,"href":"https:\/\/staviori.com.pl\/cs\/wp-json\/wp\/v2\/product_cat?post=15039"},{"taxonomy":"product_tag","embeddable":true,"href":"https:\/\/staviori.com.pl\/cs\/wp-json\/wp\/v2\/product_tag?post=15039"}],"curies":[{"name":"wp","href":"https:\/\/api.w.org\/{rel}","templated":true}]}}