{"id":15023,"date":"2025-02-24T22:47:46","date_gmt":"2025-02-24T21:47:46","guid":{"rendered":"https:\/\/staviori.com.pl\/product\/bizuteria-inwestycyjna-pierscionek-pbd1746\/"},"modified":"2026-02-11T00:09:01","modified_gmt":"2026-02-10T23:09:01","slug":"bizuteria-inwestycyjna-pierscionek-pbd1746","status":"publish","type":"product","link":"https:\/\/staviori.com.pl\/cs\/product\/bizuteria-inwestycyjna-pierscionek-pbd1746\/","title":{"rendered":"Exkluzivn\u00ed | majest\u00e1tn\u00ed prsten s r\u016f\u017eov\u00fdmi diamanty z 18kar\u00e1tov\u00e9ho zlata"},"content":{"rendered":"<p>Model: DDR0730<br \/>\nWaga ok. 15,90g<\/p>\n<p>Prsten.<br \/>\nB\u00edl\u00e9 zlato 0,750.<br \/>\n70 Diament\u00f3w, szlif r\u00f3\u017cany, o masie ok. 9,54ct, barwa G-H, czysto\u015b\u0107 SI1.<\/p>\n<p>Korona 13&#215;21 mm.<br \/>\nV\u00fd\u0161ka 12 mm.<\/p>\n<p>V\u00fdrobek v libovoln\u00e9 velikosti, dostupn\u00fd pouze na vy\u017e\u00e1d\u00e1n\u00ed, doba dod\u00e1n\u00ed cca 5 t\u00fddn\u016f.<\/p>","protected":false},"excerpt":{"rendered":"<p>Ol\u015bniewaj\u0105cy pier\u015bcionek wykonany z bia\u0142ego z\u0142ota pr\u00f3by 0,750 to prawdziwe dzie\u0142o sztuki jubilerskiej. Jego masywn\u0105 form\u0119 zdobi a\u017c 70 diament\u00f3w o \u0142\u0105cznej masie 9,54 ct, oszlifowanych w stylu r\u00f3\u017canym, co nadaje im wyj\u0105tkowo romantyczny i mi\u0119kki blask. Korona o imponuj\u0105cych wymiarach przyci\u0105ga spojrzenia i emanuje luksusem. To propozycja dla kobiet, kt\u00f3re ceni\u0105 sobie odwa\u017cn\u0105 elegancj\u0119 i niepowtarzalny charakter bi\u017cuterii z najwy\u017cszej p\u00f3\u0142ki.<\/p>","protected":false},"featured_media":4564,"comment_status":"closed","ping_status":"closed","template":"","meta":{"om_disable_all_campaigns":false},"product_brand":[2284],"product_cat":[1803,6741,801],"product_tag":[2278,4754,4713,4753,4751,4755,4708,4752],"class_list":{"0":"post-15023","1":"product","2":"type-product","3":"status-publish","4":"has-post-thumbnail","6":"product_brand-staviori","7":"product_cat-brylanty-exclusive","8":"product_cat-pierscionki-brylanty-exclusive","9":"product_cat-pierscionki","10":"product_tag-biale-zloto-18k","11":"product_tag-designerski-pierscionek","12":"product_tag-luksusowy-pierscionek","13":"product_tag-okazala-bizuteria","14":"product_tag-pbd1746","15":"product_tag-pierscionek-glamour","16":"product_tag-pierscionek-z-diamentami","17":"product_tag-szlif-rozany","18":"pa_barwa-g-h","19":"pa_czystosc-si1","20":"pa_dostawca-draco","21":"pa_kamien-diamenty","22":"pa_kamien-diamenty-o-szlifie-rozanym","23":"pa_kolor-biale","24":"pa_korona-13x21mm","25":"pa_kruszec-zloto","26":"pa_proba-0-750","27":"pa_szlif-rozany","28":"pa_waga-1590g","29":"pa_wysokosc-12mm","31":"first","32":"onbackorder","33":"purchasable","34":"product-type-simple"},"aioseo_notices":[],"_links":{"self":[{"href":"https:\/\/staviori.com.pl\/cs\/wp-json\/wp\/v2\/product\/15023","targetHints":{"allow":["GET"]}}],"collection":[{"href":"https:\/\/staviori.com.pl\/cs\/wp-json\/wp\/v2\/product"}],"about":[{"href":"https:\/\/staviori.com.pl\/cs\/wp-json\/wp\/v2\/types\/product"}],"replies":[{"embeddable":true,"href":"https:\/\/staviori.com.pl\/cs\/wp-json\/wp\/v2\/comments?post=15023"}],"wp:featuredmedia":[{"embeddable":true,"href":"https:\/\/staviori.com.pl\/cs\/wp-json\/wp\/v2\/media\/4564"}],"wp:attachment":[{"href":"https:\/\/staviori.com.pl\/cs\/wp-json\/wp\/v2\/media?parent=15023"}],"wp:term":[{"taxonomy":"product_brand","embeddable":true,"href":"https:\/\/staviori.com.pl\/cs\/wp-json\/wp\/v2\/product_brand?post=15023"},{"taxonomy":"product_cat","embeddable":true,"href":"https:\/\/staviori.com.pl\/cs\/wp-json\/wp\/v2\/product_cat?post=15023"},{"taxonomy":"product_tag","embeddable":true,"href":"https:\/\/staviori.com.pl\/cs\/wp-json\/wp\/v2\/product_tag?post=15023"}],"curies":[{"name":"wp","href":"https:\/\/api.w.org\/{rel}","templated":true}]}}