{"id":15021,"date":"2025-02-24T22:47:46","date_gmt":"2025-02-24T21:47:46","guid":{"rendered":"https:\/\/staviori.com.pl\/product\/bizuteria-inwestycyjna-pierscionek-pbd1733\/"},"modified":"2026-02-11T00:09:01","modified_gmt":"2026-02-10T23:09:01","slug":"bizuteria-inwestycyjna-pierscionek-pbd1733","status":"publish","type":"product","link":"https:\/\/staviori.com.pl\/cs\/product\/bizuteria-inwestycyjna-pierscionek-pbd1733\/","title":{"rendered":"Exkluzivn\u00ed | \u0161irok\u00fd ploch\u00fd prsten z b\u00edl\u00e9ho zlata 750 s diamanty"},"content":{"rendered":"<p>Model: DDR0741<br \/>\nWaga ok. 16,90g<\/p>\n<p>Prsten.<br \/>\nB\u00edl\u00e9 zlato 0,750.<br \/>\n429 Diament\u00f3w, szlif brylantowy, o masie 4,14ct, barwa G-H, czysto\u015b\u0107 SI1.<\/p>\n<p>\u015arednica korony ok. 25 mm.<br \/>\nWysoko\u015b\u0107 7 mm.<\/p>\n<p>V\u00fdrobek v libovoln\u00e9 velikosti, dostupn\u00fd pouze na vy\u017e\u00e1d\u00e1n\u00ed, doba dod\u00e1n\u00ed cca 5 t\u00fddn\u016f.<\/p>","protected":false},"excerpt":{"rendered":"<p>Spektakularny pier\u015bcionek z bia\u0142ego z\u0142ota 18K, kt\u00f3rego wyj\u0105tkowa korona o \u015brednicy 25 mm zachwyca niezwyk\u0142ym blaskiem. A\u017c 429 diament\u00f3w o \u0142\u0105cznej masie 4,14 ct tworzy hipnotyzuj\u0105cy efekt \u015bwietlnych refleks\u00f3w, podkre\u015blony centralnie oprawionym brylantem. To bi\u017cuteria pe\u0142na luksusu i charakteru \u2013 idealna dla kobiet, kt\u00f3re pragn\u0105 wyr\u00f3\u017cnia\u0107 si\u0119 niepowtarzalnym stylem.<\/p>","protected":false},"featured_media":4550,"comment_status":"closed","ping_status":"closed","template":"","meta":{"om_disable_all_campaigns":false},"product_brand":[2284],"product_cat":[1803,801,6741],"product_tag":[2338,2337,2543,6459,5577,4928,5595,6465,4932,6463,5064,6458,5450,4767,4708,6460,6461,6464,6462,5058],"class_list":{"0":"post-15021","1":"product","2":"type-product","3":"status-publish","4":"has-post-thumbnail","6":"product_brand-staviori","7":"product_cat-brylanty-exclusive","8":"product_cat-pierscionki","9":"product_cat-pierscionki-brylanty-exclusive","10":"product_tag-18k","11":"product_tag-2337","12":"product_tag-bizuteria-zlota","13":"product_tag-ddr0741","14":"product_tag-diamantring","15":"product_tag-diamond-ring","16":"product_tag-gold-jewelry","17":"product_tag-goldschmuck","18":"product_tag-luxury-ring","19":"product_tag-luxus-ring","20":"product_tag-luxusni-prsten","21":"product_tag-pbd1733","22":"product_tag-pierscionek-luksusowy","23":"product_tag-pierscionek-z-bialego-zlota","24":"product_tag-pierscionek-z-diamentami","25":"product_tag-prsten-s-diamanty","26":"product_tag-prsten-z-bileho-zlata","27":"product_tag-sperky-ze-zlata","28":"product_tag-weissgoldring","29":"product_tag-white-gold-ring","30":"pa_barwa-g-h","31":"pa_czystosc-si1","32":"pa_kamien-brylanty","33":"pa_kolor-biale","34":"pa_kruszec-zloto","35":"pa_proba-0-750","36":"pa_srednica-korony-ok-25mm","37":"pa_waga-1690g","38":"pa_wysokosc-7mm","40":"first","41":"onbackorder","42":"purchasable","43":"product-type-simple"},"aioseo_notices":[],"_links":{"self":[{"href":"https:\/\/staviori.com.pl\/cs\/wp-json\/wp\/v2\/product\/15021","targetHints":{"allow":["GET"]}}],"collection":[{"href":"https:\/\/staviori.com.pl\/cs\/wp-json\/wp\/v2\/product"}],"about":[{"href":"https:\/\/staviori.com.pl\/cs\/wp-json\/wp\/v2\/types\/product"}],"replies":[{"embeddable":true,"href":"https:\/\/staviori.com.pl\/cs\/wp-json\/wp\/v2\/comments?post=15021"}],"wp:featuredmedia":[{"embeddable":true,"href":"https:\/\/staviori.com.pl\/cs\/wp-json\/wp\/v2\/media\/4550"}],"wp:attachment":[{"href":"https:\/\/staviori.com.pl\/cs\/wp-json\/wp\/v2\/media?parent=15021"}],"wp:term":[{"taxonomy":"product_brand","embeddable":true,"href":"https:\/\/staviori.com.pl\/cs\/wp-json\/wp\/v2\/product_brand?post=15021"},{"taxonomy":"product_cat","embeddable":true,"href":"https:\/\/staviori.com.pl\/cs\/wp-json\/wp\/v2\/product_cat?post=15021"},{"taxonomy":"product_tag","embeddable":true,"href":"https:\/\/staviori.com.pl\/cs\/wp-json\/wp\/v2\/product_tag?post=15021"}],"curies":[{"name":"wp","href":"https:\/\/api.w.org\/{rel}","templated":true}]}}