{"id":15020,"date":"2025-02-24T22:47:46","date_gmt":"2025-02-24T21:47:46","guid":{"rendered":"https:\/\/staviori.com.pl\/product\/bizuteria-inwestycyjna-pierscionek-pbd1684\/"},"modified":"2026-02-11T00:09:01","modified_gmt":"2026-02-10T23:09:01","slug":"bizuteria-inwestycyjna-pierscionek-pbd1684","status":"publish","type":"product","link":"https:\/\/staviori.com.pl\/cs\/product\/bizuteria-inwestycyjna-pierscionek-pbd1684\/","title":{"rendered":"Exkluzivn\u011b | Investi\u010dn\u00ed \u0161perky - had\u00ed prsten s diamanty z 18kar\u00e1tov\u00e9ho zlata"},"content":{"rendered":"<p>Model: DDR0557<br \/>\nHmotnost p\u0159ibli\u017en\u011b 11,10 g<\/p>\n<p>Prsten.<br \/>\nB\u00edl\u00e9 zlato 0,750.<br \/>\n243 Diamant\u016f, briliantov\u00fd brus, hmotnost 1,67ct, barva G-H, \u010distota SI1.<br \/>\n2 diamanty, \u010dern\u00e9 barvy, briliantov\u00fd brus, o hmotnosti 0,03ct.<\/p>\n<p>\u0160\u00ed\u0159ka 35 mm.<br \/>\nV\u00fd\u0161ka 4 mm.<br \/>\n\u0160\u00ed\u0159ka krou\u017eku je p\u0159ibli\u017en\u011b 5 mm.<\/p>\n<p>V\u00fdrobek v libovoln\u00e9 velikosti, dostupn\u00fd pouze na vy\u017e\u00e1d\u00e1n\u00ed, doba dod\u00e1n\u00ed cca 5 t\u00fddn\u016f.<\/p>","protected":false},"excerpt":{"rendered":"<p>Fenomen\u00e1ln\u00ed prsten v podob\u011b sv\u00edjej\u00edc\u00edho se hada z 18kar\u00e1tov\u00e9ho b\u00edl\u00e9ho zlata. Jeho povrch zdob\u00ed a\u017e 243 t\u0159pytiv\u00fdch diamant\u016f o celkov\u00e9 hmotnosti 1,67 ct, kter\u00e9 n\u00e1dhern\u011b zv\u00fdraz\u0148uj\u00ed jedine\u010dn\u00fd tvar \u0161perku. Hlavu hada zv\u00fdraz\u0148uj\u00ed dva \u010dern\u00e9 diamanty, kter\u00e9 cel\u00e9mu \u0161perku dod\u00e1vaj\u00ed osobit\u00fd charakter a tajemnou eleganci. Jedn\u00e1 se o jedine\u010dn\u00fd prsten, kter\u00fd pot\u011b\u0161\u00ed milovn\u00edky odv\u00e1\u017en\u00fdch, luxusn\u00edch dopl\u0148k\u016f.<\/p>","protected":false},"featured_media":4536,"comment_status":"closed","ping_status":"closed","template":"","meta":{"om_disable_all_campaigns":false},"product_brand":[2284],"product_cat":[1803,801,6741],"product_tag":[2658,6176,2311,6454,6448,4923,5577,4928,3747,3753,6171,6449,4733,6453,4708,6451,6455,6456,6452,6450,5668,6457],"class_list":{"0":"post-15020","1":"product","2":"type-product","3":"status-publish","4":"has-post-thumbnail","6":"product_brand-staviori","7":"product_cat-brylanty-exclusive","8":"product_cat-pierscionki","9":"product_cat-pierscionki-brylanty-exclusive","10":"product_tag-biale-zloto-750","11":"product_tag-bile-zlato-750","12":"product_tag-bizuteria-luksusowa","13":"product_tag-black-diamond-ring","14":"product_tag-ddr0557","15":"product_tag-diamantovy-prsten","16":"product_tag-diamantring","17":"product_tag-diamond-ring","18":"product_tag-luxury-jewelry","19":"product_tag-luxusni-sperky","20":"product_tag-luxusschmuck","21":"product_tag-pbd1684","22":"product_tag-pierscionek-waz","23":"product_tag-pierscionek-z-czarnymi-diamentami","24":"product_tag-pierscionek-z-diamentami","25":"product_tag-prsten-had","26":"product_tag-prsten-s-cernymi-diamanty","27":"product_tag-ring-mit-schwarzen-diamanten","28":"product_tag-ring-schlange","29":"product_tag-ring-snake","30":"product_tag-weisgold-750","31":"product_tag-white-gold-750","32":"pa_barwa-g-h","33":"pa_czystosc-si1","34":"pa_kamien-brylanty","35":"pa_kolor-biale","36":"pa_kruszec-zloto","37":"pa_motyw-waz","38":"pa_proba-0-750","39":"pa_szerokosc-35mm","40":"pa_waga-1100g","41":"pa_wysokosc-4mm","43":"first","44":"onbackorder","45":"purchasable","46":"product-type-simple"},"aioseo_notices":[],"_links":{"self":[{"href":"https:\/\/staviori.com.pl\/cs\/wp-json\/wp\/v2\/product\/15020","targetHints":{"allow":["GET"]}}],"collection":[{"href":"https:\/\/staviori.com.pl\/cs\/wp-json\/wp\/v2\/product"}],"about":[{"href":"https:\/\/staviori.com.pl\/cs\/wp-json\/wp\/v2\/types\/product"}],"replies":[{"embeddable":true,"href":"https:\/\/staviori.com.pl\/cs\/wp-json\/wp\/v2\/comments?post=15020"}],"wp:featuredmedia":[{"embeddable":true,"href":"https:\/\/staviori.com.pl\/cs\/wp-json\/wp\/v2\/media\/4536"}],"wp:attachment":[{"href":"https:\/\/staviori.com.pl\/cs\/wp-json\/wp\/v2\/media?parent=15020"}],"wp:term":[{"taxonomy":"product_brand","embeddable":true,"href":"https:\/\/staviori.com.pl\/cs\/wp-json\/wp\/v2\/product_brand?post=15020"},{"taxonomy":"product_cat","embeddable":true,"href":"https:\/\/staviori.com.pl\/cs\/wp-json\/wp\/v2\/product_cat?post=15020"},{"taxonomy":"product_tag","embeddable":true,"href":"https:\/\/staviori.com.pl\/cs\/wp-json\/wp\/v2\/product_tag?post=15020"}],"curies":[{"name":"wp","href":"https:\/\/api.w.org\/{rel}","templated":true}]}}