{"id":15017,"date":"2025-02-24T22:47:41","date_gmt":"2025-02-24T21:47:41","guid":{"rendered":"https:\/\/staviori.com.pl\/product\/bizuteria-inwestycyjna-pierscionek-pbd1635\/"},"modified":"2026-02-11T00:09:00","modified_gmt":"2026-02-10T23:09:00","slug":"bizuteria-inwestycyjna-pierscionek-pbd1635","status":"publish","type":"product","link":"https:\/\/staviori.com.pl\/cs\/product\/bizuteria-inwestycyjna-pierscionek-pbd1635\/","title":{"rendered":"Exkluzivn\u00ed | neobvykl\u00fd prsten s diamantov\u00fdm hadem z 18kar\u00e1tov\u00e9ho zlata"},"content":{"rendered":"<p>Model: DDR0556<br \/>\nHmotnost p\u0159ibli\u017en\u011b 5,90 g<\/p>\n<p>Prsten.<br \/>\nB\u00edl\u00e9 zlato 0,750.<br \/>\n181 diamant\u016f, briliantov\u00fd brus, hmotnost cca 1,38ct, barva G-H, \u010distota SI1.<br \/>\n2 diamanty, \u010dern\u00e9 barvy, briliantov\u00fd brus, o hmotnosti 0,04ct.<\/p>\n<p>\u0160\u00ed\u0159ka 6 mm.<br \/>\nV\u00fd\u0161ka 4,5 mm.<br \/>\n\u0160\u00ed\u0159ka krou\u017eku je p\u0159ibli\u017en\u011b 3 mm.<\/p>\n<p>V\u00fdrobek v libovoln\u00e9 velikosti, dostupn\u00fd pouze na vy\u017e\u00e1d\u00e1n\u00ed, doba dod\u00e1n\u00ed cca 4 t\u00fddny.<\/p>","protected":false},"excerpt":{"rendered":"<p>Fenomen\u00e1ln\u00ed prsten ve tvaru hada z exkluzivn\u00edho 18kar\u00e1tov\u00e9ho b\u00edl\u00e9ho zlata. Cel\u00fd \u0161perk zdob\u00ed a\u017e 181 b\u00edl\u00fdch diamant\u016f o celkov\u00e9 hmotnosti 1,38 ct, kter\u00e9 mu dod\u00e1vaj\u00ed jedine\u010dn\u00fd lesk a luxusn\u00ed charakter. V o\u010d\u00edch hada jsou nav\u00edc zasazeny dva \u010dern\u00e9 diamanty, kter\u00e9 podtrhuj\u00ed jeho tajemn\u00fd, fascinuj\u00edc\u00ed vzhled. Tento velkolep\u00fd design zaujme nejen sv\u00fdm tvarem, ale tak\u00e9 mimo\u0159\u00e1dn\u011b precizn\u00edm zpracov\u00e1n\u00edm. Ide\u00e1ln\u00ed volba pro \u017eeny, kter\u00e9 hledaj\u00ed \u0161perky se siln\u00fdm v\u00fdrazem a um\u011bleck\u00fdm vkusem.<\/p>","protected":false},"featured_media":4508,"comment_status":"closed","ping_status":"closed","template":"","meta":{"om_disable_all_campaigns":false},"product_brand":[2284],"product_cat":[1803,801,6741],"product_tag":[4734,2278,4703,4036,4732,2280,4731,4733,4736,4735],"class_list":{"0":"post-15017","1":"product","2":"type-product","3":"status-publish","4":"has-post-thumbnail","6":"product_brand-staviori","7":"product_cat-brylanty-exclusive","8":"product_cat-pierscionki","9":"product_cat-pierscionki-brylanty-exclusive","10":"product_tag-artystyczna-bizuteria","11":"product_tag-biale-zloto-18k","12":"product_tag-bialy-diament","13":"product_tag-czarny-diament","14":"product_tag-ddr0556","15":"product_tag-luksusowa-bizuteria","16":"product_tag-pbd1635","17":"product_tag-pierscionek-waz","18":"product_tag-wezowy-motyw","19":"product_tag-wyjatkowy-pierscionek","20":"pa_barwa-g-h","21":"pa_czystosc-si1","22":"pa_dostawca-draco","23":"pa_kamien-biale-diamenty","24":"pa_kamien-brylanty","25":"pa_kamien-czarne-diamenty","26":"pa_kolor-biale","27":"pa_kruszec-zloto","28":"pa_motyw-waz","29":"pa_proba-0-750","30":"pa_szerokosc-6mm","31":"pa_waga-590g","32":"pa_wysokosc-4-5mm","34":"first","35":"onbackorder","36":"purchasable","37":"product-type-simple"},"aioseo_notices":[],"_links":{"self":[{"href":"https:\/\/staviori.com.pl\/cs\/wp-json\/wp\/v2\/product\/15017","targetHints":{"allow":["GET"]}}],"collection":[{"href":"https:\/\/staviori.com.pl\/cs\/wp-json\/wp\/v2\/product"}],"about":[{"href":"https:\/\/staviori.com.pl\/cs\/wp-json\/wp\/v2\/types\/product"}],"replies":[{"embeddable":true,"href":"https:\/\/staviori.com.pl\/cs\/wp-json\/wp\/v2\/comments?post=15017"}],"wp:featuredmedia":[{"embeddable":true,"href":"https:\/\/staviori.com.pl\/cs\/wp-json\/wp\/v2\/media\/4508"}],"wp:attachment":[{"href":"https:\/\/staviori.com.pl\/cs\/wp-json\/wp\/v2\/media?parent=15017"}],"wp:term":[{"taxonomy":"product_brand","embeddable":true,"href":"https:\/\/staviori.com.pl\/cs\/wp-json\/wp\/v2\/product_brand?post=15017"},{"taxonomy":"product_cat","embeddable":true,"href":"https:\/\/staviori.com.pl\/cs\/wp-json\/wp\/v2\/product_cat?post=15017"},{"taxonomy":"product_tag","embeddable":true,"href":"https:\/\/staviori.com.pl\/cs\/wp-json\/wp\/v2\/product_tag?post=15017"}],"curies":[{"name":"wp","href":"https:\/\/api.w.org\/{rel}","templated":true}]}}