{"id":15014,"date":"2025-02-24T22:47:41","date_gmt":"2025-02-24T21:47:41","guid":{"rendered":"https:\/\/staviori.com.pl\/product\/bizuteria-inwestycyjna-pierscionek-pbd1603\/"},"modified":"2026-02-11T00:09:00","modified_gmt":"2026-02-10T23:09:00","slug":"bizuteria-inwestycyjna-pierscionek-pbd1603","status":"publish","type":"product","link":"https:\/\/staviori.com.pl\/cs\/product\/bizuteria-inwestycyjna-pierscionek-pbd1603\/","title":{"rendered":"Exkluzivn\u00ed | Diamantov\u00fd prsten ve tvaru kv\u011btu z 18kar\u00e1tov\u00e9ho zlata"},"content":{"rendered":"<p>Model: PBD1603<br \/>\nHmotnost p\u0159ibli\u017en\u011b 11,90 g<\/p>\n<p>Prsten.<br \/>\nB\u00edl\u00e9 zlato 0,750.<br \/>\n260 diamant\u016f, briliantov\u00fd brus, hmotnost cca 2,50ct, barva G-H, \u010distota SI1.<\/p>\n<p>Pr\u016fm\u011br korunky cca 24 mm.<br \/>\nV\u00fd\u0161ka 12 mm.<\/p>\n<p>V\u00fdrobek v libovoln\u00e9 velikosti, dostupn\u00fd pouze na vy\u017e\u00e1d\u00e1n\u00ed, doba dod\u00e1n\u00ed cca 5 t\u00fddn\u016f.<\/p>","protected":false},"excerpt":{"rendered":"<p>Fenomen\u00e1ln\u00ed prsten z b\u00edl\u00e9ho zlata 0,750, kter\u00fd osl\u0148uje sv\u00fdm tvarem a leskem. N\u00e1dhern\u00fd prostorov\u00fd motiv kv\u011btu byl d\u016fmysln\u011b osazen a\u017e 260 diamanty o celkov\u00e9 v\u00e1ze 2,54 ct. Ka\u017ed\u00fd detail tohoto \u0161perku je ohromuj\u00edc\u00ed - od umn\u011b tvarovan\u00fdch okv\u011btn\u00edch l\u00edstk\u016f a\u017e po elegantn\u00ed dvojitou li\u0161tu. Jedn\u00e1 se o velkolep\u00fd prsten, kter\u00fd spojuje luxus s um\u011bleckou rafinovanost\u00ed. Ide\u00e1ln\u00ed pro \u017eeny, kter\u00e9 miluj\u00ed jedine\u010dn\u00e9 a n\u00e1padn\u00e9 dopl\u0148ky.<\/p>","protected":false},"featured_media":4465,"comment_status":"closed","ping_status":"closed","template":"","meta":{"om_disable_all_campaigns":false},"product_brand":[2284],"product_cat":[1803,801,6741],"product_tag":[2663,4714,4709,4715,4713,4710,4712,4711,4708],"class_list":{"0":"post-15014","1":"product","2":"type-product","3":"status-publish","4":"has-post-thumbnail","6":"product_brand-staviori","7":"product_cat-brylanty-exclusive","8":"product_cat-pierscionki","9":"product_cat-pierscionki-brylanty-exclusive","10":"product_tag-bizuteria-z-brylantami","11":"product_tag-brylantowy-kwiat","12":"product_tag-ddr0570","13":"product_tag-duzy-pierscionek-z-diamentami","14":"product_tag-luksusowy-pierscionek","15":"product_tag-pbd1603","16":"product_tag-pierscionek-biale-zloto","17":"product_tag-pierscionek-kwiat","18":"product_tag-pierscionek-z-diamentami","19":"pa_barwa-g-h","20":"pa_czystosc-si1","21":"pa_dostawca-draco","22":"pa_kamien-diamenty","23":"pa_kamien-brylanty","24":"pa_kolor-biale","25":"pa_kruszec-zloto","26":"pa_motyw-kwiatek","27":"pa_proba-0-750","28":"pa_srednica-korony-ok-24mm","29":"pa_waga-1190g","30":"pa_wysokosc-12mm","32":"first","33":"onbackorder","34":"purchasable","35":"product-type-simple"},"aioseo_notices":[],"_links":{"self":[{"href":"https:\/\/staviori.com.pl\/cs\/wp-json\/wp\/v2\/product\/15014","targetHints":{"allow":["GET"]}}],"collection":[{"href":"https:\/\/staviori.com.pl\/cs\/wp-json\/wp\/v2\/product"}],"about":[{"href":"https:\/\/staviori.com.pl\/cs\/wp-json\/wp\/v2\/types\/product"}],"replies":[{"embeddable":true,"href":"https:\/\/staviori.com.pl\/cs\/wp-json\/wp\/v2\/comments?post=15014"}],"wp:featuredmedia":[{"embeddable":true,"href":"https:\/\/staviori.com.pl\/cs\/wp-json\/wp\/v2\/media\/4465"}],"wp:attachment":[{"href":"https:\/\/staviori.com.pl\/cs\/wp-json\/wp\/v2\/media?parent=15014"}],"wp:term":[{"taxonomy":"product_brand","embeddable":true,"href":"https:\/\/staviori.com.pl\/cs\/wp-json\/wp\/v2\/product_brand?post=15014"},{"taxonomy":"product_cat","embeddable":true,"href":"https:\/\/staviori.com.pl\/cs\/wp-json\/wp\/v2\/product_cat?post=15014"},{"taxonomy":"product_tag","embeddable":true,"href":"https:\/\/staviori.com.pl\/cs\/wp-json\/wp\/v2\/product_tag?post=15014"}],"curies":[{"name":"wp","href":"https:\/\/api.w.org\/{rel}","templated":true}]}}