{"id":15011,"date":"2025-02-24T22:47:41","date_gmt":"2025-02-24T21:47:41","guid":{"rendered":"https:\/\/staviori.com.pl\/product\/pierscionek-z-diamentem-pbd1596b\/"},"modified":"2026-02-11T00:09:00","modified_gmt":"2026-02-10T23:09:00","slug":"pierscionek-z-diamentem-pbd1596b","status":"publish","type":"product","link":"https:\/\/staviori.com.pl\/cs\/product\/pierscionek-z-diamentem-pbd1596b\/","title":{"rendered":"Zlat\u00fd prsten s \u010dern\u00fdm diamantem"},"content":{"rendered":"<p>Model: DDR0717B<br \/>\nHmotnost p\u0159ibli\u017en\u011b 1,60 g<\/p>\n<p>Prsten.<br \/>\nB\u00edl\u00e9 zlato 0,585.<br \/>\n1 Diament, kolor czarny, szlif brylantowy, o masie 0,10ct.<\/p>\n<p>\u015arednica korony ok. 3.5 mm.<br \/>\n\u0160\u00ed\u0159ka krou\u017eku je p\u0159ibli\u017en\u011b 2 mm.<\/p>\n<p>Z\u00e1snubn\u00ed prsten<\/p>\n<p>Mephisto&#8230; Unikalne po\u0142\u0105czenie bia\u0142ego z\u0142ota z czarnym naturalnym brylantem. Daj si\u0119 skusi\u0107 doskona\u0142ej formie mrocznego przedmiotu po\u017c\u0105dania.<\/p>","protected":false},"excerpt":{"rendered":"<p>Ol\u015bniewaj\u0105cy pier\u015bcionek zar\u0119czynowy wykonany z 14-karatowego bia\u0142ego z\u0142ota zachwyca minimalistyczn\u0105 form\u0105 i niebanalnym charakterem. Centralny punkt stanowi czarny brylant o masie 0,10 ct, subtelnie osadzony w koronie z sze\u015bcioma \u0142apkami. Kontrast pomi\u0119dzy blaskiem z\u0142ota a g\u0142\u0119bi\u0105 kamienia tworzy niepowtarzalny efekt \u2013 tajemniczy, a zarazem niezwykle elegancki. Idealny wyb\u00f3r dla kobiety, kt\u00f3ra ceni indywidualno\u015b\u0107 i oryginalny styl.<\/p>","protected":false},"featured_media":19295,"comment_status":"closed","ping_status":"closed","template":"","meta":{"om_disable_all_campaigns":false},"product_brand":[2284],"product_cat":[1838,6752,2182,801],"product_tag":[2308,4727,4036,4726,2317,4728,4730,4729,4668],"class_list":{"0":"post-15011","1":"product","2":"type-product","3":"status-publish","4":"has-post-thumbnail","6":"product_brand-staviori","7":"product_cat-diamenty","8":"product_cat-kolekcja-staviori-must-have","9":"product_cat-pierscionek-z-diamentem","10":"product_cat-pierscionki","11":"product_tag-biale-zloto","12":"product_tag-brylant-0-10ct","13":"product_tag-czarny-diament","14":"product_tag-ddr0717b","15":"product_tag-elegancka-bizuteria","16":"product_tag-nowoczesna-klasyka","17":"product_tag-pbd1596b","18":"product_tag-pierscionek-z-czarnym-kamieniem","19":"product_tag-pierscionek-zareczynowy","20":"pa_barwa-czarna","21":"pa_dostawca-iza","22":"pa_kamien-czarny-diament","23":"pa_kolor-biale","24":"pa_kruszec-zloto","25":"pa_proba-0-585","26":"pa_srednica-korony-ok-3-5mm","27":"pa_szerokosc-obraczki-ok-2mm","28":"pa_szlif-brylantowy-okragly","29":"pa_waga-160g","31":"first","32":"onbackorder","33":"purchasable","34":"product-type-simple"},"aioseo_notices":[],"_links":{"self":[{"href":"https:\/\/staviori.com.pl\/cs\/wp-json\/wp\/v2\/product\/15011","targetHints":{"allow":["GET"]}}],"collection":[{"href":"https:\/\/staviori.com.pl\/cs\/wp-json\/wp\/v2\/product"}],"about":[{"href":"https:\/\/staviori.com.pl\/cs\/wp-json\/wp\/v2\/types\/product"}],"replies":[{"embeddable":true,"href":"https:\/\/staviori.com.pl\/cs\/wp-json\/wp\/v2\/comments?post=15011"}],"wp:featuredmedia":[{"embeddable":true,"href":"https:\/\/staviori.com.pl\/cs\/wp-json\/wp\/v2\/media\/19295"}],"wp:attachment":[{"href":"https:\/\/staviori.com.pl\/cs\/wp-json\/wp\/v2\/media?parent=15011"}],"wp:term":[{"taxonomy":"product_brand","embeddable":true,"href":"https:\/\/staviori.com.pl\/cs\/wp-json\/wp\/v2\/product_brand?post=15011"},{"taxonomy":"product_cat","embeddable":true,"href":"https:\/\/staviori.com.pl\/cs\/wp-json\/wp\/v2\/product_cat?post=15011"},{"taxonomy":"product_tag","embeddable":true,"href":"https:\/\/staviori.com.pl\/cs\/wp-json\/wp\/v2\/product_tag?post=15011"}],"curies":[{"name":"wp","href":"https:\/\/api.w.org\/{rel}","templated":true}]}}