{"id":15008,"date":"2025-02-24T22:47:41","date_gmt":"2025-02-24T21:47:41","guid":{"rendered":"https:\/\/staviori.com.pl\/product\/bizuteria-inwestycyjna-pierscionek-pbd1573\/"},"modified":"2026-02-11T00:09:00","modified_gmt":"2026-02-10T23:09:00","slug":"bizuteria-inwestycyjna-pierscionek-pbd1573","status":"publish","type":"product","link":"https:\/\/staviori.com.pl\/cs\/product\/bizuteria-inwestycyjna-pierscionek-pbd1573\/","title":{"rendered":"Exkluzivn\u00ed | v\u00fdjime\u010dn\u00fd prsten s \u010dern\u00fdm diamantem z b\u00edl\u00e9ho zlata 750"},"content":{"rendered":"<p>Model: PBD1573<br \/>\nHmotnost p\u0159ibli\u017en\u011b 3,90 g<\/p>\n<p>Prsten.<br \/>\nB\u00edl\u00e9 zlato 0,750.<br \/>\n1 Diament, kolor czarny, szlif brylantowy, o masie oko\u0142o 1,70ct.<\/p>\n<p>Pr\u016fm\u011br korunky cca 7 mm.<br \/>\nWysoko\u015b\u0107 7.6 mm.<br \/>\nSzeroko\u015b\u0107 obr\u0105czki ok. 3.6 mm.<\/p>\n<p>Pier\u015bcionek na indywidualne zam\u00f3wienie &#8211; termin realizacji oko\u0142o 2 tygodnie.<\/p>\n<p>Mephisto&#8230; Unikalne po\u0142\u0105czenie bia\u0142ego z\u0142ota z czarnym naturalnym brylantem. Daj si\u0119 skusi\u0107 doskona\u0142ej formie mrocznego przedmiotu po\u017c\u0105dania.<\/p>","protected":false},"excerpt":{"rendered":"<p>\u00da\u017easn\u00fd z\u00e1snubn\u00ed prsten Mephisto z b\u00edl\u00e9ho zlata 0,750, jeho\u017e srdcem je p\u016fsobiv\u00fd p\u0159\u00edrodn\u00ed \u010dern\u00fd diamant o hmotnosti p\u0159ibli\u017en\u011b 1,70 ct.<br \/>\nK\u00e1men, zasazen\u00fd do klasick\u00e9 korunky se \u0161esti tlapkami, vyza\u0159uje mimo\u0159\u00e1dnou s\u00edlu a tajemstv\u00ed. D\u00edky 3,6 mm \u0161irok\u00e9mu krou\u017eku je cel\u00fd \u0161perk v\u00fdrazn\u00fd a elegantn\u00ed. Jedn\u00e1 se o \u0161perk pro odv\u00e1\u017en\u00e9 \u017eeny, kter\u00e9 miluj\u00ed neobvykl\u00e9 tvary a neboj\u00ed se vyniknout.<\/p>","protected":false},"featured_media":4411,"comment_status":"closed","ping_status":"closed","template":"","meta":{"om_disable_all_campaigns":false},"product_brand":[2284],"product_cat":[1803,6741,801],"product_tag":[4669,4036,4701,4698,4700,2317,4694,4699,4697,4668],"class_list":{"0":"post-15008","1":"product","2":"type-product","3":"status-publish","4":"has-post-thumbnail","6":"product_brand-staviori","7":"product_cat-brylanty-exclusive","8":"product_cat-pierscionki-brylanty-exclusive","9":"product_cat-pierscionki","10":"product_tag-biale-zloto-0-750","11":"product_tag-czarny-diament","12":"product_tag-ddr06601b","13":"product_tag-duzy-brylant","14":"product_tag-ekskluzywny-pierscionek","15":"product_tag-elegancka-bizuteria","16":"product_tag-mephisto","17":"product_tag-nietuzinkowy-pierscionek","18":"product_tag-pbd1573","19":"product_tag-pierscionek-zareczynowy","20":"pa_dostawca-draco","21":"pa_kamien-czarny-diament","22":"pa_kolor-biale","23":"pa_kruszec-zloto","24":"pa_okazja-idealne-na-zareczyny","25":"pa_proba-0-750","26":"pa_srednica-korony-ok-7mm","27":"pa_waga-390g","28":"pa_wysokosc-7-6mm","30":"first","31":"onbackorder","32":"purchasable","33":"product-type-simple"},"aioseo_notices":[],"_links":{"self":[{"href":"https:\/\/staviori.com.pl\/cs\/wp-json\/wp\/v2\/product\/15008","targetHints":{"allow":["GET"]}}],"collection":[{"href":"https:\/\/staviori.com.pl\/cs\/wp-json\/wp\/v2\/product"}],"about":[{"href":"https:\/\/staviori.com.pl\/cs\/wp-json\/wp\/v2\/types\/product"}],"replies":[{"embeddable":true,"href":"https:\/\/staviori.com.pl\/cs\/wp-json\/wp\/v2\/comments?post=15008"}],"wp:featuredmedia":[{"embeddable":true,"href":"https:\/\/staviori.com.pl\/cs\/wp-json\/wp\/v2\/media\/4411"}],"wp:attachment":[{"href":"https:\/\/staviori.com.pl\/cs\/wp-json\/wp\/v2\/media?parent=15008"}],"wp:term":[{"taxonomy":"product_brand","embeddable":true,"href":"https:\/\/staviori.com.pl\/cs\/wp-json\/wp\/v2\/product_brand?post=15008"},{"taxonomy":"product_cat","embeddable":true,"href":"https:\/\/staviori.com.pl\/cs\/wp-json\/wp\/v2\/product_cat?post=15008"},{"taxonomy":"product_tag","embeddable":true,"href":"https:\/\/staviori.com.pl\/cs\/wp-json\/wp\/v2\/product_tag?post=15008"}],"curies":[{"name":"wp","href":"https:\/\/api.w.org\/{rel}","templated":true}]}}