{"id":15006,"date":"2025-02-24T22:47:41","date_gmt":"2025-02-24T21:47:41","guid":{"rendered":"https:\/\/staviori.com.pl\/product\/bizuteria-inwestycyjna-pierscionek-pbd1555\/"},"modified":"2026-02-11T00:09:45","modified_gmt":"2026-02-10T23:09:45","slug":"bizuteria-inwestycyjna-pierscionek-pbd1555","status":"publish","type":"product","link":"https:\/\/staviori.com.pl\/cs\/product\/bizuteria-inwestycyjna-pierscionek-pbd1555\/","title":{"rendered":"Exkluzivn\u00ed | n\u00e1dhern\u00fd z\u00e1snubn\u00ed prsten 0,50 kar\u00e1tu v 18kar\u00e1tov\u00e9m zlat\u011b"},"content":{"rendered":"<p>Model: PBD1555<br \/>\nHmotnost p\u0159ibli\u017en\u011b 3,90 g<\/p>\n<p>Prsten.<br \/>\nB\u00edl\u00e9 zlato 0,750.<br \/>\n1 Diament, szlif brylantowy, o masie 0,50ct, barwa G, czysto\u015b\u0107 Si.<\/p>\n<p>\u015arednica korony ok. 6 mm.<br \/>\nWysoko\u015b\u0107 6.5 mm.<br \/>\n\u0160\u00ed\u0159ka krou\u017eku je p\u0159ibli\u017en\u011b 3 mm.<\/p>\n<p>Mo\u017cliwo\u015b\u0107 wykonania na zam\u00f3wienie z dowolnym diamentem powy\u017cej 0,50ct.<br \/>\nZ\u00e1snubn\u00ed prsten<br \/>\nK dispozici na objedn\u00e1vku - doba dod\u00e1n\u00ed p\u0159ibli\u017en\u011b 1 t\u00fdden.<\/p>\n<p>Pi\u0119kny pier\u015bcionek zar\u0119czynowy w bia\u0142ym 18-karatowym z\u0142ocie. Koszyczek doskonale dopuszcza \u015bwiat\u0142o do brylantu, dzi\u0119ki czemu on oddaje je w postaci cudownego blasku widocznego ju\u017c z daleka. Jest to pi\u0119kny, topowy pier\u015bcionek w naszej ofercie &#8211; zdecydowanie nie-pozostawiaj\u0105cy w\u0105tpliwo\u015bci innym, i\u017c jest to pier\u015bcionek zar\u0119czynowy.<\/p>","protected":false},"excerpt":{"rendered":"<p>Oslniv\u00fd z\u00e1snubn\u00ed prsten z 18kar\u00e1tov\u00e9ho b\u00edl\u00e9ho zlata nejvy\u0161\u0161\u00ed kvality. Uprost\u0159ed je zasazen impozantn\u00ed diamant o v\u00e1ze 0,50 ct, barv\u011b F a \u010distot\u011b SI1-SI2, kter\u00fd zaujme sv\u00fdm v\u00fdjime\u010dn\u00fdm leskem. Klasick\u00fd tvar a subtiln\u00ed ko\u0161\u00ed\u010dek umo\u017e\u0148uj\u00ed sv\u011btlu pln\u011b proniknout ke kameni, co\u017e p\u0159isp\u00edv\u00e1 k jeho velkolep\u00e9mu \u00fa\u010dinku. Tento elegantn\u00ed model bude dokonal\u00fdm symbolem l\u00e1sky a p\u0159\u00edslibem na cel\u00fd \u017eivot.<\/p>","protected":false},"featured_media":4392,"comment_status":"closed","ping_status":"closed","template":"","meta":{"om_disable_all_campaigns":false},"product_brand":[2284],"product_cat":[1803,801,6741],"product_tag":[2308,4703,4673,2280,4702,4668,4705,4704],"class_list":{"0":"post-15006","1":"product","2":"type-product","3":"status-publish","4":"has-post-thumbnail","6":"product_brand-staviori","7":"product_cat-brylanty-exclusive","8":"product_cat-pierscionki","9":"product_cat-pierscionki-brylanty-exclusive","10":"product_tag-biale-zloto","11":"product_tag-bialy-diament","12":"product_tag-klasyczny-pierscionek","13":"product_tag-luksusowa-bizuteria","14":"product_tag-pbd1555","15":"product_tag-pierscionek-zareczynowy","16":"product_tag-prezent-na-zareczyny","17":"product_tag-zloto-18k","18":"pa_barwa-g-2","19":"pa_czystosc-si1-si2","20":"pa_dostawca-draco","21":"pa_kamien-diament","22":"pa_kamien-diament-certyfikowany-gia","23":"pa_kamien-diament-laboratoryjny","24":"pa_kolor-biale","25":"pa_kruszec-zloto","26":"pa_okazja-idealne-na-zareczyny","27":"pa_proba-0-750","28":"pa_srednica-korony-ok-6mm","29":"pa_szlif-brylantowy-okragly","30":"pa_waga-390g","31":"pa_wysokosc-6-5mm","33":"first","34":"onbackorder","35":"purchasable","36":"product-type-variable","37":"has-default-attributes"},"aioseo_notices":[],"_links":{"self":[{"href":"https:\/\/staviori.com.pl\/cs\/wp-json\/wp\/v2\/product\/15006","targetHints":{"allow":["GET"]}}],"collection":[{"href":"https:\/\/staviori.com.pl\/cs\/wp-json\/wp\/v2\/product"}],"about":[{"href":"https:\/\/staviori.com.pl\/cs\/wp-json\/wp\/v2\/types\/product"}],"replies":[{"embeddable":true,"href":"https:\/\/staviori.com.pl\/cs\/wp-json\/wp\/v2\/comments?post=15006"}],"wp:featuredmedia":[{"embeddable":true,"href":"https:\/\/staviori.com.pl\/cs\/wp-json\/wp\/v2\/media\/4392"}],"wp:attachment":[{"href":"https:\/\/staviori.com.pl\/cs\/wp-json\/wp\/v2\/media?parent=15006"}],"wp:term":[{"taxonomy":"product_brand","embeddable":true,"href":"https:\/\/staviori.com.pl\/cs\/wp-json\/wp\/v2\/product_brand?post=15006"},{"taxonomy":"product_cat","embeddable":true,"href":"https:\/\/staviori.com.pl\/cs\/wp-json\/wp\/v2\/product_cat?post=15006"},{"taxonomy":"product_tag","embeddable":true,"href":"https:\/\/staviori.com.pl\/cs\/wp-json\/wp\/v2\/product_tag?post=15006"}],"curies":[{"name":"wp","href":"https:\/\/api.w.org\/{rel}","templated":true}]}}