{"id":15001,"date":"2025-02-24T22:47:41","date_gmt":"2025-02-24T21:47:41","guid":{"rendered":"https:\/\/staviori.com.pl\/product\/bizuteria-inwestycyjna-pierscionek-pbd1532\/"},"modified":"2026-02-11T00:09:00","modified_gmt":"2026-02-10T23:09:00","slug":"bizuteria-inwestycyjna-pierscionek-pbd1532","status":"publish","type":"product","link":"https:\/\/staviori.com.pl\/cs\/product\/bizuteria-inwestycyjna-pierscionek-pbd1532\/","title":{"rendered":"Exkluzivn\u00ed | n\u00e1dhern\u00fd prsten s diamantov\u00fdm hadem ze zlata 750"},"content":{"rendered":"<p>Model: DDR0562<br \/>\nHmotnost p\u0159ibli\u017en\u011b 12,90 g<\/p>\n<p>Prsten.<br \/>\nB\u00edl\u00e9 zlato 0,750.<br \/>\n234 Diamenty, szlif brylantowy, o masie 1,30ct, barwa G-H, czysto\u015b\u0107 SI1.<br \/>\n2 Garnety zielone, o masie 0,05ct.<\/p>\n<p>Szeroko\u015b\u0107 45 mm.<br \/>\nV\u00fd\u0161ka 4 mm.<br \/>\n\u0160\u00ed\u0159ka krou\u017eku je p\u0159ibli\u017en\u011b 5 mm.<\/p>\n<p>V\u00fdrobek v libovoln\u00e9 velikosti, dostupn\u00fd pouze na vy\u017e\u00e1d\u00e1n\u00ed, doba dod\u00e1n\u00ed cca 5 t\u00fddn\u016f.<\/p>","protected":false},"excerpt":{"rendered":"<p>\u00dachvatn\u00fd prsten ve tvaru krout\u00edc\u00edho se hada je odv\u00e1\u017en\u00fdm \u0161perkem pro \u017eeny, kter\u00e9 ocen\u00ed osobit\u00fd styl. Je vyroben z b\u00edl\u00e9ho zlata nejvy\u0161\u0161\u00ed kvality 0,750 a z\u00e1\u0159\u00ed leskem a\u017e 234 diamant\u016f o celkov\u00e9 hmotnosti 1,30 ct. Hypnotick\u00e9 zelen\u00e9 gran\u00e1ty, zasazen\u00e9 jako o\u010di, dod\u00e1vaj\u00ed celku tajemn\u00e9 kouzlo. Prsten smysln\u011b obep\u00edn\u00e1 prst a vytv\u00e1\u0159\u00ed mimo\u0159\u00e1dn\u00fd vizu\u00e1ln\u00ed efekt - je ide\u00e1ln\u00ed pro ve\u010dern\u00ed styling i jako \u0161perka\u0159sk\u00e9 mistrovsk\u00e9 d\u00edlo.<\/p>","protected":false},"featured_media":4343,"comment_status":"closed","ping_status":"closed","template":"","meta":{"om_disable_all_campaigns":false},"product_brand":[2284],"product_cat":[1803,801,6741],"product_tag":[2278,2907,4738,2280,4741,4739,4733,4708,4740],"class_list":{"0":"post-15001","1":"product","2":"type-product","3":"status-publish","4":"has-post-thumbnail","6":"product_brand-staviori","7":"product_cat-brylanty-exclusive","8":"product_cat-pierscionki","9":"product_cat-pierscionki-brylanty-exclusive","10":"product_tag-biale-zloto-18k","11":"product_tag-bizuteria-artystyczna","12":"product_tag-ddr0562","13":"product_tag-luksusowa-bizuteria","14":"product_tag-ozdobny-pierscionek","15":"product_tag-pbd1532","16":"product_tag-pierscionek-waz","17":"product_tag-pierscionek-z-diamentami","18":"product_tag-pierscionek-z-granatami","19":"pa_barwa-g-h","20":"pa_czystosc-si1","21":"pa_dostawca-draco","22":"pa_kamien-biale-diamenty","23":"pa_kamien-brylanty","24":"pa_kamien-garnety-zielone","25":"pa_kolor-biale","26":"pa_kruszec-zloto","27":"pa_motyw-waz","28":"pa_proba-0-750","29":"pa_szerokosc-45mm","30":"pa_waga-1190g","31":"pa_wysokosc-4mm","33":"first","34":"onbackorder","35":"purchasable","36":"product-type-simple"},"aioseo_notices":[],"_links":{"self":[{"href":"https:\/\/staviori.com.pl\/cs\/wp-json\/wp\/v2\/product\/15001","targetHints":{"allow":["GET"]}}],"collection":[{"href":"https:\/\/staviori.com.pl\/cs\/wp-json\/wp\/v2\/product"}],"about":[{"href":"https:\/\/staviori.com.pl\/cs\/wp-json\/wp\/v2\/types\/product"}],"replies":[{"embeddable":true,"href":"https:\/\/staviori.com.pl\/cs\/wp-json\/wp\/v2\/comments?post=15001"}],"wp:featuredmedia":[{"embeddable":true,"href":"https:\/\/staviori.com.pl\/cs\/wp-json\/wp\/v2\/media\/4343"}],"wp:attachment":[{"href":"https:\/\/staviori.com.pl\/cs\/wp-json\/wp\/v2\/media?parent=15001"}],"wp:term":[{"taxonomy":"product_brand","embeddable":true,"href":"https:\/\/staviori.com.pl\/cs\/wp-json\/wp\/v2\/product_brand?post=15001"},{"taxonomy":"product_cat","embeddable":true,"href":"https:\/\/staviori.com.pl\/cs\/wp-json\/wp\/v2\/product_cat?post=15001"},{"taxonomy":"product_tag","embeddable":true,"href":"https:\/\/staviori.com.pl\/cs\/wp-json\/wp\/v2\/product_tag?post=15001"}],"curies":[{"name":"wp","href":"https:\/\/api.w.org\/{rel}","templated":true}]}}