{"id":14997,"date":"2025-02-24T22:47:36","date_gmt":"2025-02-24T21:47:36","guid":{"rendered":"https:\/\/staviori.com.pl\/product\/bizuteria-inwestycyjna-pierscionek-pbd1184\/"},"modified":"2026-02-11T00:09:00","modified_gmt":"2026-02-10T23:09:00","slug":"bizuteria-inwestycyjna-pierscionek-pbd1184","status":"publish","type":"product","link":"https:\/\/staviori.com.pl\/cs\/product\/bizuteria-inwestycyjna-pierscionek-pbd1184\/","title":{"rendered":"Exkluzivn\u00ed | prsten ve tvaru hada s diamanty z b\u00edl\u00e9ho zlata 750"},"content":{"rendered":"<p>Model: DDR0529<br \/>\nHmotnost p\u0159ibli\u017en\u011b 4,80 g<\/p>\n<p>Prsten.<br \/>\nB\u00edl\u00e9 zlato 0,750.<br \/>\n69 diamant\u016f, briliantov\u00fd brus, hmotnost 0,30ct, barva G-H, \u010distota SI1.<\/p>\n<p>\u0160\u00ed\u0159ka 30 mm.<br \/>\nV\u00fd\u0161ka 3 mm.<br \/>\n\u0160\u00ed\u0159ka krou\u017eku je p\u0159ibli\u017en\u011b 5 mm.<\/p>\n<p>V\u00fdrobek v libovoln\u00e9 velikosti, dostupn\u00fd pouze na vy\u017e\u00e1d\u00e1n\u00ed, doba dod\u00e1n\u00ed cca 5 t\u00fddn\u016f.<\/p>","protected":false},"excerpt":{"rendered":"<p>Modern\u00ed a velmi origin\u00e1ln\u00ed prsten z b\u00edl\u00e9ho zlata 0,750 inspirovan\u00fd tvarem smysln\u00e9ho hada. Jeho tvar obep\u00ednaj\u00edc\u00ed design zdob\u00ed a\u017e 69 t\u0159pytiv\u00fdch diamant\u016f, kter\u00e9 vytv\u00e1\u0159ej\u00ed oslnivou hru sv\u011btla. Jedn\u00e1 se o v\u00fdrazn\u00fd a luxusn\u00ed dopln\u011bk, kter\u00fd dokonale podtrhne odv\u00e1\u017en\u00fd styl a sebev\u011bdom\u00ed. Pro \u017eeny, kter\u00e9 miluj\u00ed \u0161perky s charakterem.<\/p>","protected":false},"featured_media":19358,"comment_status":"closed","ping_status":"closed","template":"","meta":{"om_disable_all_campaigns":false},"product_brand":[2284],"product_cat":[1803,801,6741],"product_tag":[2658,4779,4480,4713,4780,4781,4733],"class_list":{"0":"post-14997","1":"product","2":"type-product","3":"status-publish","4":"has-post-thumbnail","6":"product_brand-staviori","7":"product_cat-brylanty-exclusive","8":"product_cat-pierscionki","9":"product_cat-pierscionki-brylanty-exclusive","10":"product_tag-biale-zloto-750","11":"product_tag-ddr0529","12":"product_tag-designerska-bizuteria","13":"product_tag-luksusowy-pierscionek","14":"product_tag-pierscionek-diamentowy","15":"product_tag-pierscionek-na-zamowienie","16":"product_tag-pierscionek-waz","17":"pa_barwa-g-h","18":"pa_czystosc-si1","19":"pa_dostawca-draco","20":"pa_kamien-biale-diamenty","21":"pa_kamien-brylanty","22":"pa_kolor-biale","23":"pa_kruszec-zloto","24":"pa_motyw-waz","25":"pa_proba-0-750","26":"pa_szerokosc-30mm","27":"pa_waga-480g","28":"pa_wysokosc-3mm","30":"first","31":"onbackorder","32":"purchasable","33":"product-type-simple"},"aioseo_notices":[],"_links":{"self":[{"href":"https:\/\/staviori.com.pl\/cs\/wp-json\/wp\/v2\/product\/14997","targetHints":{"allow":["GET"]}}],"collection":[{"href":"https:\/\/staviori.com.pl\/cs\/wp-json\/wp\/v2\/product"}],"about":[{"href":"https:\/\/staviori.com.pl\/cs\/wp-json\/wp\/v2\/types\/product"}],"replies":[{"embeddable":true,"href":"https:\/\/staviori.com.pl\/cs\/wp-json\/wp\/v2\/comments?post=14997"}],"wp:featuredmedia":[{"embeddable":true,"href":"https:\/\/staviori.com.pl\/cs\/wp-json\/wp\/v2\/media\/19358"}],"wp:attachment":[{"href":"https:\/\/staviori.com.pl\/cs\/wp-json\/wp\/v2\/media?parent=14997"}],"wp:term":[{"taxonomy":"product_brand","embeddable":true,"href":"https:\/\/staviori.com.pl\/cs\/wp-json\/wp\/v2\/product_brand?post=14997"},{"taxonomy":"product_cat","embeddable":true,"href":"https:\/\/staviori.com.pl\/cs\/wp-json\/wp\/v2\/product_cat?post=14997"},{"taxonomy":"product_tag","embeddable":true,"href":"https:\/\/staviori.com.pl\/cs\/wp-json\/wp\/v2\/product_tag?post=14997"}],"curies":[{"name":"wp","href":"https:\/\/api.w.org\/{rel}","templated":true}]}}