{"id":14992,"date":"2025-02-24T22:47:36","date_gmt":"2025-02-24T21:47:36","guid":{"rendered":"https:\/\/staviori.com.pl\/product\/pierscionek-z-diamentem-pbd0759\/"},"modified":"2026-02-11T00:09:00","modified_gmt":"2026-02-10T23:09:00","slug":"pierscionek-z-diamentem-pbd0759","status":"publish","type":"product","link":"https:\/\/staviori.com.pl\/cs\/product\/pierscionek-z-diamentem-pbd0759\/","title":{"rendered":"prsten z b\u00edl\u00e9ho zlata s diamanty a bagetami"},"content":{"rendered":"<p>Model: PBD1182<br \/>\nWaga ok. 2,70g<\/p>\n<p>Prsten.<br \/>\nB\u00edl\u00e9 zlato 0,585.<br \/>\n42 Diamenty, szlif brylantowy, o masie 0,26ct, barwa H-J, czysto\u015b\u0107 SI2-I1.<br \/>\n25 Diament\u00f3w, szlif bagieta, o masie 0,25ct, barwa H-J, czysto\u015b\u0107 SI1-SI2.<\/p>\n<p>Szeroko\u015b\u0107 obr\u0105czki ok. 2.0-4.3 mm.<br \/>\nWysoko\u015b\u0107 2.80 mm.<\/p>\n<p>V\u00fdrobek v libovoln\u00e9 velikosti, dostupn\u00fd pouze na vy\u017e\u00e1d\u00e1n\u00ed, doba dod\u00e1n\u00ed cca 5 t\u00fddn\u016f.<\/p>","protected":false},"excerpt":{"rendered":"<p>Oslniv\u00fd prsten z b\u00edl\u00e9ho zlata 0.585 je luxusn\u00ed volbou pro milovn\u00edky v\u00fdrazn\u00fdch \u0161perk\u016f. T\u0159i \u0159ady dokonale zasazen\u00fdch diamant\u016f - briliant\u016f a baget - vytv\u00e1\u0159ej\u00ed n\u00e1padnou, t\u0159pytivou kompozici. Precizn\u00ed zpracov\u00e1n\u00ed a harmonick\u00fd tvar d\u011blaj\u00ed z prstenu opravdovou pastvu pro o\u010di a pot\u011b\u0161en\u00ed z elegance. Ide\u00e1ln\u00ed volba pro zvl\u00e1\u0161tn\u00ed p\u0159\u00edle\u017eitosti nebo jako jedine\u010dn\u00fd d\u00e1rek.<\/p>","protected":false},"featured_media":19377,"comment_status":"closed","ping_status":"closed","template":"","meta":{"om_disable_all_campaigns":false},"product_brand":[2284],"product_cat":[1838,2182,801],"product_tag":[4807,2880,4672,2280,4806,4809,4746,4708,4808],"class_list":{"0":"post-14992","1":"product","2":"type-product","3":"status-publish","4":"has-post-thumbnail","6":"product_brand-staviori","7":"product_cat-diamenty","8":"product_cat-pierscionek-z-diamentem","9":"product_cat-pierscionki","10":"product_tag-biale-zloto-585","11":"product_tag-bizuteria-na-prezent","12":"product_tag-elegancki-pierscionek","13":"product_tag-luksusowa-bizuteria","14":"product_tag-pbd1182","15":"product_tag-pierscionek-staviori","16":"product_tag-pierscionek-z-brylantami","17":"product_tag-pierscionek-z-diamentami","18":"product_tag-szlif-bagietkowy","19":"pa_barwa-h-j","20":"pa_czystosc-si1-i1-2","21":"pa_dostawca-estrella","22":"pa_kamien-brylanty","23":"pa_kamien-diamenty-bagietowe","24":"pa_kolor-biale","25":"pa_kruszec-zloto","26":"pa_proba-0-585","27":"pa_szerokosc-4-5mm","28":"pa_waga-270g","30":"first","31":"onbackorder","32":"purchasable","33":"product-type-simple"},"aioseo_notices":[],"_links":{"self":[{"href":"https:\/\/staviori.com.pl\/cs\/wp-json\/wp\/v2\/product\/14992","targetHints":{"allow":["GET"]}}],"collection":[{"href":"https:\/\/staviori.com.pl\/cs\/wp-json\/wp\/v2\/product"}],"about":[{"href":"https:\/\/staviori.com.pl\/cs\/wp-json\/wp\/v2\/types\/product"}],"replies":[{"embeddable":true,"href":"https:\/\/staviori.com.pl\/cs\/wp-json\/wp\/v2\/comments?post=14992"}],"wp:featuredmedia":[{"embeddable":true,"href":"https:\/\/staviori.com.pl\/cs\/wp-json\/wp\/v2\/media\/19377"}],"wp:attachment":[{"href":"https:\/\/staviori.com.pl\/cs\/wp-json\/wp\/v2\/media?parent=14992"}],"wp:term":[{"taxonomy":"product_brand","embeddable":true,"href":"https:\/\/staviori.com.pl\/cs\/wp-json\/wp\/v2\/product_brand?post=14992"},{"taxonomy":"product_cat","embeddable":true,"href":"https:\/\/staviori.com.pl\/cs\/wp-json\/wp\/v2\/product_cat?post=14992"},{"taxonomy":"product_tag","embeddable":true,"href":"https:\/\/staviori.com.pl\/cs\/wp-json\/wp\/v2\/product_tag?post=14992"}],"curies":[{"name":"wp","href":"https:\/\/api.w.org\/{rel}","templated":true}]}}