{"id":14991,"date":"2025-02-24T22:47:36","date_gmt":"2025-02-24T21:47:36","guid":{"rendered":"https:\/\/staviori.com.pl\/product\/pierscionek-z-diamentem-pbd0746\/"},"modified":"2026-02-11T00:09:45","modified_gmt":"2026-02-10T23:09:45","slug":"pierscionek-z-diamentem-pbd0746","status":"publish","type":"product","link":"https:\/\/staviori.com.pl\/cs\/product\/pierscionek-z-diamentem-pbd0746\/","title":{"rendered":"P\u011bkn\u00fd kv\u011btinov\u00fd prsten se saf\u00edry a diamantem z b\u00edl\u00e9ho zlata"},"content":{"rendered":"<p>Model: PBD1000S<br \/>\nHmotnost p\u0159ibli\u017en\u011b 1,75 g<\/p>\n<p>Prsten.<br \/>\nB\u00edl\u00e9 zlato 0,585.<br \/>\n1 diamant, briliantov\u00fd brus, hmotnost 0,005ct, barva H, \u010distota I1.<br \/>\n6 saf\u00edr\u016f o hmotnosti 0,20ct.<\/p>\n<p>Pr\u016fm\u011br korunky cca 7 mm.<br \/>\nV\u00fd\u0161ka 3,1 mm.<br \/>\n\u0160\u00ed\u0159ka krou\u017eku je p\u0159ibli\u017en\u011b 1,65 mm.<\/p>","protected":false},"excerpt":{"rendered":"<p>Okouzluj\u00edc\u00ed prsten z b\u00edl\u00e9ho zlata 0.585 zaujme svou jemnost\u00ed a kv\u011btinov\u00fdm tvarem. Kompozici tvo\u0159\u00ed \u0161est p\u0159\u00edrodn\u00edch saf\u00edr\u016f o celkov\u00e9 hmotnosti 0,20 ct, uspo\u0159\u00e1dan\u00fdch do tvaru jemn\u00e9ho kv\u011btu, v jeho\u017e st\u0159edu je zasazen drobn\u00fd diamant o hmotnosti 0,005 ct. Z\u00e1\u0159iv\u00e9 kameny harmonicky lad\u00ed s tenk\u00fdm elegantn\u00edm prstenem a vytv\u00e1\u0159ej\u00ed romantick\u00fd a p\u016fvabn\u00fd celek. Ide\u00e1ln\u00ed jako d\u00e1rek pro v\u00fdjime\u010dnou osobu nebo z\u00e1snubn\u00ed prsten s origin\u00e1ln\u00edm charakterem.<\/p>","protected":false},"featured_media":19200,"comment_status":"closed","ping_status":"closed","template":"","meta":{"om_disable_all_campaigns":false},"product_brand":[2284],"product_cat":[1838,2182,801],"product_tag":[4677,2565,2697,4684,4689,4686,4685,4668,4687,4688],"class_list":{"0":"post-14991","1":"product","2":"type-product","3":"status-publish","4":"has-post-thumbnail","6":"product_brand-staviori","7":"product_cat-diamenty","8":"product_cat-pierscionek-z-diamentem","9":"product_cat-pierscionki","10":"product_tag-biale-zloto-0-585","11":"product_tag-delikatna-bizuteria","12":"product_tag-kwiatowy-wzor","13":"product_tag-pbd0746","14":"product_tag-pbd1000s","15":"product_tag-pierscionek-z-diamentem","16":"product_tag-pierscionek-z-szafirem","17":"product_tag-pierscionek-zareczynowy","18":"product_tag-romantyczny-pierscionek","19":"product_tag-szafiry-i-brylant","20":"pa_barwa-h-2","21":"pa_czystosc-i1","22":"pa_kamien-diament","23":"pa_kamien-szafiry-naturalne","24":"pa_kolor-biale","25":"pa_kruszec-zloto","26":"pa_proba-0-585","27":"pa_rozmiar-4355","28":"pa_rozmiar-2352","29":"pa_rozmiar-2353","30":"pa_rozmiar-2354","31":"pa_rozmiar-2355","32":"pa_srednica-korony-ok-7mm","33":"pa_waga-175g","34":"pa_wysokosc-3-1mm","36":"first","37":"instock","38":"purchasable","39":"product-type-variable"},"aioseo_notices":[],"_links":{"self":[{"href":"https:\/\/staviori.com.pl\/cs\/wp-json\/wp\/v2\/product\/14991","targetHints":{"allow":["GET"]}}],"collection":[{"href":"https:\/\/staviori.com.pl\/cs\/wp-json\/wp\/v2\/product"}],"about":[{"href":"https:\/\/staviori.com.pl\/cs\/wp-json\/wp\/v2\/types\/product"}],"replies":[{"embeddable":true,"href":"https:\/\/staviori.com.pl\/cs\/wp-json\/wp\/v2\/comments?post=14991"}],"wp:featuredmedia":[{"embeddable":true,"href":"https:\/\/staviori.com.pl\/cs\/wp-json\/wp\/v2\/media\/19200"}],"wp:attachment":[{"href":"https:\/\/staviori.com.pl\/cs\/wp-json\/wp\/v2\/media?parent=14991"}],"wp:term":[{"taxonomy":"product_brand","embeddable":true,"href":"https:\/\/staviori.com.pl\/cs\/wp-json\/wp\/v2\/product_brand?post=14991"},{"taxonomy":"product_cat","embeddable":true,"href":"https:\/\/staviori.com.pl\/cs\/wp-json\/wp\/v2\/product_cat?post=14991"},{"taxonomy":"product_tag","embeddable":true,"href":"https:\/\/staviori.com.pl\/cs\/wp-json\/wp\/v2\/product_tag?post=14991"}],"curies":[{"name":"wp","href":"https:\/\/api.w.org\/{rel}","templated":true}]}}