{"id":14990,"date":"2025-02-24T22:47:36","date_gmt":"2025-02-24T21:47:36","guid":{"rendered":"https:\/\/staviori.com.pl\/product\/pierscionek-z-diamentem-pbd0717\/"},"modified":"2026-02-11T00:09:00","modified_gmt":"2026-02-10T23:09:00","slug":"pierscionek-z-diamentem-pbd0717","status":"publish","type":"product","link":"https:\/\/staviori.com.pl\/cs\/product\/pierscionek-z-diamentem-pbd0717\/","title":{"rendered":"Kr\u00e1sn\u00fd z\u00e1snubn\u00ed prsten 0,10ct G\/Si z b\u00edl\u00e9ho zlata"},"content":{"rendered":"<p>Model: PBD0717<br \/>\nHmotnost p\u0159ibli\u017en\u011b 1,90 g<\/p>\n<p>Prsten.<br \/>\nB\u00edl\u00e9 zlato 0,585.<br \/>\n1 Diament, szlif brylantowy, o masie 0,10ct, barwa G, czysto\u015b\u0107 Si.<\/p>\n<p>\u015arednica korony ok. 3.5 mm.<br \/>\n\u0160\u00ed\u0159ka krou\u017eku je p\u0159ibli\u017en\u011b 2 mm.<\/p>\n<p>Z\u00e1snubn\u00ed prsten<br \/>\nV\u00fdrobek v libovoln\u00e9 velikosti, dostupn\u00fd pouze na vy\u017e\u00e1d\u00e1n\u00ed, doba dod\u00e1n\u00ed cca 2 t\u00fddny.<\/p>\n<p>\u00da\u017easn\u00fd a zcela exkluzivn\u00ed z\u00e1snubn\u00ed prsten . V klasick\u00e9m designu lze pln\u011b obdivovat a ocenit dokonal\u00fd brus diamantu d\u00edky diskr\u00e9tn\u00edmu zasazen\u00ed v podob\u011b \u0161esti pevn\u011b proveden\u00fdch krakorc\u016f, vyroben\u00fdch stejn\u011b jako celek z b\u00edl\u00e9ho zlata. Prsten je vyroben z b\u00edl\u00e9ho zlata o ryzosti 585 a zdob\u00ed jej diamant o hmotnosti 0,10 ct.<\/p>","protected":false},"excerpt":{"rendered":"<p>Ol\u015bniewaj\u0105cy pier\u015bcionek zar\u0119czynowy wykonany z bia\u0142ego z\u0142ota pr\u00f3by 0,585 to elegancka klasyka w najlepszym wydaniu. Brylant o masie 0,10 ct, barwie G i czysto\u015bci SI1 zosta\u0142 oprawiony w delikatny sze\u015bcioramienny szaton, kt\u00f3ry eksponuje perfekcyjny szlif kamienia. Smuk\u0142a obr\u0105czka o szeroko\u015bci 2 mm dodaje lekko\u015bci i kobiecego wdzi\u0119ku. Idealny wyb\u00f3r dla os\u00f3b ceni\u0105cych subtelno\u015b\u0107 i ponadczasowe pi\u0119kno.<\/p>","protected":false},"featured_media":4219,"comment_status":"closed","ping_status":"closed","template":"","meta":{"om_disable_all_campaigns":false},"product_brand":[2284],"product_cat":[1838,6752,2182,801],"product_tag":[4677,4678,4679,4671,4680,4676,4668,4681,4682],"class_list":{"0":"post-14990","1":"product","2":"type-product","3":"status-publish","4":"has-post-thumbnail","6":"product_brand-staviori","7":"product_cat-diamenty","8":"product_cat-kolekcja-staviori-must-have","9":"product_cat-pierscionek-z-diamentem","10":"product_cat-pierscionki","11":"product_tag-biale-zloto-0-585","12":"product_tag-brylant-0-10-ct","13":"product_tag-delikatny-pierscionek","14":"product_tag-diament-g-si1","15":"product_tag-klasyczny-szaton","16":"product_tag-pbd0717","17":"product_tag-pierscionek-zareczynowy","18":"product_tag-szescioramienna-oprawa","19":"product_tag-zareczyny","20":"pa_barwa-g-2","21":"pa_czystosc-si1","22":"pa_kamien-brylant","23":"pa_kamien-diament","24":"pa_kolor-biale","25":"pa_kruszec-zloto","26":"pa_proba-0-585","27":"pa_srednica-korony-ok-3-5mm","28":"pa_szerokosc-obraczki-ok-2mm","29":"pa_waga-190g","31":"first","32":"onbackorder","33":"purchasable","34":"product-type-simple"},"aioseo_notices":[],"_links":{"self":[{"href":"https:\/\/staviori.com.pl\/cs\/wp-json\/wp\/v2\/product\/14990","targetHints":{"allow":["GET"]}}],"collection":[{"href":"https:\/\/staviori.com.pl\/cs\/wp-json\/wp\/v2\/product"}],"about":[{"href":"https:\/\/staviori.com.pl\/cs\/wp-json\/wp\/v2\/types\/product"}],"replies":[{"embeddable":true,"href":"https:\/\/staviori.com.pl\/cs\/wp-json\/wp\/v2\/comments?post=14990"}],"wp:featuredmedia":[{"embeddable":true,"href":"https:\/\/staviori.com.pl\/cs\/wp-json\/wp\/v2\/media\/4219"}],"wp:attachment":[{"href":"https:\/\/staviori.com.pl\/cs\/wp-json\/wp\/v2\/media?parent=14990"}],"wp:term":[{"taxonomy":"product_brand","embeddable":true,"href":"https:\/\/staviori.com.pl\/cs\/wp-json\/wp\/v2\/product_brand?post=14990"},{"taxonomy":"product_cat","embeddable":true,"href":"https:\/\/staviori.com.pl\/cs\/wp-json\/wp\/v2\/product_cat?post=14990"},{"taxonomy":"product_tag","embeddable":true,"href":"https:\/\/staviori.com.pl\/cs\/wp-json\/wp\/v2\/product_tag?post=14990"}],"curies":[{"name":"wp","href":"https:\/\/api.w.org\/{rel}","templated":true}]}}