{"id":14942,"date":"2025-02-24T22:47:28","date_gmt":"2025-02-24T21:47:28","guid":{"rendered":"https:\/\/staviori.com.pl\/product\/zlote-naszyjniki-nzx4343\/"},"modified":"2026-03-31T11:46:16","modified_gmt":"2026-03-31T09:46:16","slug":"zlote-naszyjniki-nzx4343","status":"publish","type":"product","link":"https:\/\/staviori.com.pl\/cs\/product\/zlote-naszyjniki-nzx4343\/","title":{"rendered":"Zlat\u00fd slavnostn\u00ed n\u00e1hrdeln\u00edk s k\u0159\u00ed\u017eem - nastaviteln\u00e1 d\u00e9lka"},"content":{"rendered":"<p>Model: NZX4343<br \/>\nHmotnost p\u0159ibli\u017en\u011b 0,84 g<\/p>\n<p>Naszyjnik Krzy\u017cyk.<br \/>\n\u017dlut\u00e9 zlato 0,585.<\/p>\n<p>Wymiary 20.7&#215;12 mm.<br \/>\nSzeroko\u015b\u0107 0.6 mm.<\/p>\n<p>Nastaviteln\u00e1 d\u00e9lka 42 cm - 44 cm.<\/p>","protected":false},"excerpt":{"rendered":"<p>Jemn\u00fd n\u00e1hrdeln\u00edk ze \u017elut\u00e9ho zlata ve tvaru k\u0159\u00ed\u017eku v horizont\u00e1ln\u00edm proveden\u00ed je symbolick\u00fdm \u0161perkem s modern\u00edm n\u00e1dechem. D\u00edky leskl\u00e9mu povrchu a subtiln\u00edmu tvaru dokonale zv\u00fdrazn\u00ed dekolt a z\u00e1rove\u0148 si zachov\u00e1v\u00e1 nad\u010dasovou eleganci. Skv\u011ble se hod\u00ed jako osobn\u00ed talisman nebo d\u00e1rek pln\u00fd v\u00fdznamu.<\/p>","protected":false},"featured_media":19137,"comment_status":"closed","ping_status":"closed","template":"","meta":{"om_disable_all_campaigns":false},"product_brand":[2284],"product_cat":[719,2128,1930],"product_tag":[3075,2565,2486,4601,4308,4600,4389,2599],"class_list":{"0":"post-14942","1":"product","2":"type-product","3":"status-publish","4":"has-post-thumbnail","6":"product_brand-staviori","7":"product_cat-naszyjniki","8":"product_cat-zlote-naszyjniki","9":"product_cat-zloto-2","10":"product_tag-bizuteria-religijna","11":"product_tag-delikatna-bizuteria","12":"product_tag-krzyzyk","13":"product_tag-naszyjnik-z-krzyzem","14":"product_tag-naszyjnik-zloty","15":"product_tag-nzx4343","16":"product_tag-prezent-religijny","17":"product_tag-zolte-zloto-585","18":"pa_dostawca-iza","19":"pa_kolor-zolte","20":"pa_kruszec-zloto","21":"pa_motyw-krzyzyk","22":"pa_proba-0-585","23":"pa_szerokosc-0-6mm","24":"pa_waga-084g","25":"pa_wymiary-20-7x12mm","27":"first","28":"onbackorder","29":"purchasable","30":"product-type-simple"},"aioseo_notices":[],"_links":{"self":[{"href":"https:\/\/staviori.com.pl\/cs\/wp-json\/wp\/v2\/product\/14942","targetHints":{"allow":["GET"]}}],"collection":[{"href":"https:\/\/staviori.com.pl\/cs\/wp-json\/wp\/v2\/product"}],"about":[{"href":"https:\/\/staviori.com.pl\/cs\/wp-json\/wp\/v2\/types\/product"}],"replies":[{"embeddable":true,"href":"https:\/\/staviori.com.pl\/cs\/wp-json\/wp\/v2\/comments?post=14942"}],"wp:featuredmedia":[{"embeddable":true,"href":"https:\/\/staviori.com.pl\/cs\/wp-json\/wp\/v2\/media\/19137"}],"wp:attachment":[{"href":"https:\/\/staviori.com.pl\/cs\/wp-json\/wp\/v2\/media?parent=14942"}],"wp:term":[{"taxonomy":"product_brand","embeddable":true,"href":"https:\/\/staviori.com.pl\/cs\/wp-json\/wp\/v2\/product_brand?post=14942"},{"taxonomy":"product_cat","embeddable":true,"href":"https:\/\/staviori.com.pl\/cs\/wp-json\/wp\/v2\/product_cat?post=14942"},{"taxonomy":"product_tag","embeddable":true,"href":"https:\/\/staviori.com.pl\/cs\/wp-json\/wp\/v2\/product_tag?post=14942"}],"curies":[{"name":"wp","href":"https:\/\/api.w.org\/{rel}","templated":true}]}}