{"id":14941,"date":"2025-02-24T22:47:28","date_gmt":"2025-02-24T21:47:28","guid":{"rendered":"https:\/\/staviori.com.pl\/product\/zloty-lancuszek-nzx1000\/"},"modified":"2026-02-11T00:08:59","modified_gmt":"2026-02-10T23:08:59","slug":"zloty-lancuszek-nzx1000","status":"publish","type":"product","link":"https:\/\/staviori.com.pl\/cs\/product\/zloty-lancuszek-nzx1000\/","title":{"rendered":"Zlat\u00fd jemn\u00fd \u0159et\u00edzek s nastavitelnou d\u00e9lkou 40\/43 cm"},"content":{"rendered":"<p>Model: NZX1000<br \/>\nHmotnost p\u0159ibli\u017en\u011b 0,40 g<\/p>\n<p>N\u00e1hrdeln\u00edk.<br \/>\n\u017dlut\u00e9 zlato 0,585.<br \/>\nMo\u017cliwo\u015b\u0107 regulacji d\u0142ugo\u015bci 40cm lub 43cm.<br \/>\nSzeroko\u015b\u0107 1 mm.<\/p>\n<p>\u0158et\u00edzek \/ n\u00e1hrdeln\u00edk - jemn\u00fd jako mlha - kter\u00fd lze nosit samostatn\u011b nebo k n\u011bmu p\u0159i\u0159adit n\u011bjak\u00fd jemn\u00fd p\u0159\u00edv\u011bsek.<\/p>","protected":false},"excerpt":{"rendered":"<p>Wyj\u0105tkowo delikatny naszyjnik z \u017c\u00f3\u0142tego z\u0142ota pr\u00f3by 0,585, zachwyca subtelno\u015bci\u0105 i klasycznym pi\u0119knem. Cienki \u0142a\u0144cuszek o szeroko\u015bci 1 mm prezentuje si\u0119 lekko niczym mgie\u0142ka, idealnie podkre\u015blaj\u0105c dekolt. Mo\u017cna go nosi\u0107 solo lub po\u0142\u0105czy\u0107 z ulubion\u0105, drobn\u0105 zawieszk\u0105, tworz\u0105c w\u0142asn\u0105, unikaln\u0105 kompozycj\u0119. Doskona\u0142y wyb\u00f3r dla mi\u0142o\u015bniczek minimalistycznej bi\u017cuterii i elegancji na co dzie\u0144.<\/p>","protected":false},"featured_media":4013,"comment_status":"closed","ping_status":"closed","template":"","meta":{"om_disable_all_campaigns":false},"product_brand":[2284],"product_cat":[690,1930,2072],"product_tag":[3720,4341,4340,3710,3807,2464,2378,4079,3806,2522],"class_list":{"0":"post-14941","1":"product","2":"type-product","3":"status-publish","4":"has-post-thumbnail","6":"product_brand-staviori","7":"product_cat-lancuszki","8":"product_cat-zloto-2","9":"product_cat-zloty-lancuszek","10":"product_tag-bizuteria","11":"product_tag-codzienny","12":"product_tag-delikatny","13":"product_tag-elegancja","14":"product_tag-lancuszek","15":"product_tag-minimalistyczny","16":"product_tag-naszyjnik","17":"product_tag-subtelny","18":"product_tag-zloto","19":"product_tag-zolte-zloto","20":"pa_dostawca-denise","21":"pa_kolor-zolte","22":"pa_kruszec-zloto","23":"pa_proba-0-585","24":"pa_szerokosc-1mm","25":"pa_waga-040g","27":"first","28":"instock","29":"purchasable","30":"product-type-simple"},"aioseo_notices":[],"_links":{"self":[{"href":"https:\/\/staviori.com.pl\/cs\/wp-json\/wp\/v2\/product\/14941","targetHints":{"allow":["GET"]}}],"collection":[{"href":"https:\/\/staviori.com.pl\/cs\/wp-json\/wp\/v2\/product"}],"about":[{"href":"https:\/\/staviori.com.pl\/cs\/wp-json\/wp\/v2\/types\/product"}],"replies":[{"embeddable":true,"href":"https:\/\/staviori.com.pl\/cs\/wp-json\/wp\/v2\/comments?post=14941"}],"wp:featuredmedia":[{"embeddable":true,"href":"https:\/\/staviori.com.pl\/cs\/wp-json\/wp\/v2\/media\/4013"}],"wp:attachment":[{"href":"https:\/\/staviori.com.pl\/cs\/wp-json\/wp\/v2\/media?parent=14941"}],"wp:term":[{"taxonomy":"product_brand","embeddable":true,"href":"https:\/\/staviori.com.pl\/cs\/wp-json\/wp\/v2\/product_brand?post=14941"},{"taxonomy":"product_cat","embeddable":true,"href":"https:\/\/staviori.com.pl\/cs\/wp-json\/wp\/v2\/product_cat?post=14941"},{"taxonomy":"product_tag","embeddable":true,"href":"https:\/\/staviori.com.pl\/cs\/wp-json\/wp\/v2\/product_tag?post=14941"}],"curies":[{"name":"wp","href":"https:\/\/api.w.org\/{rel}","templated":true}]}}