{"id":14933,"date":"2025-02-24T22:47:28","date_gmt":"2025-02-24T21:47:28","guid":{"rendered":"https:\/\/staviori.com.pl\/product\/perly-ze-zlotem-nzn6319\/"},"modified":"2026-04-09T13:00:32","modified_gmt":"2026-04-09T11:00:32","slug":"perly-ze-zlotem-nzn6319","status":"publish","type":"product","link":"https:\/\/staviori.com.pl\/cs\/product\/perly-ze-zlotem-nzn6319\/","title":{"rendered":"P\u0159\u00edrodn\u00ed sladkovodn\u00ed perly 8-9 mm se zlatem"},"content":{"rendered":"<p>Model: NZN6319<br \/>\nWaga ok. 45g<\/p>\n<p>N\u00e1hrdeln\u00edk 45 cm.<br \/>\n\u017dlut\u00e9 zlato 0,585.<br \/>\nP\u0159\u00edrodn\u00ed sladkovodn\u00ed kultivovan\u00e9 perly.<br \/>\nKvalita A - b\u00edl\u00e1<br \/>\nPr\u016fm\u011br perel 8-9 mm.<\/p>\n<p>Per\u0142y od zawsze symbolizuj\u0105 szcz\u0119\u015bcie ma\u0142\u017ce\u0144skie i niezachwian\u0105 wiar\u0119. Ich ponadczasowe pi\u0119kno stanowi idealne uzupe\u0142nienie klasycznej bi\u017cuterii. Wzory z per\u0142ami to doskona\u0142y pomys\u0142 na wyj\u0105tkowy prezent dla bliskiej osoby.<br \/>\nNaszyjnik zdobiony hodowlanymi per\u0142ami o \u015brednicy 8-9 mm.<br \/>\nModel wzbogacony z\u0142otymi elementami o pr\u00f3bie 0,585, kt\u00f3re dodaj\u0105 mu elegancji i presti\u017cu.<br \/>\nCa\u0142kowita d\u0142ugo\u015b\u0107 naszyjnika wynosi 45 cm, idealna do noszenia na co dzie\u0144 i na specjalne okazje.<\/p>\n<p>W przypadku braku na magazynie &#8211; produkt mo\u017cemy zrobi\u0107 na zam\u00f3wienie.<\/p>","protected":false},"excerpt":{"rendered":"<p>Elegancki naszyjnik z naturalnych pere\u0142 s\u0142odkowodnych to klasyka w najlepszym wydaniu. Pi\u0119kne, bia\u0142e per\u0142y o \u015brednicy 8\u20139 mm subtelnie mieni\u0105 si\u0119 w \u015bwietle, nadaj\u0105c ca\u0142o\u015bci luksusowego charakteru. Zapi\u0119cie oraz detale z \u017c\u00f3\u0142tego z\u0142ota pr\u00f3by 0,585 harmonijnie dope\u0142niaj\u0105 kompozycj\u0119, czyni\u0105c naszyjnik idealnym wyborem zar\u00f3wno na co dzie\u0144, jak i na wyj\u0105tkowe okazje. To ponadczasowy dodatek, kt\u00f3ry podkre\u015bli kobiec\u0105 elegancj\u0119 i dobry gust.<\/p>","protected":false},"featured_media":14934,"comment_status":"closed","ping_status":"closed","template":"","meta":{"om_disable_all_campaigns":false},"product_brand":[2284,2350],"product_cat":[1393,1976,1930],"product_tag":[3636,4177,2603,4608,4609,4605,2647,4607,2580,4606],"class_list":{"0":"post-14933","1":"product","2":"type-product","3":"status-publish","4":"has-post-thumbnail","6":"product_brand-staviori","7":"product_brand-verona","8":"product_cat-perly","9":"product_cat-perly-ze-zlotem","10":"product_cat-zloto-2","11":"product_tag-bizuteria-z-zoltego-zlota","12":"product_tag-elegancki-naszyjnik","13":"product_tag-klasyczna-bizuteria","14":"product_tag-naszyjnik-z-perlami","15":"product_tag-naszyjnik-zloto-0-585","16":"product_tag-nzn6319","17":"product_tag-perly-biale","18":"product_tag-perly-hodowlane","19":"product_tag-prezent-dla-kobiety","20":"product_tag-psb8z01","21":"pa_kamien-naturalne-perly-hodowane-slodkowodne","22":"pa_kolor-zolte","23":"pa_kruszec-zloto","24":"pa_perly-jakosc-a-biale","25":"pa_proba-0-585","26":"pa_srednica-perel-8-9mm","27":"pa_waga-45g","29":"first","30":"instock","31":"purchasable","32":"product-type-simple"},"aioseo_notices":[],"_links":{"self":[{"href":"https:\/\/staviori.com.pl\/cs\/wp-json\/wp\/v2\/product\/14933","targetHints":{"allow":["GET"]}}],"collection":[{"href":"https:\/\/staviori.com.pl\/cs\/wp-json\/wp\/v2\/product"}],"about":[{"href":"https:\/\/staviori.com.pl\/cs\/wp-json\/wp\/v2\/types\/product"}],"replies":[{"embeddable":true,"href":"https:\/\/staviori.com.pl\/cs\/wp-json\/wp\/v2\/comments?post=14933"}],"wp:featuredmedia":[{"embeddable":true,"href":"https:\/\/staviori.com.pl\/cs\/wp-json\/wp\/v2\/media\/14934"}],"wp:attachment":[{"href":"https:\/\/staviori.com.pl\/cs\/wp-json\/wp\/v2\/media?parent=14933"}],"wp:term":[{"taxonomy":"product_brand","embeddable":true,"href":"https:\/\/staviori.com.pl\/cs\/wp-json\/wp\/v2\/product_brand?post=14933"},{"taxonomy":"product_cat","embeddable":true,"href":"https:\/\/staviori.com.pl\/cs\/wp-json\/wp\/v2\/product_cat?post=14933"},{"taxonomy":"product_tag","embeddable":true,"href":"https:\/\/staviori.com.pl\/cs\/wp-json\/wp\/v2\/product_tag?post=14933"}],"curies":[{"name":"wp","href":"https:\/\/api.w.org\/{rel}","templated":true}]}}