{"id":14924,"date":"2025-02-24T22:47:24","date_gmt":"2025-02-24T21:47:24","guid":{"rendered":"https:\/\/staviori.com.pl\/product\/naszyjnik-z-brylantami-nzd6000s\/"},"modified":"2026-02-11T00:08:59","modified_gmt":"2026-02-10T23:08:59","slug":"naszyjnik-z-brylantami-nzd6000s","status":"publish","type":"product","link":"https:\/\/staviori.com.pl\/cs\/product\/naszyjnik-z-brylantami-nzd6000s\/","title":{"rendered":"Exkluzivn\u00ed | n\u00e1hrdeln\u00edk se saf\u00edrem a diamanty ze \u017elut\u00e9ho 18kar\u00e1tov\u00e9ho zlata"},"content":{"rendered":"<p>Model: NZD6000S<br \/>\nHmotnost p\u0159ibli\u017en\u011b 1,50 g<\/p>\n<p>N\u00e1hrdeln\u00edk 42 cm.<br \/>\n\u017dlut\u00e9 zlato 0,750.<br \/>\n22 Diamenty, szlif brylantowy, o masie 0,06ct, barwa G, czysto\u015b\u0107 VS2-SI1.<br \/>\n1 Szafir, o masie 0,45ct.<br \/>\nD\u00e9lka 8 mm.<br \/>\n\u0160\u00ed\u0159ka 6 mm.<\/p>\n<p>Produkt je k dispozici pouze na vy\u017e\u00e1d\u00e1n\u00ed, doba dod\u00e1n\u00ed cca 2 t\u00fddny.<\/p>","protected":false},"excerpt":{"rendered":"<p>\u00da\u017easn\u00fd n\u00e1hrdeln\u00edk z 18kar\u00e1tov\u00e9ho \u017elut\u00e9ho zlata, jeho\u017e srdcem je tmav\u011b modr\u00fd saf\u00edr o hmotnosti 0,45 ct. K\u00e1men je obklopen jemn\u00fdm v\u011bncem 22 oslniv\u00fdch diamant\u016f, kter\u00e9 cel\u00e9 kompozici dod\u00e1vaj\u00ed jiskru a eleganci. Tento jemn\u00fd, ale nesm\u00edrn\u011b p\u016fsobiv\u00fd model vyza\u0159uje nad\u010dasovou t\u0159\u00eddu a jemnost. Ide\u00e1ln\u00ed volba pro \u017eeny, kter\u00e9 ocen\u00ed luxus v rafinovan\u00e9 podob\u011b.<\/p>","protected":false},"featured_media":3983,"comment_status":"closed","ping_status":"closed","template":"","meta":{"om_disable_all_campaigns":false},"product_brand":[2284],"product_cat":[1803,1838,2120,719],"product_tag":[2311,4177,4761,4308,2291,4153,4760],"class_list":{"0":"post-14924","1":"product","2":"type-product","3":"status-publish","4":"has-post-thumbnail","6":"product_brand-staviori","7":"product_cat-brylanty-exclusive","8":"product_cat-diamenty","9":"product_cat-naszyjnik-z-brylantami","10":"product_cat-naszyjniki","11":"product_tag-bizuteria-luksusowa","12":"product_tag-elegancki-naszyjnik","13":"product_tag-naszyjnik-z-zoltego-zlota","14":"product_tag-naszyjnik-zloty","15":"product_tag-prezent-dla-niej","16":"product_tag-szafir","17":"product_tag-szafir-i-diamenty","18":"pa_barwa-g-2","19":"pa_czystosc-vs2","20":"pa_dlugosc-8mm","21":"pa_dostawca-hosgor","22":"pa_kamien-diamenty","23":"pa_kamien-brylanty","24":"pa_kamien-szafir","25":"pa_kolor-zolte","26":"pa_kruszec-zloto","27":"pa_proba-0-750","28":"pa_rozmiar-42cm","29":"pa_szerokosc-6mm","30":"pa_waga-1-50g","32":"first","33":"onbackorder","34":"purchasable","35":"product-type-simple"},"aioseo_notices":[],"_links":{"self":[{"href":"https:\/\/staviori.com.pl\/cs\/wp-json\/wp\/v2\/product\/14924","targetHints":{"allow":["GET"]}}],"collection":[{"href":"https:\/\/staviori.com.pl\/cs\/wp-json\/wp\/v2\/product"}],"about":[{"href":"https:\/\/staviori.com.pl\/cs\/wp-json\/wp\/v2\/types\/product"}],"replies":[{"embeddable":true,"href":"https:\/\/staviori.com.pl\/cs\/wp-json\/wp\/v2\/comments?post=14924"}],"wp:featuredmedia":[{"embeddable":true,"href":"https:\/\/staviori.com.pl\/cs\/wp-json\/wp\/v2\/media\/3983"}],"wp:attachment":[{"href":"https:\/\/staviori.com.pl\/cs\/wp-json\/wp\/v2\/media?parent=14924"}],"wp:term":[{"taxonomy":"product_brand","embeddable":true,"href":"https:\/\/staviori.com.pl\/cs\/wp-json\/wp\/v2\/product_brand?post=14924"},{"taxonomy":"product_cat","embeddable":true,"href":"https:\/\/staviori.com.pl\/cs\/wp-json\/wp\/v2\/product_cat?post=14924"},{"taxonomy":"product_tag","embeddable":true,"href":"https:\/\/staviori.com.pl\/cs\/wp-json\/wp\/v2\/product_tag?post=14924"}],"curies":[{"name":"wp","href":"https:\/\/api.w.org\/{rel}","templated":true}]}}