{"id":14920,"date":"2025-02-24T22:47:24","date_gmt":"2025-02-24T21:47:24","guid":{"rendered":"https:\/\/staviori.com.pl\/product\/naszyjnik-z-brylantami-nzd4761\/"},"modified":"2026-02-11T00:08:58","modified_gmt":"2026-02-10T23:08:58","slug":"naszyjnik-z-brylantami-nzd4761","status":"publish","type":"product","link":"https:\/\/staviori.com.pl\/cs\/product\/naszyjnik-z-brylantami-nzd4761\/","title":{"rendered":"Jemn\u00fd diamantov\u00fd n\u00e1hrdeln\u00edk 40\/43cm zlato 585"},"content":{"rendered":"<p>Model: NZD4761<br \/>\nWaga ok. 0,62g<\/p>\n<p>Naszyjnik 43 cm.<br \/>\n\u017dlut\u00e9 zlato 0,585.<br \/>\n3 Diamenty, szlif achtkant, o masie 0,015ct, barwa H, czysto\u015b\u0107 I1-I2.<\/p>\n<p>\u0160\u00ed\u0159ka 5 mm.<\/p>\n<p>Mo\u017cliwo\u015b\u0107 regulacji d\u0142ugo\u015bci 40cm lub 43cm.<\/p>","protected":false},"excerpt":{"rendered":"<p>Uroczy naszyjnik wykonany z \u017c\u00f3\u0142tego z\u0142ota pr\u00f3by 0,585, ozdobiony trzema subtelnymi diamentami w szlifie achtkant o \u0142\u0105cznej masie 0,015 ct. Prosta, geometryczna forma sprawia, \u017ce naszyjnik doskonale wpisuje si\u0119 w nowoczesny minimalizm, podkre\u015blaj\u0105c szyk i delikatno\u015b\u0107. Regulowana d\u0142ugo\u015b\u0107 \u0142a\u0144cuszka zapewnia wygod\u0119 i idealne dopasowanie do dekoltu.<\/p>","protected":false},"featured_media":3945,"comment_status":"closed","ping_status":"closed","template":"","meta":{"om_disable_all_campaigns":false},"product_brand":[2284],"product_cat":[1838,2120,719],"product_tag":[3041,3933,4758,4804,2384,4288,4803,2580,2599],"class_list":{"0":"post-14920","1":"product","2":"type-product","3":"status-publish","4":"has-post-thumbnail","6":"product_brand-staviori","7":"product_cat-diamenty","8":"product_cat-naszyjnik-z-brylantami","9":"product_cat-naszyjniki","10":"product_tag-bizuteria-codzienna","11":"product_tag-delikatny-naszyjnik","12":"product_tag-diamenty-achtkant","13":"product_tag-elegancki-dodatek","14":"product_tag-minimalistyczna-bizuteria","15":"product_tag-naszyjnik-z-diamentami","16":"product_tag-nzd4761","17":"product_tag-prezent-dla-kobiety","18":"product_tag-zolte-zloto-585","19":"pa_barwa-h-2","20":"pa_czystosc-i1","21":"pa_dostawca-denise","22":"pa_kamien-diamenty","23":"pa_kolor-zolte","24":"pa_kruszec-zloto","25":"pa_proba-0-585","26":"pa_rozmiar-43cm","27":"pa_szerokosc-5mm","28":"pa_szlif-achtkant","29":"pa_waga-0-62g","31":"first","32":"instock","33":"purchasable","34":"product-type-simple"},"aioseo_notices":[],"_links":{"self":[{"href":"https:\/\/staviori.com.pl\/cs\/wp-json\/wp\/v2\/product\/14920","targetHints":{"allow":["GET"]}}],"collection":[{"href":"https:\/\/staviori.com.pl\/cs\/wp-json\/wp\/v2\/product"}],"about":[{"href":"https:\/\/staviori.com.pl\/cs\/wp-json\/wp\/v2\/types\/product"}],"replies":[{"embeddable":true,"href":"https:\/\/staviori.com.pl\/cs\/wp-json\/wp\/v2\/comments?post=14920"}],"wp:featuredmedia":[{"embeddable":true,"href":"https:\/\/staviori.com.pl\/cs\/wp-json\/wp\/v2\/media\/3945"}],"wp:attachment":[{"href":"https:\/\/staviori.com.pl\/cs\/wp-json\/wp\/v2\/media?parent=14920"}],"wp:term":[{"taxonomy":"product_brand","embeddable":true,"href":"https:\/\/staviori.com.pl\/cs\/wp-json\/wp\/v2\/product_brand?post=14920"},{"taxonomy":"product_cat","embeddable":true,"href":"https:\/\/staviori.com.pl\/cs\/wp-json\/wp\/v2\/product_cat?post=14920"},{"taxonomy":"product_tag","embeddable":true,"href":"https:\/\/staviori.com.pl\/cs\/wp-json\/wp\/v2\/product_tag?post=14920"}],"curies":[{"name":"wp","href":"https:\/\/api.w.org\/{rel}","templated":true}]}}